{"id":1081,"date":"2018-04-13T14:41:53","date_gmt":"2018-04-13T17:41:53","guid":{"rendered":"https:\/\/wp.ufpel.edu.br\/spaf\/?page_id=1081"},"modified":"2018-04-17T14:35:24","modified_gmt":"2018-04-17T17:35:24","slug":"2016-2","status":"publish","type":"page","link":"https:\/\/wp.ufpel.edu.br\/spaf\/dissertacoes-e-teses\/2016-2\/","title":{"rendered":"2016"},"content":{"rendered":"<p>&#8230;Em constru\u00e7\u00e3o. Em breve estar\u00e3o dispon\u00edveis as teses e disserta\u00e7\u00f5es referentes a este ano.<\/p>\n<p style=\"text-align: center\"><strong>Mestrado (Disserta\u00e7\u00f5es)<\/strong><\/p>\n<p><strong>CARINI, Fernanda<\/strong><\/p>\n<p><a href=\"http:\/\/repositorio.ufpel.edu.br\/bitstream\/prefix\/2976\/1\/final_dissertacao_carini.pdf\">Sistemas de cultivo sem solo para a cultura do tomateiro sob uma perspectiva de baixo impacto ambiental<\/a><\/p>\n<p>&nbsp;<\/p>\n<p><strong>TATTO, Francis Radael<\/strong><\/p>\n<p><a href=\"http:\/\/repositorio.ufpel.edu.br\/bitstream\/prefix\/3044\/1\/Disserta%c3%a7%c3%a3o_FRANCIS_RADAEL_TATTO.pdf\"> Caracteriza\u00e7\u00e3o de clones de cana-de-a\u00e7\u00facar (<em>Saccharum<\/em> spp) em Paranava\u00ed e Pelotas<\/a><\/p>\n<p>&nbsp;<\/p>\n<p>&nbsp;<\/p>\n<p style=\"text-align: center\"><strong>Doutorado (Teses)<\/strong><\/p>\n<p><strong> BALESTRA, M\u00f4nica Regina Gonzatti<\/strong><\/p>\n<p><a href=\"http:\/\/repositorio.ufpel.edu.br\/bitstream\/prefix\/3769\/1\/Tese%20M%c3%b4nica%20Balestra.pdf\">Efeitos da aquisi\u00e7\u00e3o de tratores agr\u00edcolas por meio do Pronaf Mais Alimentos na regi\u00e3o Central do Rio Grande do Sul \u2013 da economia \u00e0 seguran\u00e7a.<\/a><\/p>\n<p>&nbsp;<\/p>\n<p><strong>COSTA, Jakes Halan de Queiroz<\/strong><\/p>\n<p><a href=\"http:\/\/repositorio.ufpel.edu.br\/bitstream\/prefix\/3045\/1\/Tese%20Jakes%20Halan%20de%20Queiroz%20Costa.pdf\">Processos de coopera\u00e7\u00e3o em assentamentos rurais do Litoral Norte do estado de Alagoas<\/a><\/p>\n<p>&nbsp;<\/p>\n<p><strong>DUARTE, Gabriela da Silveira<\/strong><\/p>\n<p><a href=\"http:\/\/repositorio.ufpel.edu.br\/bitstream\/prefix\/3041\/1\/TESE_Gabriela%20Duarte.pdf\"> Produ\u00e7\u00e3o de trevo persa em fun\u00e7\u00e3o da \u00e9poca de semeadura e desfolha.<\/a><\/p>\n<p>&nbsp;<\/p>\n<p><strong>EICHOLZ, Marcel Diedrich<\/strong><\/p>\n<p><a href=\"http:\/\/repositorio.ufpel.edu.br\/bitstream\/prefix\/3042\/1\/Tese%20Marcel%20Eicholz%20UFPel%202016.pdf\">Caracteriza\u00e7\u00e3o agron\u00f4mica e fenol\u00f3gica de gen\u00f3tipos de tungue (<em>Aleurites fordii<\/em> Hemsl).<\/a><\/p>\n<p>&nbsp;<\/p>\n<p><strong>KUNDE, Roberta Jeske<\/strong><\/p>\n<p><a href=\"http:\/\/repositorio.ufpel.edu.br\/bitstream\/prefix\/3040\/1\/Tese%20Roberta%20Jeske%20Kunde.pdf\"> Qualidade do solo em sistemas de integra\u00e7\u00e3o lavourapecu\u00e1ria no Bioma Pampa.<\/a><\/p>\n<p>&nbsp;<\/p>\n<p><strong>MASSOCO, Daniel Biazus<\/strong><\/p>\n<p><a href=\"http:\/\/repositorio.ufpel.edu.br\/bitstream\/prefix\/3036\/1\/Tese%20Daniel%20Massoco.pdf\"> Inspe\u00e7\u00e3o de pulverizadores costais: situa\u00e7\u00e3o dos equipamentos utilizados pela agricultura familiar.<\/a><\/p>\n<p>&nbsp;<\/p>\n<p><strong>MARQUES, Gabriel Nachtigal<\/strong>l<\/p>\n<p><a href=\"http:\/\/repositorio.ufpel.edu.br\/bitstream\/prefix\/3043\/1\/GABRIEL%20N%20MARQUES%20Tese%20pdf%202016.pdf\">Substrato, combina\u00e7\u00e3o de cultivares e mudas de morangueiro produzidas em cultivo sem solo.<\/a><\/p>\n<p>&nbsp;<\/p>\n<p><strong>RIBEIRO, Louise Vargas<\/strong><\/p>\n<p><a href=\"http:\/\/repositorio.ufpel.edu.br\/bitstream\/prefix\/3037\/1\/disserta%c3%a7%c3%a3o%20final%20com%20ficha.pdf\">Contribui\u00e7\u00e3o ao estudo do extrato pirolenhoso no ambiente: ecotoxicologia, histopalogia e an\u00e1lise de par\u00e2metros esperm\u00e1ticos em <em>Eisenia andrei.<\/em><\/a><\/p>\n<p>&nbsp;<\/p>\n<p><strong>VILLELA, Alexandre Terracciano<\/strong><\/p>\n<p><a href=\"http:\/\/repositorio.ufpel.edu.br\/bitstream\/prefix\/3770\/1\/TESE%20Alexandre%20Terracciano%20Villela.pdf\">O Sistema de Unidades Demonstrativas de Feij\u00e3o &#8211; SUDF &#8211; como alternativa para o desenvolvimento da produ\u00e7\u00e3o de feij\u00e3o no Rio Grande do Sul<\/a><\/p>\n<p>&nbsp;<\/p>\n","protected":false},"excerpt":{"rendered":"<p>&#8230;Em constru\u00e7\u00e3o. Em breve estar\u00e3o dispon\u00edveis as teses e disserta\u00e7\u00f5es referentes a este ano. Mestrado (Disserta\u00e7\u00f5es) CARINI, Fernanda Sistemas de cultivo sem solo para a cultura do tomateiro sob uma perspectiva de baixo impacto ambiental &nbsp; TATTO, Francis Radael Caracteriza\u00e7\u00e3o de clones de cana-de-a\u00e7\u00facar (Saccharum spp) em Paranava\u00ed e Pelotas &nbsp; &nbsp; Doutorado (Teses) BALESTRA, [&hellip;]<\/p>\n","protected":false},"author":530,"featured_media":0,"parent":55,"menu_order":0,"comment_status":"closed","ping_status":"closed","template":"","meta":{"jetpack_post_was_ever_published":false,"footnotes":""},"class_list":["post-1081","page","type-page","status-publish","hentry"],"jetpack_shortlink":"https:\/\/wp.me\/P7gUJD-hr","jetpack-related-posts":[],"jetpack_sharing_enabled":true,"_links":{"self":[{"href":"https:\/\/wp.ufpel.edu.br\/spaf\/wp-json\/wp\/v2\/pages\/1081","targetHints":{"allow":["GET"]}}],"collection":[{"href":"https:\/\/wp.ufpel.edu.br\/spaf\/wp-json\/wp\/v2\/pages"}],"about":[{"href":"https:\/\/wp.ufpel.edu.br\/spaf\/wp-json\/wp\/v2\/types\/page"}],"author":[{"embeddable":true,"href":"https:\/\/wp.ufpel.edu.br\/spaf\/wp-json\/wp\/v2\/users\/530"}],"replies":[{"embeddable":true,"href":"https:\/\/wp.ufpel.edu.br\/spaf\/wp-json\/wp\/v2\/comments?post=1081"}],"version-history":[{"count":7,"href":"https:\/\/wp.ufpel.edu.br\/spaf\/wp-json\/wp\/v2\/pages\/1081\/revisions"}],"predecessor-version":[{"id":1158,"href":"https:\/\/wp.ufpel.edu.br\/spaf\/wp-json\/wp\/v2\/pages\/1081\/revisions\/1158"}],"up":[{"embeddable":true,"href":"https:\/\/wp.ufpel.edu.br\/spaf\/wp-json\/wp\/v2\/pages\/55"}],"wp:attachment":[{"href":"https:\/\/wp.ufpel.edu.br\/spaf\/wp-json\/wp\/v2\/media?parent=1081"}],"curies":[{"name":"wp","href":"https:\/\/api.w.org\/{rel}","templated":true}]}}