{"id":108,"date":"2015-09-14T10:48:03","date_gmt":"2015-09-14T13:48:03","guid":{"rendered":"https:\/\/wp.ufpel.edu.br\/spaf\/?page_id=108"},"modified":"2017-06-26T16:16:40","modified_gmt":"2017-06-26T19:16:40","slug":"flavio-sacco-dos-anjos","status":"publish","type":"page","link":"https:\/\/wp.ufpel.edu.br\/spaf\/docentes\/flavio-sacco-dos-anjos\/","title":{"rendered":"Flavio Sacco dos Anjos"},"content":{"rendered":"<p style=\"text-align: right\"><a href=\"http:\/\/lattes.cnpq.br\/7107393939694701\"><img data-recalc-dims=\"1\" data-attachment-id=\"88\" data-permalink=\"https:\/\/wp.ufpel.edu.br\/spaf\/docentes\/ana-claudia-rodrigues-de-lima\/download\/\" data-orig-file=\"https:\/\/i0.wp.com\/wp.ufpel.edu.br\/spaf\/files\/2015\/09\/download.jpg?fit=175%2C72&amp;ssl=1\" data-orig-size=\"175,72\" data-comments-opened=\"0\" data-image-meta=\"{&quot;aperture&quot;:&quot;0&quot;,&quot;credit&quot;:&quot;&quot;,&quot;camera&quot;:&quot;&quot;,&quot;caption&quot;:&quot;&quot;,&quot;created_timestamp&quot;:&quot;0&quot;,&quot;copyright&quot;:&quot;&quot;,&quot;focal_length&quot;:&quot;0&quot;,&quot;iso&quot;:&quot;0&quot;,&quot;shutter_speed&quot;:&quot;0&quot;,&quot;title&quot;:&quot;&quot;,&quot;orientation&quot;:&quot;0&quot;}\" data-image-title=\"download\" data-image-description=\"\" data-image-caption=\"\" data-medium-file=\"https:\/\/i0.wp.com\/wp.ufpel.edu.br\/spaf\/files\/2015\/09\/download.jpg?fit=175%2C72&amp;ssl=1\" data-large-file=\"https:\/\/i0.wp.com\/wp.ufpel.edu.br\/spaf\/files\/2015\/09\/download.jpg?fit=175%2C72&amp;ssl=1\" class=\"size-full wp-image-88 alignright\" src=\"https:\/\/i0.wp.com\/wp.ufpel.edu.br\/spaf\/files\/2015\/09\/download.jpg?resize=175%2C72&#038;ssl=1\" alt=\"download\" width=\"175\" height=\"72\" \/><\/a><\/p>\n<p><span style=\"font-family: georgia, palatino, serif;font-size: 12pt\">Doutorado em Agroecolog\u00eda Sociolog\u00eda y Estudios Campesinos, 2000<\/span><br \/>\n<span style=\"font-family: georgia, palatino, serif;font-size: 12pt\"> Universidad de Cordoba, UC*, Cordoba, Espanha<\/span><\/p>\n<p><span style=\"font-family: georgia, palatino, serif;font-size: 12pt\"><b>T\u00edtulo da Tese<\/b>:<\/span><br \/>\n<span style=\"font-family: georgia, palatino, serif;font-size: 12pt\"> Agricultura Familiar, Pluriactividad y Desarrollo Rural en el Sur de Brasil<\/span><\/p>\n<div class=\"docente\"><span style=\"font-family: georgia, palatino, serif;font-size: 12pt\">Professor\u00a0permanente<\/span><br \/>\n<span style=\"font-family: georgia, palatino, serif;font-size: 12pt\"> Unidade: FAEM\/Ci\u00eancias Sociais Agr\u00e1rias<\/span><br \/>\n<span style=\"font-family: georgia, palatino, serif;font-size: 12pt\"> Linha de pesquisa: Agricultura e Desenvolvimento Rural Sustent\u00e1vel<\/span><br \/>\n<span style=\"font-family: georgia, palatino, serif;font-size: 12pt\"> E-mail: <a href=\"mailto:flaviosa@ufpel.edu.br\">flaviosa@ufpel.edu.br<\/a><\/span><\/div>\n<p><span style=\"font-family: georgia, palatino, serif;font-size: 12pt\"><b>Disciplinas ministradas<\/b>:<\/span><\/p>\n<ul>\n<li><span style=\"font-family: georgia, palatino, serif;font-size: 12pt\"><a class=\"link\" href=\"https:\/\/wp.ufpel.edu.br\/spaf\/disciplinas\/sociologia-e-desenvolvimento-rural\/\">Sociologia e Desenvolvimento Rural<\/a><\/span><\/li>\n<li><span style=\"font-family: georgia, palatino, serif;font-size: 12pt\"><a class=\"link\" href=\"https:\/\/wp.ufpel.edu.br\/spaf\/disciplinas\/dinamica-da-agricultura\/\">Din\u00e2mica da Agricultura Familiar e do Mundo Rural<\/a><\/span><\/li>\n<li><span style=\"font-family: georgia, palatino, serif;font-size: 12pt\"><a class=\"link\" href=\"https:\/\/wp.ufpel.edu.br\/spaf\/disciplinas\/tecnicas-de-pesquisa-social-na-agricultura\/\">T\u00e9cnicas de Pesquisa Social na Agricultura<\/a><\/span><\/li>\n<\/ul>\n<p>&nbsp;<\/p>\n","protected":false},"excerpt":{"rendered":"<p>Doutorado em Agroecolog\u00eda Sociolog\u00eda y Estudios Campesinos, 2000 Universidad de Cordoba, UC*, Cordoba, Espanha T\u00edtulo da Tese: Agricultura Familiar, Pluriactividad y Desarrollo Rural en el Sur de Brasil Professor\u00a0permanente Unidade: FAEM\/Ci\u00eancias Sociais Agr\u00e1rias Linha de pesquisa: Agricultura e Desenvolvimento Rural Sustent\u00e1vel E-mail: flaviosa@ufpel.edu.br Disciplinas ministradas: Sociologia e Desenvolvimento Rural Din\u00e2mica da Agricultura Familiar e do [&hellip;]<\/p>\n","protected":false},"author":530,"featured_media":0,"parent":8,"menu_order":0,"comment_status":"closed","ping_status":"closed","template":"","meta":{"jetpack_post_was_ever_published":false,"footnotes":""},"class_list":["post-108","page","type-page","status-publish","hentry"],"jetpack_shortlink":"https:\/\/wp.me\/P7gUJD-1K","jetpack-related-posts":[],"jetpack_sharing_enabled":true,"_links":{"self":[{"href":"https:\/\/wp.ufpel.edu.br\/spaf\/wp-json\/wp\/v2\/pages\/108","targetHints":{"allow":["GET"]}}],"collection":[{"href":"https:\/\/wp.ufpel.edu.br\/spaf\/wp-json\/wp\/v2\/pages"}],"about":[{"href":"https:\/\/wp.ufpel.edu.br\/spaf\/wp-json\/wp\/v2\/types\/page"}],"author":[{"embeddable":true,"href":"https:\/\/wp.ufpel.edu.br\/spaf\/wp-json\/wp\/v2\/users\/530"}],"replies":[{"embeddable":true,"href":"https:\/\/wp.ufpel.edu.br\/spaf\/wp-json\/wp\/v2\/comments?post=108"}],"version-history":[{"count":5,"href":"https:\/\/wp.ufpel.edu.br\/spaf\/wp-json\/wp\/v2\/pages\/108\/revisions"}],"predecessor-version":[{"id":806,"href":"https:\/\/wp.ufpel.edu.br\/spaf\/wp-json\/wp\/v2\/pages\/108\/revisions\/806"}],"up":[{"embeddable":true,"href":"https:\/\/wp.ufpel.edu.br\/spaf\/wp-json\/wp\/v2\/pages\/8"}],"wp:attachment":[{"href":"https:\/\/wp.ufpel.edu.br\/spaf\/wp-json\/wp\/v2\/media?parent=108"}],"curies":[{"name":"wp","href":"https:\/\/api.w.org\/{rel}","templated":true}]}}