{"id":1078,"date":"2018-04-13T14:41:22","date_gmt":"2018-04-13T17:41:22","guid":{"rendered":"https:\/\/wp.ufpel.edu.br\/spaf\/?page_id=1078"},"modified":"2018-04-17T14:50:28","modified_gmt":"2018-04-17T17:50:28","slug":"2015-2","status":"publish","type":"page","link":"https:\/\/wp.ufpel.edu.br\/spaf\/dissertacoes-e-teses\/2015-2\/","title":{"rendered":"2015"},"content":{"rendered":"<p>&#8230;Em constru\u00e7\u00e3o. Em breve estar\u00e3o dispon\u00edveis as teses e disserta\u00e7\u00f5es referentes a este ano.<\/p>\n<p style=\"text-align: center\"><strong>Mestrado (Disserta\u00e7\u00f5es)<\/strong><\/p>\n<p>BERNARDI, Alcione<\/p>\n<p><a href=\"http:\/\/repositorio.ufpel.edu.br\/bitstream\/prefix\/2981\/1\/20151030%20Disserta%c3%a7%c3%a3o%20Final%20Alcione.pdf\">Mecaniza\u00e7\u00e3o no cultivo de arroz irrigado em assentamentos de reforma agr\u00e1ria do n\u00facleo operacional de S\u00e3o Gabriel<\/a><\/p>\n<p>&nbsp;<\/p>\n<p>BILHARVA, Maur\u00edcio Gon\u00e7alves<\/p>\n<p><a href=\"http:\/\/repositorio.ufpel.edu.br\/bitstream\/prefix\/2974\/1\/Disserta%c3%a7%c3%a3o.pdf\">Ecofisiologia da produ\u00e7\u00e3o de azev\u00e9m anual (BRS Esta\u00e7\u00f5es) sob diferentes freq\u00fc\u00eancias de desfolha<\/a><\/p>\n<p>&nbsp;<\/p>\n<p>CARVALHO, Juliana dos Santos<\/p>\n<p><a href=\"http:\/\/repositorio.ufpel.edu.br\/bitstream\/prefix\/2979\/1\/Disserta%c3%a7%c3%a3o%20Juliana%20dos%20Santos%20Carvalho.pdf\">Atributos da qualidade de um Planossolo em sistemas de Integra\u00e7\u00e3o Lavoura-Pecu\u00e1ria no Bioma Pampa.<\/a><\/p>\n<p>&nbsp;<\/p>\n<p>CUST\u00d3DIO, Tiago Vega<\/p>\n<p><a href=\"http:\/\/repositorio.ufpel.edu.br\/bitstream\/prefix\/2984\/1\/DISSERTA%c3%87%c3%83O%20CUST%c3%93DIO%2c%20Tiago%20Vega.pdf\">Encanteirador-depositor de fertilizantes mineral e org\u00e2nico para tratores de baixa pot\u00eancia: Projeto informacional e conceitual<\/a><\/p>\n<p>&nbsp;<\/p>\n<p>FETTER, Mariana da Rosa<\/p>\n<p><a href=\"http:\/\/repositorio.ufpel.edu.br\/bitstream\/prefix\/2986\/1\/Disserta%c3%a7%c3%a3o%20Mariana%20da%20Rosa%20Fetter.pdf\"> Caracter\u00edsticas morfofisiol\u00f3gicas de feij\u00e3o-mi\u00fado sob diferentes densidades de semeadura e intensidade de desfolha<\/a><\/p>\n<p>&nbsp;<\/p>\n<p>JOB, Ricardo Batista<\/p>\n<p><a href=\"http:\/\/repositorio.ufpel.edu.br\/bitstream\/prefix\/2985\/1\/Disserta%c3%a7%c3%a3o_Ricardo_2015.pdf\"> Utiliza\u00e7\u00e3o de agrominerais no recobrimento de sementes de feij\u00e3o mi\u00fado<\/a><\/p>\n<p>&nbsp;<\/p>\n<p>MEDEIROS, Camila Heidrich<\/p>\n<p><a href=\"http:\/\/repositorio.ufpel.edu.br\/bitstream\/prefix\/2977\/1\/Disserta%c3%a7%c3%a3o%20-%20Camila%20Heidrich%20Medeiros.pdf\"> Altera\u00e7\u00f5es bioqu\u00edmicas e fisiol\u00f3gicas em couve submetidas \u00e0 aplica\u00e7\u00e3o de \u00f3leos essenciais e h\u00famus de minhoca<\/a><\/p>\n<p>&nbsp;<\/p>\n<p>PAULA, Betania Vahl de<\/p>\n<p><a href=\"http:\/\/repositorio.ufpel.edu.br\/bitstream\/prefix\/2983\/1\/Disserta%c3%a7%c3%a3o%20Final%20pdf.pdf\">Avalia\u00e7\u00e3o da qualidade do solo sob cultivo de p\u00eassego em agrossistemas familiares no Territ\u00f3rio Zona Sul &#8211; RS<\/a><\/p>\n<p>&nbsp;<\/p>\n<p>RUGERI, Alencar Paulo<\/p>\n<p><a href=\"http:\/\/repositorio.ufpel.edu.br\/bitstream\/prefix\/2972\/1\/Disserta%c3%a7%c3%a3o%20Alencar%20Paulo%20Rugeri.pdf\">Identifica\u00e7\u00e3o do uso e desempenho de gen\u00f3tipos de cana-de-a\u00e7\u00facar no Estado do Rio Grande do Sul<\/a><\/p>\n<p>&nbsp;<\/p>\n<p>SIGNORINI, Chaiane Borges<\/p>\n<p><a href=\"http:\/\/repositorio.ufpel.edu.br\/bitstream\/prefix\/2978\/1\/Disserta%c3%a7%c3%a3o%20Chaiane%20Signorini.pdf\"> Potencial de <em>Tagetes minuta<\/em> (Asteraceae) para o manejo de <em>Ascia monuste orseis<\/em> (Lepidoptera: Pieridae) em cultivos org\u00e2nicos de br\u00e1ssicas no munic\u00edpio de Pelotas, RS, Brasil<\/a><\/p>\n<p>&nbsp;<\/p>\n<p>ST\u00d6CKER, Cristiane Mariliz<\/p>\n<p><a href=\"http:\/\/repositorio.ufpel.edu.br\/bitstream\/prefix\/2982\/1\/Disserta%c3%a7%c3%a3o_Cristiane%20St%c3%b6cker.pdf\">\u00a0Qualidade do solo em \u00e1reas sob cultivo de videira em propriedades agr\u00edcolas familiares no munic\u00edpio de Pelotas &#8211; RS<\/a><\/p>\n<p>&nbsp;<\/p>\n<p>&nbsp;<\/p>\n<p style=\"text-align: center\"><strong>Doutorado (Teses)<\/strong><\/p>\n<p>AMARAL, Tales Ant\u00f4nio<\/p>\n<p><a href=\"http:\/\/repositorio.ufpel.edu.br\/bitstream\/prefix\/3007\/1\/Tese_Tales_Vers%c3%a3o_Final_12-05-2015.pdf\"> Desempenho de gen\u00f3tipos de milho utilizados pela agricultura familiar no Territ\u00f3rio Zona Sul do RS: o modelo CERES-Maize no aux\u00edlio \u00e0 tomada de decis\u00f5es<\/a><\/p>\n<p>&nbsp;<\/p>\n<p>ANDERSSON,\u00a0Fabiana da Silva<\/p>\n<p><a href=\"http:\/\/repositorio.ufpel.edu.br\/bitstream\/prefix\/2993\/1\/Tese%20Fabiana%20Andersson.pdf\">Processos de empoderamento e a agroecologia: valorizando o trabalho das mulheres rurais?<\/a><\/p>\n<p>&nbsp;<\/p>\n<p>ANDERSSON,\u00a0\u00a0Norberto Luiz Marques<\/p>\n<p><a href=\"http:\/\/repositorio.ufpel.edu.br\/bitstream\/prefix\/3005\/1\/Tese%20Norberto%20Andersson.pdf\"> Agroindustrializa\u00e7\u00e3o no Munic\u00edpio de S\u00e3o Louren\u00e7o do Sul\/RS: Diagn\u00f3stico, problemas e solu\u00e7\u00f5es<\/a><\/p>\n<p>&nbsp;<\/p>\n<p>ARAUJO, Vanessa Fernandes<\/p>\n<p><a href=\"http:\/\/repositorio.ufpel.edu.br\/bitstream\/prefix\/2987\/1\/Tese%20Vanessa%20Araujo.pdf\">Aduba\u00e7\u00e3o do solo e foliar a base de co-produtos de xisto em sistema de sucess\u00e3o com hortali\u00e7as<\/a><\/p>\n<p>&nbsp;<\/p>\n<p>AVILA, Dante Trindade de<\/p>\n<p><a href=\"http:\/\/repositorio.ufpel.edu.br\/bitstream\/prefix\/2996\/1\/TESE%20Dante%20Trindade%20de%20%c3%81vila.pdf\"> Contribui\u00e7\u00f5es do Programa Nacional de Produ\u00e7\u00e3o e Uso do Biodiesel sob a \u00f3tica das cooperativas de agricultores familiares do noroeste do Rio Grande do Sul<\/a><\/p>\n<p>&nbsp;<\/p>\n<p>DECKER, S\u00e9rgio Renato Ferreira<\/p>\n<p><a href=\"http:\/\/repositorio.ufpel.edu.br\/bitstream\/prefix\/3003\/1\/TESE%20-%20SISTEMA%20MULTICRIT%c3%89RIO%20%5bS%c3%89RGIO%20DECKER%5d%20%5bAGO%202015%5d.pdf\">Sistema Multicrit\u00e9rio de Avalia\u00e7\u00e3o do Desempenho de Produtores Familiares Integrados na Cadeia Produtiva de Avicultura de Corte da Regi\u00e3o Sul do RS<\/a><\/p>\n<p>&nbsp;<\/p>\n<p>MORALES, Cinara Fernanda Garcia<\/p>\n<p><a href=\"http:\/\/repositorio.ufpel.edu.br\/bitstream\/prefix\/2989\/1\/Tese%20Cinara%20Fernanda%20Garcia%20Morales.pdf\"> Avalia\u00e7\u00e3o do desempenho agron\u00f4mico e culin\u00e1rio de gen\u00f3tipos de mandioca (Manihot esculenta Crantz) em Pelotas, RS e Cruz das Almas, BA<\/a><\/p>\n<p>&nbsp;<\/p>\n<p>NOGUEIRA, C\u00e9sar Augusto Azevedo<\/p>\n<p><a href=\"http:\/\/repositorio.ufpel.edu.br\/bitstream\/prefix\/2988\/1\/TESE%20NOGUEIRA%2c%20C%c3%a9sar%20Augusto%20Azevedo.pdf\">Transfer\u00eancia Tecnol\u00f3gica: Um Modelo de Refer\u00eancia para M\u00e1quinas e Equipamentos Agr\u00edcolas Projetados no \u00c2mbito Acad\u00eamico<\/a><\/p>\n<p>&nbsp;<\/p>\n<p>OLANDA, Rosemeri Berguenmaier<\/p>\n<p><a href=\"http:\/\/repositorio.ufpel.edu.br\/bitstream\/prefix\/3038\/1\/ROSEMERI%20OLANDA.pdf\"> Fam\u00edlias guardi\u00e3s de sementes crioulas: a tradi\u00e7\u00e3o contribuindo para a agrobiodiversidade<\/a><\/p>\n<p>&nbsp;<\/p>\n<p>OLIVEIRA, R\u00e9rinton Joab\u00e9l Pires de<\/p>\n<p><a href=\"http:\/\/repositorio.ufpel.edu.br\/bitstream\/prefix\/2997\/1\/Tese%20Rerinton3.pdf\">Fenologia, manejo e desempenho agron\u00f4mico de gen\u00f3tipos de pinh\u00e3o-manso em Pelotas-RS<\/a><\/p>\n<p>&nbsp;<\/p>\n<p>PANIAGO JUNIOR, Euter<\/p>\n<p><a href=\"http:\/\/repositorio.ufpel.edu.br\/bitstream\/prefix\/3006\/1\/Euter%20Paniago%20Junior.pdf\"> Estudo sobre a din\u00e2mica da assist\u00eancia t\u00e9cnica e extens\u00e3o rural em assentamentos rurais do munic\u00edpio de Jata\u00ed, GO<\/a><\/p>\n<p>&nbsp;<\/p>\n<p>PORTELA, Isabelita Pereira<\/p>\n<p><a href=\"http:\/\/repositorio.ufpel.edu.br\/bitstream\/prefix\/3039\/1\/TESE%20ISABELITA%20PORTELA.pdf\"> Sistemas de cultivo sem solo com solu\u00e7\u00e3o nutritiva recirculante e cultivares de morangueiro<\/a><\/p>\n<p>&nbsp;<\/p>\n<p>ROCHA, Jo\u00e3o Henrique<\/p>\n<p><a href=\"http:\/\/repositorio.ufpel.edu.br\/bitstream\/prefix\/3002\/1\/TESE_JO%c3%83O%20HENRIQUE%20ROCHA.pdf\">Agricultura Familiar e Mercados Institucionais (protegidos): estudo sobre o Programa de Aquisi\u00e7\u00e3o de Alimentos (CPR Doa\u00e7\u00e3o) em Boa Vista, Roraima<\/a><\/p>\n<p>&nbsp;<\/p>\n<p>SILVA, Derli Jo\u00e3o Siqueira da<\/p>\n<p><a href=\"http:\/\/repositorio.ufpel.edu.br\/bitstream\/prefix\/3001\/1\/Tese%20Derli.pdf\"> Indicadores de qualidade do solo na regi\u00e3o da campanha do Rio Grande do Sul, sob sistemas de pastoreio Cont\u00ednuo e Voisin<\/a><\/p>\n<p>&nbsp;<\/p>\n<p>SILVA, Patr\u00edcia Martins da<\/p>\n<p><a href=\"http:\/\/repositorio.ufpel.edu.br\/bitstream\/prefix\/2990\/1\/tese%20Patricia%20Martins%20da%20Silva.pdf\">Processo identit\u00e1rio da Rede de Sementes Agroecol\u00f3gicas Bionatur: a experi\u00eancia na percep\u00e7\u00e3o dos agricultores<\/a><\/p>\n","protected":false},"excerpt":{"rendered":"<p>&#8230;Em constru\u00e7\u00e3o. Em breve estar\u00e3o dispon\u00edveis as teses e disserta\u00e7\u00f5es referentes a este ano. Mestrado (Disserta\u00e7\u00f5es) BERNARDI, Alcione Mecaniza\u00e7\u00e3o no cultivo de arroz irrigado em assentamentos de reforma agr\u00e1ria do n\u00facleo operacional de S\u00e3o Gabriel &nbsp; BILHARVA, Maur\u00edcio Gon\u00e7alves Ecofisiologia da produ\u00e7\u00e3o de azev\u00e9m anual (BRS Esta\u00e7\u00f5es) sob diferentes freq\u00fc\u00eancias de desfolha &nbsp; CARVALHO, Juliana [&hellip;]<\/p>\n","protected":false},"author":530,"featured_media":0,"parent":55,"menu_order":0,"comment_status":"closed","ping_status":"closed","template":"","meta":{"jetpack_post_was_ever_published":false,"footnotes":""},"class_list":["post-1078","page","type-page","status-publish","hentry"],"jetpack_shortlink":"https:\/\/wp.me\/P7gUJD-ho","jetpack-related-posts":[],"jetpack_sharing_enabled":true,"_links":{"self":[{"href":"https:\/\/wp.ufpel.edu.br\/spaf\/wp-json\/wp\/v2\/pages\/1078","targetHints":{"allow":["GET"]}}],"collection":[{"href":"https:\/\/wp.ufpel.edu.br\/spaf\/wp-json\/wp\/v2\/pages"}],"about":[{"href":"https:\/\/wp.ufpel.edu.br\/spaf\/wp-json\/wp\/v2\/types\/page"}],"author":[{"embeddable":true,"href":"https:\/\/wp.ufpel.edu.br\/spaf\/wp-json\/wp\/v2\/users\/530"}],"replies":[{"embeddable":true,"href":"https:\/\/wp.ufpel.edu.br\/spaf\/wp-json\/wp\/v2\/comments?post=1078"}],"version-history":[{"count":6,"href":"https:\/\/wp.ufpel.edu.br\/spaf\/wp-json\/wp\/v2\/pages\/1078\/revisions"}],"predecessor-version":[{"id":1161,"href":"https:\/\/wp.ufpel.edu.br\/spaf\/wp-json\/wp\/v2\/pages\/1078\/revisions\/1161"}],"up":[{"embeddable":true,"href":"https:\/\/wp.ufpel.edu.br\/spaf\/wp-json\/wp\/v2\/pages\/55"}],"wp:attachment":[{"href":"https:\/\/wp.ufpel.edu.br\/spaf\/wp-json\/wp\/v2\/media?parent=1078"}],"curies":[{"name":"wp","href":"https:\/\/api.w.org\/{rel}","templated":true}]}}