{"id":1075,"date":"2018-04-13T14:40:40","date_gmt":"2018-04-13T17:40:40","guid":{"rendered":"https:\/\/wp.ufpel.edu.br\/spaf\/?page_id=1075"},"modified":"2018-04-17T16:25:04","modified_gmt":"2018-04-17T19:25:04","slug":"2014-2","status":"publish","type":"page","link":"https:\/\/wp.ufpel.edu.br\/spaf\/dissertacoes-e-teses\/2014-2\/","title":{"rendered":"2014"},"content":{"rendered":"<p>&#8230;Em constru\u00e7\u00e3o. Em breve estar\u00e3o dispon\u00edveis as teses e disserta\u00e7\u00f5es referentes a este ano.<\/p>\n<p style=\"text-align: center\"><strong>Mestrado (Disserta\u00e7\u00f5es)<\/strong><\/p>\n<p><strong>ARA\u00daJO, Raul Matos<\/strong><\/p>\n<p><a href=\"http:\/\/repositorio.ufpel.edu.br\/bitstream\/prefix\/2973\/1\/Disserta%c3%a7%c3%a3o%20Definitiva-FINAL.pdf\"> An\u00e1lise da sustentabilidade: o saber acad\u00eamico e o saber local em agroecossistemas familiares de base ecol\u00f3gica no sul do Rio Grande do Sul<\/a><\/p>\n<p>&nbsp;<\/p>\n<p><strong>OLANDA, Gabriela Berguenmaier de<\/strong><\/p>\n<p><a href=\"http:\/\/repositorio.ufpel.edu.br\/bitstream\/prefix\/2980\/1\/Disserta%c3%a7%c3%a3o-Gabriela%20B.%20de%20Olanda.pdf\"> Uso de plantas bioativas no controle da antracnose na cultura do feij\u00e3o<\/a><\/p>\n<p>&nbsp;<\/p>\n<p>&nbsp;<\/p>\n<p style=\"text-align: center\"><strong>Doutorado (Teses)<\/strong><\/p>\n<p><strong>ALTEMBURG, Shirley G. Nascimento<\/strong><\/p>\n<p><a href=\"http:\/\/repositorio.ufpel.edu.br\/bitstream\/prefix\/2998\/1\/Tese%20Shirley%20_vers%c3%a3o%20final_2014.pdf\">A comida invis\u00edvel: Representa\u00e7\u00f5es sociais sobre a alimenta\u00e7\u00e3o escolar entre a comunidade escolar e os agricultores familiares na regi\u00e3o de Pelotas, RS<\/a><\/p>\n<p>&nbsp;<\/p>\n<p><strong>COLLARES, Eliana Ant\u00f4nia Valente Silveira<\/strong><\/p>\n<p><a href=\"http:\/\/repositorio.ufpel.edu.br\/bitstream\/prefix\/2995\/1\/Tese%20ELIANA%20ANTONIA%20VALENTE%20SILVEIRA%20COLLARES.pdf\"> Cultivo de alface sob aduba\u00e7\u00e3o org\u00e2nica e seu efeito residual em ambiente protegido<\/a><\/p>\n<p>&nbsp;<\/p>\n<p><strong>BICCA, Ana Maria Oliveira<\/strong><\/p>\n<p><a href=\"http:\/\/repositorio.ufpel.edu.br\/bitstream\/prefix\/3000\/1\/tese%20%20Produ%c3%a7%c3%a3o%20e%20valor%20nutricional%20de%20forrageiras%20sob%20aduba%c3%a7%c3%a3o%20org%c3%a2nica.pdf%202014.pdf\"> Produ\u00e7\u00e3o e valor nutricional de forrageiras sob aduba\u00e7\u00e3o org\u00e2nica<\/a><\/p>\n<p>&nbsp;<\/p>\n<p><strong>GOMES, Gustavo Crizel<\/strong><\/p>\n<p><a href=\"http:\/\/repositorio.ufpel.edu.br\/bitstream\/prefix\/2970\/1\/TESE%20GUSTAVO%20CRIZEL%20GOMES%20PPG_SPAF.pdf\">As \u00e1rvores nativas e o saber local como contribui\u00e7\u00e3o \u00e0 sustentabilidade de agroecossistemas familiares na Serra dos Tapes, RS<\/a><\/p>\n<p>&nbsp;<\/p>\n<p><strong>LIMA, Endrigo Pino Pereira<\/strong><\/p>\n<p><a href=\"http:\/\/repositorio.ufpel.edu.br\/bitstream\/prefix\/2994\/1\/Tese%2bEndrigo%2bcompleta%2b23%2b01%2bdigital.pdf\"> Implanta\u00e7\u00e3o de Programa de Produ\u00e7\u00e3o mais Limpa como contribui\u00e7\u00e3o \u00e0 sustentabilidade em propriedade agr\u00edcola familiar de base ecol\u00f3gica<\/a><\/p>\n<p>&nbsp;<\/p>\n<p><strong> SU\u00d1\u00c9, Luciane Nunes Pereira<\/strong><\/p>\n<p><a href=\"http:\/\/repositorio.ufpel.edu.br\/bitstream\/prefix\/2992\/1\/TESE_LUCIANE_NUNES_PEREIRA_SU%c3%91%c3%89%20PDF.pdf\"> Composi\u00e7\u00e3o Bromatol\u00f3gica De Forrageiras De Esta\u00e7\u00e3o Fria Sob Aduba\u00e7\u00e3o Org\u00e2nica<\/a><\/p>\n<p>&nbsp;<\/p>\n<p><strong>TUERLINCKX, Sandro Moreira<\/strong><\/p>\n<p><a href=\"http:\/\/repositorio.ufpel.edu.br\/bitstream\/prefix\/2999\/1\/TESE_Oficial_CD.pdf\"> Impacto da ivermectina sobre <em>Eisenia foetida<\/em> e atividade microbiana na vermicompostagem de esterco bovino<\/a><\/p>\n","protected":false},"excerpt":{"rendered":"<p>&#8230;Em constru\u00e7\u00e3o. Em breve estar\u00e3o dispon\u00edveis as teses e disserta\u00e7\u00f5es referentes a este ano. Mestrado (Disserta\u00e7\u00f5es) ARA\u00daJO, Raul Matos An\u00e1lise da sustentabilidade: o saber acad\u00eamico e o saber local em agroecossistemas familiares de base ecol\u00f3gica no sul do Rio Grande do Sul &nbsp; OLANDA, Gabriela Berguenmaier de Uso de plantas bioativas no controle da antracnose [&hellip;]<\/p>\n","protected":false},"author":530,"featured_media":0,"parent":55,"menu_order":0,"comment_status":"closed","ping_status":"closed","template":"","meta":{"jetpack_post_was_ever_published":false,"footnotes":""},"class_list":["post-1075","page","type-page","status-publish","hentry"],"jetpack_shortlink":"https:\/\/wp.me\/P7gUJD-hl","jetpack-related-posts":[],"jetpack_sharing_enabled":true,"_links":{"self":[{"href":"https:\/\/wp.ufpel.edu.br\/spaf\/wp-json\/wp\/v2\/pages\/1075","targetHints":{"allow":["GET"]}}],"collection":[{"href":"https:\/\/wp.ufpel.edu.br\/spaf\/wp-json\/wp\/v2\/pages"}],"about":[{"href":"https:\/\/wp.ufpel.edu.br\/spaf\/wp-json\/wp\/v2\/types\/page"}],"author":[{"embeddable":true,"href":"https:\/\/wp.ufpel.edu.br\/spaf\/wp-json\/wp\/v2\/users\/530"}],"replies":[{"embeddable":true,"href":"https:\/\/wp.ufpel.edu.br\/spaf\/wp-json\/wp\/v2\/comments?post=1075"}],"version-history":[{"count":5,"href":"https:\/\/wp.ufpel.edu.br\/spaf\/wp-json\/wp\/v2\/pages\/1075\/revisions"}],"predecessor-version":[{"id":1164,"href":"https:\/\/wp.ufpel.edu.br\/spaf\/wp-json\/wp\/v2\/pages\/1075\/revisions\/1164"}],"up":[{"embeddable":true,"href":"https:\/\/wp.ufpel.edu.br\/spaf\/wp-json\/wp\/v2\/pages\/55"}],"wp:attachment":[{"href":"https:\/\/wp.ufpel.edu.br\/spaf\/wp-json\/wp\/v2\/media?parent=1075"}],"curies":[{"name":"wp","href":"https:\/\/api.w.org\/{rel}","templated":true}]}}