{"id":1072,"date":"2018-04-13T14:40:20","date_gmt":"2018-04-13T17:40:20","guid":{"rendered":"https:\/\/wp.ufpel.edu.br\/spaf\/?page_id=1072"},"modified":"2018-04-17T16:16:12","modified_gmt":"2018-04-17T19:16:12","slug":"2013-2","status":"publish","type":"page","link":"https:\/\/wp.ufpel.edu.br\/spaf\/dissertacoes-e-teses\/2013-2\/","title":{"rendered":"2013"},"content":{"rendered":"<p>&#8230;Em constru\u00e7\u00e3o. Em breve estar\u00e3o dispon\u00edveis as teses e disserta\u00e7\u00f5es referentes a este ano.<\/p>\n<p style=\"text-align: center\"><strong>Mestrado (Disserta\u00e7\u00f5es)<\/strong><\/p>\n<p>&nbsp;<\/p>\n<p>&nbsp;<\/p>\n<p style=\"text-align: center\"><strong>Doutorado (Teses)<\/strong><\/p>\n<p><strong>SILVA, Fernando Novo da<\/strong><\/p>\n<p><a href=\"http:\/\/repositorio.ufpel.edu.br\/bitstream\/prefix\/3137\/1\/FERNANDA%20NOVO%20DA%20SILVA.pdf\"> Identidade. territ\u00f3rio e desenvolvimento: o caso da vitivinicultura na Campanha, RS<\/a><\/p>\n","protected":false},"excerpt":{"rendered":"<p>&#8230;Em constru\u00e7\u00e3o. Em breve estar\u00e3o dispon\u00edveis as teses e disserta\u00e7\u00f5es referentes a este ano. Mestrado (Disserta\u00e7\u00f5es) &nbsp; &nbsp; Doutorado (Teses) SILVA, Fernando Novo da Identidade. territ\u00f3rio e desenvolvimento: o caso da vitivinicultura na Campanha, RS<\/p>\n","protected":false},"author":530,"featured_media":0,"parent":55,"menu_order":0,"comment_status":"closed","ping_status":"closed","template":"","meta":{"jetpack_post_was_ever_published":false,"footnotes":""},"class_list":["post-1072","page","type-page","status-publish","hentry"],"jetpack_shortlink":"https:\/\/wp.me\/P7gUJD-hi","jetpack-related-posts":[],"jetpack_sharing_enabled":true,"_links":{"self":[{"href":"https:\/\/wp.ufpel.edu.br\/spaf\/wp-json\/wp\/v2\/pages\/1072","targetHints":{"allow":["GET"]}}],"collection":[{"href":"https:\/\/wp.ufpel.edu.br\/spaf\/wp-json\/wp\/v2\/pages"}],"about":[{"href":"https:\/\/wp.ufpel.edu.br\/spaf\/wp-json\/wp\/v2\/types\/page"}],"author":[{"embeddable":true,"href":"https:\/\/wp.ufpel.edu.br\/spaf\/wp-json\/wp\/v2\/users\/530"}],"replies":[{"embeddable":true,"href":"https:\/\/wp.ufpel.edu.br\/spaf\/wp-json\/wp\/v2\/comments?post=1072"}],"version-history":[{"count":4,"href":"https:\/\/wp.ufpel.edu.br\/spaf\/wp-json\/wp\/v2\/pages\/1072\/revisions"}],"predecessor-version":[{"id":1162,"href":"https:\/\/wp.ufpel.edu.br\/spaf\/wp-json\/wp\/v2\/pages\/1072\/revisions\/1162"}],"up":[{"embeddable":true,"href":"https:\/\/wp.ufpel.edu.br\/spaf\/wp-json\/wp\/v2\/pages\/55"}],"wp:attachment":[{"href":"https:\/\/wp.ufpel.edu.br\/spaf\/wp-json\/wp\/v2\/media?parent=1072"}],"curies":[{"name":"wp","href":"https:\/\/api.w.org\/{rel}","templated":true}]}}