{"id":1066,"date":"2018-04-13T14:38:22","date_gmt":"2018-04-13T17:38:22","guid":{"rendered":"https:\/\/wp.ufpel.edu.br\/spaf\/?page_id=1066"},"modified":"2018-04-13T15:58:02","modified_gmt":"2018-04-13T18:58:02","slug":"2011-2","status":"publish","type":"page","link":"https:\/\/wp.ufpel.edu.br\/spaf\/dissertacoes-e-teses\/2011-2\/","title":{"rendered":"2011"},"content":{"rendered":"<p>&#8230;Em constru\u00e7\u00e3o. Em breve estar\u00e3o dispon\u00edveis as teses e disserta\u00e7\u00f5es referentes a este ano.<\/p>\n<p><strong>Mestrado (Disserta\u00e7\u00f5es)<\/strong><\/p>\n<p>&nbsp;<\/p>\n<p><strong>Doutorado (Teses)<\/strong><\/p>\n","protected":false},"excerpt":{"rendered":"<p>&#8230;Em constru\u00e7\u00e3o. Em breve estar\u00e3o dispon\u00edveis as teses e disserta\u00e7\u00f5es referentes a este ano. Mestrado (Disserta\u00e7\u00f5es) &nbsp; Doutorado (Teses)<\/p>\n","protected":false},"author":530,"featured_media":0,"parent":55,"menu_order":0,"comment_status":"closed","ping_status":"closed","template":"","meta":{"jetpack_post_was_ever_published":false,"footnotes":""},"class_list":["post-1066","page","type-page","status-publish","hentry"],"jetpack_shortlink":"https:\/\/wp.me\/P7gUJD-hc","jetpack-related-posts":[],"jetpack_sharing_enabled":true,"_links":{"self":[{"href":"https:\/\/wp.ufpel.edu.br\/spaf\/wp-json\/wp\/v2\/pages\/1066","targetHints":{"allow":["GET"]}}],"collection":[{"href":"https:\/\/wp.ufpel.edu.br\/spaf\/wp-json\/wp\/v2\/pages"}],"about":[{"href":"https:\/\/wp.ufpel.edu.br\/spaf\/wp-json\/wp\/v2\/types\/page"}],"author":[{"embeddable":true,"href":"https:\/\/wp.ufpel.edu.br\/spaf\/wp-json\/wp\/v2\/users\/530"}],"replies":[{"embeddable":true,"href":"https:\/\/wp.ufpel.edu.br\/spaf\/wp-json\/wp\/v2\/comments?post=1066"}],"version-history":[{"count":3,"href":"https:\/\/wp.ufpel.edu.br\/spaf\/wp-json\/wp\/v2\/pages\/1066\/revisions"}],"predecessor-version":[{"id":1115,"href":"https:\/\/wp.ufpel.edu.br\/spaf\/wp-json\/wp\/v2\/pages\/1066\/revisions\/1115"}],"up":[{"embeddable":true,"href":"https:\/\/wp.ufpel.edu.br\/spaf\/wp-json\/wp\/v2\/pages\/55"}],"wp:attachment":[{"href":"https:\/\/wp.ufpel.edu.br\/spaf\/wp-json\/wp\/v2\/media?parent=1066"}],"curies":[{"name":"wp","href":"https:\/\/api.w.org\/{rel}","templated":true}]}}