{"id":106,"date":"2015-09-14T10:46:29","date_gmt":"2015-09-14T13:46:29","guid":{"rendered":"https:\/\/wp.ufpel.edu.br\/spaf\/?page_id=106"},"modified":"2017-06-26T16:15:50","modified_gmt":"2017-06-26T19:15:50","slug":"edgar-ricardo-schoffel","status":"publish","type":"page","link":"https:\/\/wp.ufpel.edu.br\/spaf\/docentes\/edgar-ricardo-schoffel\/","title":{"rendered":"Edgar Ricardo Sch\u00f6ffel"},"content":{"rendered":"<p style=\"text-align: right\"><a href=\"http:\/\/lattes.cnpq.br\/7727859837108095\"><img data-recalc-dims=\"1\" data-attachment-id=\"88\" data-permalink=\"https:\/\/wp.ufpel.edu.br\/spaf\/docentes\/ana-claudia-rodrigues-de-lima\/download\/\" data-orig-file=\"https:\/\/i0.wp.com\/wp.ufpel.edu.br\/spaf\/files\/2015\/09\/download.jpg?fit=175%2C72&amp;ssl=1\" data-orig-size=\"175,72\" data-comments-opened=\"0\" data-image-meta=\"{&quot;aperture&quot;:&quot;0&quot;,&quot;credit&quot;:&quot;&quot;,&quot;camera&quot;:&quot;&quot;,&quot;caption&quot;:&quot;&quot;,&quot;created_timestamp&quot;:&quot;0&quot;,&quot;copyright&quot;:&quot;&quot;,&quot;focal_length&quot;:&quot;0&quot;,&quot;iso&quot;:&quot;0&quot;,&quot;shutter_speed&quot;:&quot;0&quot;,&quot;title&quot;:&quot;&quot;,&quot;orientation&quot;:&quot;0&quot;}\" data-image-title=\"download\" data-image-description=\"\" data-image-caption=\"\" data-medium-file=\"https:\/\/i0.wp.com\/wp.ufpel.edu.br\/spaf\/files\/2015\/09\/download.jpg?fit=175%2C72&amp;ssl=1\" data-large-file=\"https:\/\/i0.wp.com\/wp.ufpel.edu.br\/spaf\/files\/2015\/09\/download.jpg?fit=175%2C72&amp;ssl=1\" class=\"size-full wp-image-88 alignright\" src=\"https:\/\/i0.wp.com\/wp.ufpel.edu.br\/spaf\/files\/2015\/09\/download.jpg?resize=175%2C72&#038;ssl=1\" alt=\"download\" width=\"175\" height=\"72\" \/><\/a><\/p>\n<p><span style=\"font-family: georgia, palatino, serif;font-size: 12pt\">Doutorado em Agronomia, 2001<\/span><br \/>\n<span style=\"font-family: georgia, palatino, serif;font-size: 12pt\"> Universidade Estadual Paulista J\u00falio de Mesquita Filho<\/span><\/p>\n<p><span style=\"font-family: georgia, palatino, serif;font-size: 12pt\"><b>T\u00edtulo da Tese<\/b>:<\/span><br \/>\n<span style=\"font-family: georgia, palatino, serif;font-size: 12pt\"> \u00c9poca de semeadura, fenologia, caracter\u00edsticas fisiol\u00f3gicas e agron\u00f4micas de tr\u00eas cultivares de soja em Jaboticabal, SP.<\/span><\/p>\n<div class=\"docente\"><span style=\"font-family: georgia, palatino, serif;font-size: 12pt\">Professor\u00a0permanente<\/span><br \/>\n<span style=\"font-family: georgia, palatino, serif;font-size: 12pt\"> Unidade: FAEM\/Fitotecnia<\/span><br \/>\n<span style=\"font-family: georgia, palatino, serif;font-size: 12pt\"> Linha de pesquisa: Agricultura e Ambiente<\/span><br \/>\n<span style=\"font-family: georgia, palatino, serif;font-size: 12pt\"> E-mail: <a href=\"mailto:ricardo_schoffel@ufpel.edu.br\">ricardo_schoffel@ufpel.edu.br<\/a><\/span><\/div>\n<p><span style=\"font-family: georgia, palatino, serif;font-size: 12pt\"><b>Disciplinas ministradas<\/b>:<\/span><\/p>\n<ul>\n<li><span style=\"font-family: georgia, palatino, serif;font-size: 12pt\"><a class=\"link\" href=\"https:\/\/wp.ufpel.edu.br\/spaf\/disciplinas\/adversi\/\">Adversidades Clim\u00e1ticas na Agricultura<\/a><\/span><\/li>\n<li><span style=\"font-family: georgia, palatino, serif;font-size: 12pt\"><a class=\"link\" href=\"https:\/\/wp.ufpel.edu.br\/spaf\/disciplinas\/agrometeorologia\/\">Agrometeorologia<\/a><\/span><\/li>\n<\/ul>\n<p>P\u00e1ginas vinculadas:\u00a0<a href=\"https:\/\/wp.ufpel.edu.br\/agrometeorologia\/\">Agrometeorologia<\/a><\/p>\n","protected":false},"excerpt":{"rendered":"<p>Doutorado em Agronomia, 2001 Universidade Estadual Paulista J\u00falio de Mesquita Filho T\u00edtulo da Tese: \u00c9poca de semeadura, fenologia, caracter\u00edsticas fisiol\u00f3gicas e agron\u00f4micas de tr\u00eas cultivares de soja em Jaboticabal, SP. Professor\u00a0permanente Unidade: FAEM\/Fitotecnia Linha de pesquisa: Agricultura e Ambiente E-mail: ricardo_schoffel@ufpel.edu.br Disciplinas ministradas: Adversidades Clim\u00e1ticas na Agricultura Agrometeorologia P\u00e1ginas vinculadas:\u00a0Agrometeorologia<\/p>\n","protected":false},"author":530,"featured_media":0,"parent":8,"menu_order":0,"comment_status":"closed","ping_status":"closed","template":"","meta":{"jetpack_post_was_ever_published":false,"footnotes":""},"class_list":["post-106","page","type-page","status-publish","hentry"],"jetpack_shortlink":"https:\/\/wp.me\/P7gUJD-1I","jetpack-related-posts":[],"jetpack_sharing_enabled":true,"_links":{"self":[{"href":"https:\/\/wp.ufpel.edu.br\/spaf\/wp-json\/wp\/v2\/pages\/106","targetHints":{"allow":["GET"]}}],"collection":[{"href":"https:\/\/wp.ufpel.edu.br\/spaf\/wp-json\/wp\/v2\/pages"}],"about":[{"href":"https:\/\/wp.ufpel.edu.br\/spaf\/wp-json\/wp\/v2\/types\/page"}],"author":[{"embeddable":true,"href":"https:\/\/wp.ufpel.edu.br\/spaf\/wp-json\/wp\/v2\/users\/530"}],"replies":[{"embeddable":true,"href":"https:\/\/wp.ufpel.edu.br\/spaf\/wp-json\/wp\/v2\/comments?post=106"}],"version-history":[{"count":7,"href":"https:\/\/wp.ufpel.edu.br\/spaf\/wp-json\/wp\/v2\/pages\/106\/revisions"}],"predecessor-version":[{"id":805,"href":"https:\/\/wp.ufpel.edu.br\/spaf\/wp-json\/wp\/v2\/pages\/106\/revisions\/805"}],"up":[{"embeddable":true,"href":"https:\/\/wp.ufpel.edu.br\/spaf\/wp-json\/wp\/v2\/pages\/8"}],"wp:attachment":[{"href":"https:\/\/wp.ufpel.edu.br\/spaf\/wp-json\/wp\/v2\/media?parent=106"}],"curies":[{"name":"wp","href":"https:\/\/api.w.org\/{rel}","templated":true}]}}