{"id":1057,"date":"2018-04-13T14:34:45","date_gmt":"2018-04-13T17:34:45","guid":{"rendered":"https:\/\/wp.ufpel.edu.br\/spaf\/?page_id=1057"},"modified":"2018-04-17T10:53:02","modified_gmt":"2018-04-17T13:53:02","slug":"2008-2","status":"publish","type":"page","link":"https:\/\/wp.ufpel.edu.br\/spaf\/dissertacoes-e-teses\/2008-2\/","title":{"rendered":"2008"},"content":{"rendered":"<p style=\"text-align: center\"><strong>Mestrado<\/strong><\/p>\n<p><strong>AIRES, Rog\u00e9rio Ferreira<\/strong><\/p>\n<p><a href=\"http:\/\/repositorio.ufpel.edu.br\/bitstream\/123456789\/2390\/1\/Dissertacao_%20Rogerio_%20F_%20Aires.pdf\">Desempenho agron\u00f4mico de cultivares de mamona no Rio Grande do Sul<\/a><\/p>\n<p>&nbsp;<\/p>\n<p><strong>BERNARDI, Lorena de Moraes<\/strong><\/p>\n<p><a href=\"http:\/\/repositorio.ufpel.edu.br\/bitstream\/123456789\/2394\/1\/Dissertacao_%20Lorena_%20Moraes_%20Bernardi.pdf\">Avalia\u00e7\u00e3o energ\u00e9tica de dois sistemas de produ\u00e7\u00e3o de milho<\/a><\/p>\n<p>&nbsp;<\/p>\n<p><strong>BOHMER, Cl\u00eanio Ren\u00ea Kurtz<\/strong><\/p>\n<p><a href=\"http:\/\/repositorio.ufpel.edu.br\/bitstream\/123456789\/2395\/1\/Tese_Clenio_Kurtz_Bohmer.pdf\">Caracteriza\u00e7\u00e3o do microclima de ambiente protegido cultivado com feij\u00e3o-vagem<\/a><\/p>\n<p>&nbsp;<\/p>\n<p><strong>CALDAS, N\u00e1dia Velleda<\/strong><\/p>\n<p><a href=\"http:\/\/repositorio.ufpel.edu.br\/bitstream\/123456789\/2389\/1\/Dissertacao%20_Nadia_Caldas.pdf\">Agricultura familiar e previd\u00eancia social rural: um estudo comparativo em quatro munic\u00edpios ga\u00fachos<\/a><\/p>\n<p>&nbsp;<\/p>\n<p><strong>ESTRELA, Carina Costa<\/strong><\/p>\n<p><a href=\"http:\/\/repositorio.ufpel.edu.br\/bitstream\/123456789\/2393\/1\/Dissertacao_Carina_%20Estrela_.pdf\">Variabilidade espacial e temporal da qualidade da \u00e1gua de irriga\u00e7\u00e3o no sistema de produ\u00e7\u00e3o de morango em propriedades familiatres no munic\u00edpio de Turu\u00e7u &#8211; RS<\/a><\/p>\n<p>&nbsp;<\/p>\n<p><strong>HIRAI, Wanda Griep<\/strong><\/p>\n<p><a href=\"http:\/\/repositorio.ufpel.edu.br\/bitstream\/123456789\/2392\/1\/DISSERTACAO_Wanda_Hirai.pdf\">Agricultura familiar e seguran\u00e7a alimentar: a import\u00e2ncia da produ\u00e7\u00e3o para o autoconsumo<\/a><\/p>\n<p>&nbsp;<\/p>\n<p><strong>PORTO, Rafael Gastal\u00a0<\/strong><\/p>\n<p><a href=\"http:\/\/repositorio.ufpel.edu.br\/bitstream\/123456789\/2391\/1\/dissertacao_Rafael_Porto.pdf\">Caracteriza\u00e7\u00e3o da pecu\u00e1ria familiar na regi\u00e3o da Campanha Meridional: estudo de caso no munic\u00edpio de Bag\u00e9\/RS<\/a><\/p>\n<p>&nbsp;<\/p>\n","protected":false},"excerpt":{"rendered":"<p>Mestrado AIRES, Rog\u00e9rio Ferreira Desempenho agron\u00f4mico de cultivares de mamona no Rio Grande do Sul &nbsp; BERNARDI, Lorena de Moraes Avalia\u00e7\u00e3o energ\u00e9tica de dois sistemas de produ\u00e7\u00e3o de milho &nbsp; BOHMER, Cl\u00eanio Ren\u00ea Kurtz Caracteriza\u00e7\u00e3o do microclima de ambiente protegido cultivado com feij\u00e3o-vagem &nbsp; CALDAS, N\u00e1dia Velleda Agricultura familiar e previd\u00eancia social rural: um estudo [&hellip;]<\/p>\n","protected":false},"author":530,"featured_media":0,"parent":55,"menu_order":0,"comment_status":"closed","ping_status":"closed","template":"","meta":{"jetpack_post_was_ever_published":false,"footnotes":""},"class_list":["post-1057","page","type-page","status-publish","hentry"],"jetpack_shortlink":"https:\/\/wp.me\/P7gUJD-h3","jetpack-related-posts":[],"jetpack_sharing_enabled":true,"_links":{"self":[{"href":"https:\/\/wp.ufpel.edu.br\/spaf\/wp-json\/wp\/v2\/pages\/1057","targetHints":{"allow":["GET"]}}],"collection":[{"href":"https:\/\/wp.ufpel.edu.br\/spaf\/wp-json\/wp\/v2\/pages"}],"about":[{"href":"https:\/\/wp.ufpel.edu.br\/spaf\/wp-json\/wp\/v2\/types\/page"}],"author":[{"embeddable":true,"href":"https:\/\/wp.ufpel.edu.br\/spaf\/wp-json\/wp\/v2\/users\/530"}],"replies":[{"embeddable":true,"href":"https:\/\/wp.ufpel.edu.br\/spaf\/wp-json\/wp\/v2\/comments?post=1057"}],"version-history":[{"count":13,"href":"https:\/\/wp.ufpel.edu.br\/spaf\/wp-json\/wp\/v2\/pages\/1057\/revisions"}],"predecessor-version":[{"id":1143,"href":"https:\/\/wp.ufpel.edu.br\/spaf\/wp-json\/wp\/v2\/pages\/1057\/revisions\/1143"}],"up":[{"embeddable":true,"href":"https:\/\/wp.ufpel.edu.br\/spaf\/wp-json\/wp\/v2\/pages\/55"}],"wp:attachment":[{"href":"https:\/\/wp.ufpel.edu.br\/spaf\/wp-json\/wp\/v2\/media?parent=1057"}],"curies":[{"name":"wp","href":"https:\/\/api.w.org\/{rel}","templated":true}]}}