{"id":451,"date":"2017-08-30T22:32:50","date_gmt":"2017-08-31T01:32:50","guid":{"rendered":"https:\/\/wp.ufpel.edu.br\/sovet\/?page_id=451"},"modified":"2017-08-30T22:36:59","modified_gmt":"2017-08-31T01:36:59","slug":"nossos-pacientes","status":"publish","type":"page","link":"https:\/\/wp.ufpel.edu.br\/sovet\/nossos-pacientes\/","title":{"rendered":"Nossos Pacientes"},"content":{"rendered":"<p>Queremos compartilhar hist\u00f3rias que nos encantam! O sucesso no tratamento ou no estabelecimento de qualidade de vida ao nosso paciente \u00e9 o que nos motiva, SEMPRE!<\/p>\n<h2>JORGE<\/h2>\n<p>Oi pessoal! Meu nome \u00e9 Jorge, sou um senhor muito bem conservado, um lind<a href=\"https:\/\/wp.ufpel.edu.br\/sovet\/files\/2017\/08\/Jorge1.jpg\"><img loading=\"lazy\" decoding=\"async\" class=\"size-medium wp-image-454 alignright\" src=\"https:\/\/wp.ufpel.edu.br\/sovet\/files\/2017\/08\/Jorge1-288x400.jpg\" alt=\"\" width=\"288\" height=\"400\" srcset=\"https:\/\/wp.ufpel.edu.br\/sovet\/files\/2017\/08\/Jorge1-288x400.jpg 288w, https:\/\/wp.ufpel.edu.br\/sovet\/files\/2017\/08\/Jorge1.jpg 692w\" sizes=\"auto, (max-width: 288px) 100vw, 288px\" \/><\/a>o exemplar da ra\u00e7a Doberman. Modestamente, tamb\u00e9m sou muito simp\u00e1tico, adoro fazer novas amizades. Venho aqui hoje compartilhar minha hist\u00f3ria com voces. Felizmente, j\u00e1 com certa idade, fui adotado e desde ent\u00e3o recebo muito amor e carinho da minha tutora. Certo dia, comecei a sentir um incomodo na pata traseira, come\u00e7ou com uma dor discreta que depois se intensificou. Comecei a mancar e minha tutora ime<span class=\"text_exposed_show\">diatamente percebeu e me levou para uma consulta. Foi ent\u00e3o que diagnosticaram uma altera\u00e7\u00e3o \u00f3ssea no exame de raio-x compat\u00edvel com neoplasia \u00f3ssea. Realizei mais alguns exames e descobriram que era um osteossarcoma, um tumor \u00f3sseo maligno comumente diagnosticado em c\u00e3es de porte grande, assim como eu. <\/span><\/p>\n<p><span class=\"text_exposed_show\">No meu caso, o tratamento mais indicado foi a amputa\u00e7\u00e3o do membro. Nossa!!! Essa not\u00edcia caiu como uma bomba para mim e para minha tutora. N\u00f3s dois ficamos muito apreensivos e assustados! Mas durante a consulta, o m\u00e9dico nos tranquilizou, nos explicou como seria a cirurgia, o per\u00edodo p\u00f3s operat\u00f3rio e de adapta\u00e7\u00e3o, deixou tudo claro e aceitamos realizar a cirurgia. Fiz outros exames pr\u00e9 operat\u00f3rios (afinal sou um senhor de idade) e fui operado. A cirurgia foi um sucesso e acreditem, a dor foi absolutamente nula, pois o anestesista, al\u00e9m da anestesia geral, fez uma anestesia epidural, uma maravilha! A recupera\u00e7\u00e3o foi super tranquila e em uma semana, mesmo com tr\u00eas patas, eu j\u00e1 estava desempenhando todas as minhas fun\u00e7\u00f5es normalmente, sem dificuldades. Agora, estou realizando um tratamento quimioter\u00e1pico complementar e estou indo muito bem. Estou sem dor e muito feliz. Mas a mensagem que eu realmente gostaria de deixar, assim como explicou meu m\u00e9dico, \u00e9 que esses tumores \u00f3sseos malignos s\u00e3o muito doloridos e tem um potencial muito grande de se disseminar para outras partes do corpo. Por isso, estou em constante acompanhamento, realizo meus exames periodicamente para monitorar a doen\u00e7a.\u00a0<\/span><a href=\"https:\/\/wp.ufpel.edu.br\/sovet\/files\/2017\/08\/Jorge2.jpg\"><img loading=\"lazy\" decoding=\"async\" class=\"size-medium wp-image-455 alignleft\" src=\"https:\/\/wp.ufpel.edu.br\/sovet\/files\/2017\/08\/Jorge2-400x281.jpg\" alt=\"\" width=\"400\" height=\"281\" srcset=\"https:\/\/wp.ufpel.edu.br\/sovet\/files\/2017\/08\/Jorge2-400x281.jpg 400w, https:\/\/wp.ufpel.edu.br\/sovet\/files\/2017\/08\/Jorge2-768x540.jpg 768w, https:\/\/wp.ufpel.edu.br\/sovet\/files\/2017\/08\/Jorge2.jpg 960w\" sizes=\"auto, (max-width: 400px) 100vw, 400px\" \/><\/a><\/p>\n<h2>Olha eu a\u00ed uma semana depois da cirurgia!<\/h2>\n<h2>Totalmente adaptado, feliz e mais importante, sem dor!!<\/h2>\n<h2><\/h2>\n<p>&nbsp;<\/p>\n<p>&nbsp;<\/p>\n<p>&nbsp;<\/p>\n<p>&nbsp;<\/p>\n<h2><\/h2>\n<h2>DORA<\/h2>\n<p>Oi pessoal tudo bem? Meu nome \u00e9 Dora, tenho 6 anos e muita disposi\u00e7\u00e3o. Meus tutores me trouxeram at\u00e9 o HCV da UFPel, pois eu estava com um n\u00f3dulo na patinha que estava me incomodando um pouco.<\/p>\n<p><a href=\"https:\/\/wp.ufpel.edu.br\/sovet\/files\/2017\/08\/Dora.jpg\"><img loading=\"lazy\" decoding=\"async\" class=\"size-medium wp-image-453 alignleft\" src=\"https:\/\/wp.ufpel.edu.br\/sovet\/files\/2017\/08\/Dora-400x274.jpg\" alt=\"\" width=\"400\" height=\"274\" srcset=\"https:\/\/wp.ufpel.edu.br\/sovet\/files\/2017\/08\/Dora-400x274.jpg 400w, https:\/\/wp.ufpel.edu.br\/sovet\/files\/2017\/08\/Dora-768x526.jpg 768w, https:\/\/wp.ufpel.edu.br\/sovet\/files\/2017\/08\/Dora.jpg 960w\" sizes=\"auto, (max-width: 400px) 100vw, 400px\" \/><\/a>O m\u00e9dico que me atendeu examinou, solicitou alguns exames e diagnosticou como mastocitoma, um tumor de pele comum entre n\u00f3s c\u00e3es. Eu passei por uma cirurgia para retirada do n\u00f3dulo e agora estou fazendo um t<span class=\"text_exposed_show\">ratamento complementar para evitar a recidiva do tumor. At\u00e9 agora, eu j\u00e1 realizei 5 sess\u00f5es de quimioterapia e estou muito bem, tive pouqu\u00edssimos efeitos colaterais. O meu m\u00e9dico disse que eu terei de fazer 8 sess\u00f5es para terminar o tratamento e eu n\u00e3o vejo a hora de acabar. Felizmente, tive a sorte de ser levada ao m\u00e9dico quando a doen\u00e7a ainda estava em um est\u00e1gio inicial, onde as chances de cura sempre s\u00e3o maiores. Estou aqui dando o meu depoimento para que mais tutores como os meus possam entender a import\u00e2ncia do diagn\u00f3stico precoce para o sucesso do tratamento. Assim que eu terminar meu tratamento, volto aqui para dar mais not\u00edcias. Mil lambeijos a todos!!!<\/span><\/p>\n<h2>CHIVITA<a href=\"https:\/\/wp.ufpel.edu.br\/sovet\/files\/2017\/08\/Chivita.jpg\"><img loading=\"lazy\" decoding=\"async\" class=\" wp-image-452 alignright\" src=\"https:\/\/wp.ufpel.edu.br\/sovet\/files\/2017\/08\/Chivita-400x266.jpg\" alt=\"\" width=\"630\" height=\"419\" srcset=\"https:\/\/wp.ufpel.edu.br\/sovet\/files\/2017\/08\/Chivita-400x266.jpg 400w, https:\/\/wp.ufpel.edu.br\/sovet\/files\/2017\/08\/Chivita-768x511.jpg 768w, https:\/\/wp.ufpel.edu.br\/sovet\/files\/2017\/08\/Chivita.jpg 960w\" sizes=\"auto, (max-width: 630px) 100vw, 630px\" \/><\/a><\/h2>\n","protected":false},"excerpt":{"rendered":"<p>Queremos compartilhar hist\u00f3rias que nos encantam! O sucesso no tratamento ou no estabelecimento de qualidade de vida ao nosso paciente \u00e9 o que nos motiva, SEMPRE! JORGE Oi pessoal! Meu nome \u00e9 Jorge, sou um senhor muito bem conservado, um &hellip; <a href=\"https:\/\/wp.ufpel.edu.br\/sovet\/nossos-pacientes\/\">Continue lendo <span class=\"meta-nav\">&rarr;<\/span><\/a><\/p>\n","protected":false},"author":356,"featured_media":0,"parent":0,"menu_order":0,"comment_status":"closed","ping_status":"closed","template":"","meta":{"footnotes":""},"class_list":["post-451","page","type-page","status-publish","hentry"],"jetpack_sharing_enabled":true,"_links":{"self":[{"href":"https:\/\/wp.ufpel.edu.br\/sovet\/wp-json\/wp\/v2\/pages\/451","targetHints":{"allow":["GET"]}}],"collection":[{"href":"https:\/\/wp.ufpel.edu.br\/sovet\/wp-json\/wp\/v2\/pages"}],"about":[{"href":"https:\/\/wp.ufpel.edu.br\/sovet\/wp-json\/wp\/v2\/types\/page"}],"author":[{"embeddable":true,"href":"https:\/\/wp.ufpel.edu.br\/sovet\/wp-json\/wp\/v2\/users\/356"}],"replies":[{"embeddable":true,"href":"https:\/\/wp.ufpel.edu.br\/sovet\/wp-json\/wp\/v2\/comments?post=451"}],"version-history":[{"count":7,"href":"https:\/\/wp.ufpel.edu.br\/sovet\/wp-json\/wp\/v2\/pages\/451\/revisions"}],"predecessor-version":[{"id":464,"href":"https:\/\/wp.ufpel.edu.br\/sovet\/wp-json\/wp\/v2\/pages\/451\/revisions\/464"}],"wp:attachment":[{"href":"https:\/\/wp.ufpel.edu.br\/sovet\/wp-json\/wp\/v2\/media?parent=451"}],"curies":[{"name":"wp","href":"https:\/\/api.w.org\/{rel}","templated":true}]}}