{"id":40,"date":"2014-02-24T16:46:02","date_gmt":"2014-02-24T19:46:02","guid":{"rendered":"https:\/\/wp.ufpel.edu.br\/sovet\/?page_id=40"},"modified":"2018-10-01T16:39:05","modified_gmt":"2018-10-01T19:39:05","slug":"oncologia-2","status":"publish","type":"page","link":"https:\/\/wp.ufpel.edu.br\/sovet\/oncologia-2\/","title":{"rendered":"Alguns Neoplasmas"},"content":{"rendered":"<p>Temos como objetivo principal prover material did\u00e1tico atualizado acerca de neoplasmas raros ou de ocorr\u00eancia freq\u00fcente e que mere\u00e7am alguma considera\u00e7\u00e3o especial.<\/p>\n<p><a href=\"https:\/\/wp.ufpel.edu.br\/sovet\/oncologia-2\/tumores-de-celul\u2026emangiossarcomas\/ \u200e\">Hemangiomas e Hemangiossarcomas\u00a0<\/a><\/p>\n<p><a href=\"https:\/\/wp.ufpel.edu.br\/sovet\/?p=176\">Osteossarcoma osteobl\u00e1stico<\/a><\/p>\n<p><a href=\"https:\/\/wp.ufpel.edu.br\/sovet\/?p=261\">Mesotelioma peritoneal<\/a><\/p>\n<p><a href=\"https:\/\/wp.ufpel.edu.br\/sovet\/?p=263\">Carcinoma Complexo de Gl\u00e2ndulas Ceruminosas<\/a><\/p>\n<p><a href=\"https:\/\/wp.ufpel.edu.br\/sovet\/?p=266\">Meningioma Psamomatoso<\/a><\/p>\n<p><a href=\"https:\/\/wp.ufpel.edu.br\/sovet\/?p=268\">Carcinoma Hepatocelular S\u00f3lido Indiferenciado<\/a><\/p>\n<p><a href=\"https:\/\/wp.ufpel.edu.br\/sovet\/?p=270\">Linfoma Canino<\/a><\/p>\n","protected":false},"excerpt":{"rendered":"<p>Temos como objetivo principal prover material did\u00e1tico atualizado acerca de neoplasmas raros ou de ocorr\u00eancia freq\u00fcente e que mere\u00e7am alguma considera\u00e7\u00e3o especial. Hemangiomas e Hemangiossarcomas\u00a0 Osteossarcoma osteobl\u00e1stico Mesotelioma peritoneal Carcinoma Complexo de Gl\u00e2ndulas Ceruminosas Meningioma Psamomatoso Carcinoma Hepatocelular S\u00f3lido Indiferenciado &hellip; <a href=\"https:\/\/wp.ufpel.edu.br\/sovet\/oncologia-2\/\">Continue lendo <span class=\"meta-nav\">&rarr;<\/span><\/a><\/p>\n","protected":false},"author":356,"featured_media":0,"parent":0,"menu_order":0,"comment_status":"closed","ping_status":"closed","template":"","meta":{"footnotes":""},"class_list":["post-40","page","type-page","status-publish","hentry"],"jetpack_sharing_enabled":true,"_links":{"self":[{"href":"https:\/\/wp.ufpel.edu.br\/sovet\/wp-json\/wp\/v2\/pages\/40","targetHints":{"allow":["GET"]}}],"collection":[{"href":"https:\/\/wp.ufpel.edu.br\/sovet\/wp-json\/wp\/v2\/pages"}],"about":[{"href":"https:\/\/wp.ufpel.edu.br\/sovet\/wp-json\/wp\/v2\/types\/page"}],"author":[{"embeddable":true,"href":"https:\/\/wp.ufpel.edu.br\/sovet\/wp-json\/wp\/v2\/users\/356"}],"replies":[{"embeddable":true,"href":"https:\/\/wp.ufpel.edu.br\/sovet\/wp-json\/wp\/v2\/comments?post=40"}],"version-history":[{"count":25,"href":"https:\/\/wp.ufpel.edu.br\/sovet\/wp-json\/wp\/v2\/pages\/40\/revisions"}],"predecessor-version":[{"id":667,"href":"https:\/\/wp.ufpel.edu.br\/sovet\/wp-json\/wp\/v2\/pages\/40\/revisions\/667"}],"wp:attachment":[{"href":"https:\/\/wp.ufpel.edu.br\/sovet\/wp-json\/wp\/v2\/media?parent=40"}],"curies":[{"name":"wp","href":"https:\/\/api.w.org\/{rel}","templated":true}]}}