{"id":394,"date":"2016-04-12T03:46:16","date_gmt":"2016-04-12T06:46:16","guid":{"rendered":"https:\/\/wp.ufpel.edu.br\/sovet\/?page_id=394"},"modified":"2018-08-17T19:07:04","modified_gmt":"2018-08-17T22:07:04","slug":"necropsias","status":"publish","type":"page","link":"https:\/\/wp.ufpel.edu.br\/sovet\/servicos\/sovet-patologia\/necropsias\/","title":{"rendered":"Necropsias"},"content":{"rendered":"<table style=\"border-collapse: collapse;width: 100%\" border=\"1\">\n<tbody>\n<tr>\n<td style=\"width: 100%\">\n<h3 style=\"text-align: center\"><span style=\"color: #30084d\">Formul\u00e1rio de Requisi\u00e7\u00f5es de Necropsias<\/span><\/h3>\n<p style=\"text-align: center\"><a href=\"https:\/\/wp.ufpel.edu.br\/sovet\/files\/2018\/08\/SOVET-solicita\u00e7\u00e3o-patologia-canino_2018.pdf\" target=\"_blank\" rel=\"noopener\"><span style=\"color: #56237a\">Requisi\u00e7\u00e3o de Necropsia de CANINO<\/span><\/a><\/p>\n<p style=\"text-align: center\"><span style=\"color: #56237a\"><a style=\"color: #56237a\" href=\"https:\/\/wp.ufpel.edu.br\/sovet\/files\/2018\/08\/SOVET-solicita\u00e7\u00e3o-patologia-2018_felino.pdf\" target=\"_blank\" rel=\"noopener\">Requisi\u00e7\u00e3o de Necropsia de FELINO<\/a><\/span><\/p>\n<p style=\"text-align: center\"><span style=\"color: #56237a\"><a style=\"color: #56237a\" href=\"https:\/\/wp.ufpel.edu.br\/sovet\/files\/2018\/08\/SOVET-solicita\u00e7\u00e3o-patologia-2018_equino.pdf\" target=\"_blank\" rel=\"noopener\">Requisi\u00e7\u00e3o de Necropsia de EQUINO<\/a><\/span><\/p>\n<\/td>\n<\/tr>\n<\/tbody>\n<\/table>\n<p style=\"text-align: right\"><a href=\"https:\/\/wp.ufpel.edu.br\/sovet\/files\/2014\/02\/DSC03223.jpg\" rel=\"attachment wp-att-29\"><img loading=\"lazy\" decoding=\"async\" class=\"wp-image-29 alignleft\" src=\"https:\/\/wp.ufpel.edu.br\/sovet\/files\/2014\/02\/DSC03223-424x318.jpg\" alt=\"c\u00e3o\" width=\"203\" height=\"152\" srcset=\"https:\/\/wp.ufpel.edu.br\/sovet\/files\/2014\/02\/DSC03223-424x318.jpg 424w, https:\/\/wp.ufpel.edu.br\/sovet\/files\/2014\/02\/DSC03223-212x159.jpg 212w\" sizes=\"auto, (max-width: 203px) 100vw, 203px\" \/><\/a>Por: Luisa Mariano e\u00a0Evelyn Anne de Oliveira<\/p>\n<p>A necropsia \u00e9 um exame externo e interno, feito no animal p\u00f3s-\u00f3bito, com o objetivo de identificar a causa da morte e\/ou de les\u00f5es por meio de uma avalia\u00e7\u00e3o completa e sist\u00eamica dos \u00f3rg\u00e3o, tecidos e cavidades.<\/p>\n<p>Este exame exige um alto grau de conhecimento. Recomenda-se que a necropsia seja executada, sempre que poss\u00edvel, por um patologista veterin\u00e1rio, j\u00e1 que este possui familiaridade com as diferentes les\u00f5es determinadas por agentes infecciosos ou processos metab\u00f3licos das diferentes esp\u00e9cies.<\/p>\n<p>Na necropsia tamb\u00e9m \u00e9 poss\u00edvel que se recolha material para exames complementares como histopatol\u00f3gico ou toxicol\u00f3gico.<\/p>\n<p>Em medicina veterin\u00e1ria este procedimento \u00e9 de suma import\u00e2ncia, pois al\u00e9m de ajudar o tutor no fechamento do ciclo com seu animal, pode o ajudar a prevenir e\/ou tratar doen\u00e7as infecciosas no caso deste possuir outros animais. Em casos de animais de rebanho, pode-se prevenir surtos, e dessa forma evitar tamb\u00e9m uma perda econ\u00f4mica significativa ao propriet\u00e1rio, devido \u00e0 \u00f3bitos e gastos com tratamentos.<\/p>\n<p>Existem doen\u00e7as que tamb\u00e9m podem possuir car\u00e1ter zoon\u00f3tico, ou seja, podem ser transmitidas aos seres humanos. Nestes casos o propriet\u00e1rio ou tutor deve receber orienta\u00e7\u00e3o sobre exames preventivos e testes diagn\u00f3sticos, al\u00e9m de orienta\u00e7\u00e3o de higieniza\u00e7\u00e3o correta do local que o animal habitava.<\/p>\n<p>\u00c9 importante que o cad\u00e1ver esteja em boas condi\u00e7\u00f5es para a realiza\u00e7\u00e3o da necropsia e coleta de material vi\u00e1vel para o processamento. Dessa forma, deve ser realizada o mais r\u00e1pido poss\u00edvel ap\u00f3s o \u00f3bito do animal, a fim de evitar qualquer altera\u00e7\u00e3o no exame<\/p>\n<p>Este exame pode ser o \u00fanico a dar o diagn\u00f3stico preciso da causa morte do animal em casos de doen\u00e7as superagudas e assintom\u00e1ticas, e informar ao cl\u00ednico veterin\u00e1rio a extens\u00e3o e a gravidade de determinada condi\u00e7\u00e3o patol\u00f3gica, tal como met\u00e1stases e outros. \u00c9 o melhor meio de compara\u00e7\u00e3o dos sinais cl\u00ednicos do animal enfermo, com les\u00f5es que n\u00e3o eram vis\u00edveis ou aparentes durante a vida, permitindo que o veterin\u00e1rio venha fazer identifica\u00e7\u00e3o de casos semelhantes no futuro, com mais rapidez e precis\u00e3o.<\/p>\n<p>Por vezes, a necropsia \u00e9 o \u00fanico meio para diagn\u00f3stico de certas doen\u00e7as, j\u00e1 que somente a necropsia permite o acesso a alguns \u00f3rg\u00e3os, imprescind\u00edveis ao diagn\u00f3stico de doen\u00e7as que acometem animais de companhia, de produ\u00e7\u00e3o ou silvestres.<\/p>\n<p>&nbsp;<\/p>\n","protected":false},"excerpt":{"rendered":"<p>Formul\u00e1rio de Requisi\u00e7\u00f5es de Necropsias Requisi\u00e7\u00e3o de Necropsia de CANINO Requisi\u00e7\u00e3o de Necropsia de FELINO Requisi\u00e7\u00e3o de Necropsia de EQUINO Por: Luisa Mariano e\u00a0Evelyn Anne de Oliveira A necropsia \u00e9 um exame externo e interno, feito no animal p\u00f3s-\u00f3bito, com &hellip; <a href=\"https:\/\/wp.ufpel.edu.br\/sovet\/servicos\/sovet-patologia\/necropsias\/\">Continue lendo <span class=\"meta-nav\">&rarr;<\/span><\/a><\/p>\n","protected":false},"author":356,"featured_media":29,"parent":382,"menu_order":0,"comment_status":"closed","ping_status":"closed","template":"","meta":{"footnotes":""},"class_list":["post-394","page","type-page","status-publish","has-post-thumbnail","hentry"],"jetpack_sharing_enabled":true,"_links":{"self":[{"href":"https:\/\/wp.ufpel.edu.br\/sovet\/wp-json\/wp\/v2\/pages\/394","targetHints":{"allow":["GET"]}}],"collection":[{"href":"https:\/\/wp.ufpel.edu.br\/sovet\/wp-json\/wp\/v2\/pages"}],"about":[{"href":"https:\/\/wp.ufpel.edu.br\/sovet\/wp-json\/wp\/v2\/types\/page"}],"author":[{"embeddable":true,"href":"https:\/\/wp.ufpel.edu.br\/sovet\/wp-json\/wp\/v2\/users\/356"}],"replies":[{"embeddable":true,"href":"https:\/\/wp.ufpel.edu.br\/sovet\/wp-json\/wp\/v2\/comments?post=394"}],"version-history":[{"count":7,"href":"https:\/\/wp.ufpel.edu.br\/sovet\/wp-json\/wp\/v2\/pages\/394\/revisions"}],"predecessor-version":[{"id":635,"href":"https:\/\/wp.ufpel.edu.br\/sovet\/wp-json\/wp\/v2\/pages\/394\/revisions\/635"}],"up":[{"embeddable":true,"href":"https:\/\/wp.ufpel.edu.br\/sovet\/wp-json\/wp\/v2\/pages\/382"}],"wp:featuredmedia":[{"embeddable":true,"href":"https:\/\/wp.ufpel.edu.br\/sovet\/wp-json\/wp\/v2\/media\/29"}],"wp:attachment":[{"href":"https:\/\/wp.ufpel.edu.br\/sovet\/wp-json\/wp\/v2\/media?parent=394"}],"curies":[{"name":"wp","href":"https:\/\/api.w.org\/{rel}","templated":true}]}}