{"id":377,"date":"2016-04-12T03:20:20","date_gmt":"2016-04-12T06:20:20","guid":{"rendered":"https:\/\/wp.ufpel.edu.br\/sovet\/?page_id=377"},"modified":"2016-04-12T03:43:29","modified_gmt":"2016-04-12T06:43:29","slug":"sovetclinica","status":"publish","type":"page","link":"https:\/\/wp.ufpel.edu.br\/sovet\/servicos\/sovetclinica\/","title":{"rendered":"SOVET Cl\u00ednica"},"content":{"rendered":"<h2>Atendimento Cl\u00ednico e Cir\u00fargico<\/h2>\n<p style=\"padding-left: 30px\">Realizado no HCV- UFPel<\/p>\n<p style=\"padding-left: 30px\">Segunda \u00e0\u00a0Sexta-feira<\/p>\n<p style=\"padding-left: 30px\">Hor\u00e1rio:<\/p>\n<p style=\"padding-left: 30px\">8:00 &#8211; 11:30<\/p>\n<p style=\"padding-left: 30px\">14:00 &#8211; 17:00<\/p>\n<p style=\"padding-left: 30px\">Para sua comodidade, agende seu atendimento &#8211;\u00a0(53) 3275-7292<\/p>\n<p>&nbsp;<\/p>\n<p>&nbsp;<\/p>\n","protected":false},"excerpt":{"rendered":"<p>Atendimento Cl\u00ednico e Cir\u00fargico Realizado no HCV- UFPel Segunda \u00e0\u00a0Sexta-feira Hor\u00e1rio: 8:00 &#8211; 11:30 14:00 &#8211; 17:00 Para sua comodidade, agende seu atendimento &#8211;\u00a0(53) 3275-7292 &nbsp; &nbsp;<\/p>\n","protected":false},"author":356,"featured_media":0,"parent":49,"menu_order":0,"comment_status":"closed","ping_status":"closed","template":"","meta":{"footnotes":""},"class_list":["post-377","page","type-page","status-publish","hentry"],"jetpack_sharing_enabled":true,"_links":{"self":[{"href":"https:\/\/wp.ufpel.edu.br\/sovet\/wp-json\/wp\/v2\/pages\/377","targetHints":{"allow":["GET"]}}],"collection":[{"href":"https:\/\/wp.ufpel.edu.br\/sovet\/wp-json\/wp\/v2\/pages"}],"about":[{"href":"https:\/\/wp.ufpel.edu.br\/sovet\/wp-json\/wp\/v2\/types\/page"}],"author":[{"embeddable":true,"href":"https:\/\/wp.ufpel.edu.br\/sovet\/wp-json\/wp\/v2\/users\/356"}],"replies":[{"embeddable":true,"href":"https:\/\/wp.ufpel.edu.br\/sovet\/wp-json\/wp\/v2\/comments?post=377"}],"version-history":[{"count":5,"href":"https:\/\/wp.ufpel.edu.br\/sovet\/wp-json\/wp\/v2\/pages\/377\/revisions"}],"predecessor-version":[{"id":392,"href":"https:\/\/wp.ufpel.edu.br\/sovet\/wp-json\/wp\/v2\/pages\/377\/revisions\/392"}],"up":[{"embeddable":true,"href":"https:\/\/wp.ufpel.edu.br\/sovet\/wp-json\/wp\/v2\/pages\/49"}],"wp:attachment":[{"href":"https:\/\/wp.ufpel.edu.br\/sovet\/wp-json\/wp\/v2\/media?parent=377"}],"curies":[{"name":"wp","href":"https:\/\/api.w.org\/{rel}","templated":true}]}}