{"id":114,"date":"2014-02-25T18:11:44","date_gmt":"2014-02-25T21:11:44","guid":{"rendered":"https:\/\/wp.ufpel.edu.br\/sovet\/?page_id=114"},"modified":"2014-02-26T00:16:32","modified_gmt":"2014-02-26T03:16:32","slug":"publicacoes-2","status":"publish","type":"page","link":"https:\/\/wp.ufpel.edu.br\/sovet\/pesquisa\/publicacoes-2\/","title":{"rendered":"Publica\u00e7\u00f5es"},"content":{"rendered":"<p><span style=\"font-size: medium\"><span style=\"font-family: 'book antiqua', palatino\"><a href=\"http:\/\/www2.pucpr.br\/reol\/index.php\/ACADEMICA?dd1=7742&amp;dd99=view\" target=\"_blank\">Caracter\u00edsticas epidemiol\u00f3gicas de sarcomas de tecidos\u00a0moles caninos e felinos: levantamento de 30 anos (2012)<\/a><\/span><\/span><\/p>\n<p><span style=\"font-size: medium\"><span style=\"font-family: 'book antiqua', palatino\"><a href=\"http:\/\/www.conhecer.org.br\/enciclop\/2012b\/ciencias%20agrarias\/avaliacao%20comparativa%20entre.pdf\" target=\"_blank\">Avalia\u00e7\u00e3o comparativa entre os sistemas histol\u00f3gico descritivo e de gradua\u00e7\u00e3o histol\u00f3gica para neoplasmas mam\u00e1rios em felino (2012)<\/a><\/span><\/span><\/p>\n<p><span style=\"font-size: medium\"><span style=\"font-family: 'book antiqua', palatino\"><a href=\"http:\/\/www.abpv.vet.br\/upload\/documentos\/DOWNLOAD-FULL-ARTICLE-29-20881_2011_7_11_14_42.pdf\" target=\"_blank\">Consensus for the Diagnosis, Prognosis and Treatment of Canine Mammary Tumors &#8211; 2010 (2011)\u00a0<\/a><\/span><\/span><\/p>\n<p><a style=\"line-height: 1.5em;font-family: 'book antiqua', palatino;font-size: medium\" title=\"Epitelioma seb\u00e1ceo em fur\u00e3o\" href=\"http:\/\/www.abpv.vet.br\/upload\/documentos\/V.1,-N.2,-16-20881_2009_12_30_37_40.pdf\" target=\"_blank\">Sebaceous epithelioma in a ferret (Mustela putorius furo) (2008)<\/a><span style=\"line-height: 1.5em;font-family: 'book antiqua', palatino;font-size: medium\">\u00a0<\/span><\/p>\n<h3><span style=\"font-family: 'book antiqua', palatino;font-size: medium\"><a href=\"http:\/\/www.revistaclinicaveterinaria.com.br\/v1\/edicao\/2009\/novembro-dezembro.html\" target=\"_blank\">Adenocarcinoma metast\u00e1tico da gl\u00e2ndula da terceira p\u00e1lpebra em um c\u00e3o (2009)<\/a>\u00a0<\/span><\/h3>\n<p><a style=\"font-size: medium;line-height: 1.5em\" href=\"http:\/\/www.scielo.br\/pdf\/cr\/v38n1\/a24v38n1.pdf\" target=\"_blank\">Tumores em animais de produ\u00e7\u00e3o: aspectos comparativos (2008)<\/a><\/p>\n<h3><span style=\"font-size: medium\"><span style=\"font-family: 'book antiqua', palatino\"><a href=\"http:\/\/www.revistaclinicaveterinaria.com.br\/v1\/edicao\/2008\/julho-agosto.html\" target=\"_blank\">Histiocitoma fibroso maligno tipo c\u00e9lula gigante em felino (2008)<\/a><\/span><\/span><\/h3>\n<p><a style=\"font-family: 'book antiqua', palatino;font-size: medium;line-height: 1.5em\" href=\"http:\/\/www.ufrgs.br\/actavet\/35-3\/artigo745.pdf\" target=\"_blank\">Compara\u00e7\u00e3o entre os sistemas histomorfol\u00f3gico e de gradua\u00e7\u00e3o\u00a0histol\u00f3gica para classifica\u00e7\u00e3o progn\u00f3stica de tumores mam\u00e1rios em cadelas (2007)<\/a><\/p>\n<p><a style=\"font-family: 'book antiqua', palatino;font-size: medium;line-height: 1.5em\" href=\"http:\/\/www.revistas.usp.br\/bjvras\/article\/view\/26583\" target=\"_blank\">Carcinoma de c\u00e9lulas escamosas em bovinos, ovinos e equinos: estudo de 50 casos no sul do Rio Grande do Sul (2007)<\/a><\/p>\n<p><span style=\"font-size: medium\"><a href=\"http:\/\/www.revistaclinicaveterinaria.com.br\/v1\/edicao\/2007\/setembro-outubro.html\" target=\"_blank\">Aspectos \u00a0cl\u00ednico-patol\u00f3gicos dos neopl<span style=\"line-height: 1.5em\">asmas do p\u00e2ncreas \u00a0ex\u00f3crino \u00a0em \u00a0c\u00e3es \u00a0e \u00a0gatos (2007)<\/span><\/a><\/span><\/p>\n<p>&nbsp;<\/p>\n","protected":false},"excerpt":{"rendered":"<p>Caracter\u00edsticas epidemiol\u00f3gicas de sarcomas de tecidos\u00a0moles caninos e felinos: levantamento de 30 anos (2012) Avalia\u00e7\u00e3o comparativa entre os sistemas histol\u00f3gico descritivo e de gradua\u00e7\u00e3o histol\u00f3gica para neoplasmas mam\u00e1rios em felino (2012) Consensus for the Diagnosis, Prognosis and Treatment of Canine &hellip; <a href=\"https:\/\/wp.ufpel.edu.br\/sovet\/pesquisa\/publicacoes-2\/\">Continue lendo <span class=\"meta-nav\">&rarr;<\/span><\/a><\/p>\n","protected":false},"author":356,"featured_media":0,"parent":107,"menu_order":0,"comment_status":"closed","ping_status":"closed","template":"","meta":{"footnotes":""},"class_list":["post-114","page","type-page","status-publish","hentry"],"jetpack_sharing_enabled":true,"_links":{"self":[{"href":"https:\/\/wp.ufpel.edu.br\/sovet\/wp-json\/wp\/v2\/pages\/114","targetHints":{"allow":["GET"]}}],"collection":[{"href":"https:\/\/wp.ufpel.edu.br\/sovet\/wp-json\/wp\/v2\/pages"}],"about":[{"href":"https:\/\/wp.ufpel.edu.br\/sovet\/wp-json\/wp\/v2\/types\/page"}],"author":[{"embeddable":true,"href":"https:\/\/wp.ufpel.edu.br\/sovet\/wp-json\/wp\/v2\/users\/356"}],"replies":[{"embeddable":true,"href":"https:\/\/wp.ufpel.edu.br\/sovet\/wp-json\/wp\/v2\/comments?post=114"}],"version-history":[{"count":4,"href":"https:\/\/wp.ufpel.edu.br\/sovet\/wp-json\/wp\/v2\/pages\/114\/revisions"}],"predecessor-version":[{"id":170,"href":"https:\/\/wp.ufpel.edu.br\/sovet\/wp-json\/wp\/v2\/pages\/114\/revisions\/170"}],"up":[{"embeddable":true,"href":"https:\/\/wp.ufpel.edu.br\/sovet\/wp-json\/wp\/v2\/pages\/107"}],"wp:attachment":[{"href":"https:\/\/wp.ufpel.edu.br\/sovet\/wp-json\/wp\/v2\/media?parent=114"}],"curies":[{"name":"wp","href":"https:\/\/api.w.org\/{rel}","templated":true}]}}