{"id":110,"date":"2014-02-25T18:10:29","date_gmt":"2014-02-25T21:10:29","guid":{"rendered":"https:\/\/wp.ufpel.edu.br\/sovet\/?page_id=110"},"modified":"2014-03-11T18:30:12","modified_gmt":"2014-03-11T21:30:12","slug":"publicacoes","status":"publish","type":"page","link":"https:\/\/wp.ufpel.edu.br\/sovet\/pesquisa\/publicacoes\/","title":{"rendered":"Teses e Disserta\u00e7\u00f5es"},"content":{"rendered":"<p><span style=\"font-size: large\"><a href=\"https:\/\/wp.ufpel.edu.br\/sovet\/files\/2014\/02\/2004-Ramos_AT_dissert.pdf\">2004-Adriano T. Ramos: Tumores em animais de produ\u00e7\u00e3o\u00a0<\/a><a href=\"https:\/\/wp.ufpel.edu.br\/sovet\/files\/2014\/02\/2007-Guim_ThomasN_dissert.pdf\">(disserta\u00e7\u00e3o)<\/a><\/span><\/p>\n<p><a style=\"font-size: large;line-height: 1.5em\" href=\"https:\/\/wp.ufpel.edu.br\/sovet\/files\/2014\/02\/2006-Mendes_Tatiane-Dissert.pdf\">2006-Tatiane C. Mendes: Carcinomas mam\u00e1rios -gradua\u00e7\u00e3o\u00a0<\/a><a style=\"font-size: large;line-height: 1.5em\" href=\"https:\/\/wp.ufpel.edu.br\/sovet\/files\/2014\/02\/2007-Guim_ThomasN_dissert.pdf\">(disserta\u00e7\u00e3o)<\/a><\/p>\n<p><span style=\"font-size: large\"><a href=\"https:\/\/wp.ufpel.edu.br\/sovet\/files\/2014\/02\/2006-Dias_Marcia-Dissert.pdf\">2006-Marcia F, Dias: Mastocitomas em caninos\u00a0<\/a><a href=\"https:\/\/wp.ufpel.edu.br\/sovet\/files\/2014\/02\/2007-Guim_ThomasN_dissert.pdf\">(disserta\u00e7\u00e3o)<\/a><br \/>\n<\/span><\/p>\n<p><span style=\"font-size: large\"><a href=\"https:\/\/wp.ufpel.edu.br\/sovet\/files\/2014\/02\/2007-Guim_ThomasN_dissert.pdf\">2007-Thomas N, Guim: Tumores de mama em caninos <\/a><a href=\"https:\/\/wp.ufpel.edu.br\/sovet\/files\/2014\/02\/2007-Guim_ThomasN_dissert.pdf\">(disserta\u00e7\u00e3o)<\/a><\/span><\/p>\n<p><span style=\"font-size: large\"><a href=\"https:\/\/wp.ufpel.edu.br\/sovet\/files\/2014\/02\/2009-Silveira-MatheusFolgearini-dissert.pdf\">2009-Matheus Silveira: Densidade microvascular em sarcomas de caninos <\/a><a href=\"https:\/\/wp.ufpel.edu.br\/sovet\/files\/2014\/02\/2007-Guim_ThomasN_dissert.pdf\">(disserta\u00e7\u00e3o)<\/a><\/span><\/p>\n<p><span style=\"font-size: large\"><a href=\"https:\/\/wp.ufpel.edu.br\/sovet\/files\/2014\/02\/2009-Spader-melissa_dissert.pdf\">2009-Melissa Spader: Tumores mam\u00e1rios em felinos <\/a><a href=\"https:\/\/wp.ufpel.edu.br\/sovet\/files\/2014\/02\/2007-Guim_ThomasN_dissert.pdf\">(disserta\u00e7\u00e3o)<\/a><\/span><\/p>\n<p><span style=\"font-size: large\"><a href=\"https:\/\/wp.ufpel.edu.br\/sovet\/files\/2014\/02\/2010-Guim-Tain\u00e3-dissert.pdf\">2010-Tain\u00e3 Guim: Fatores progn\u00f3sticos em CCEs de caninos <\/a><a href=\"https:\/\/wp.ufpel.edu.br\/sovet\/files\/2014\/02\/2007-Guim_ThomasN_dissert.pdf\">(disserta\u00e7\u00e3o)<\/a><\/span><\/p>\n<p><span style=\"font-size: large\"><a href=\"https:\/\/wp.ufpel.edu.br\/sovet\/files\/2014\/02\/2011-Michele_Berselli.pdf\">2011-Micheli Berselli: Hemangiossarcomas <\/a><a href=\"https:\/\/wp.ufpel.edu.br\/sovet\/files\/2014\/02\/2007-Guim_ThomasN_dissert.pdf\">(disserta\u00e7\u00e3o)<\/a><\/span><\/p>\n<p><span style=\"font-size: large\"><a href=\"https:\/\/wp.ufpel.edu.br\/sovet\/files\/2014\/02\/2011-TNGUIM_Tese.pdf\">20<\/a><\/span><a style=\"font-size: large;line-height: 1.5em\" href=\"https:\/\/wp.ufpel.edu.br\/sovet\/files\/2014\/02\/2011-TNGUIM_Tese.pdf\">11-Thomas N Guim-Tese: Tumores mistos de mama em caninos (tese)<\/a><\/p>\n<p><a href=\"https:\/\/wp.ufpel.edu.br\/sovet\/files\/2014\/02\/Jo\u00e3o-Katiellen.jpg\"><img loading=\"lazy\" decoding=\"async\" class=\"alignnone size-medium wp-image-196 aligncenter\" alt=\"Jo\u00e3o-Katiellen\" src=\"https:\/\/wp.ufpel.edu.br\/sovet\/files\/2014\/02\/Jo\u00e3o-Katiellen-275x318.jpg\" width=\"275\" height=\"318\" srcset=\"https:\/\/wp.ufpel.edu.br\/sovet\/files\/2014\/02\/Jo\u00e3o-Katiellen-275x318.jpg 275w, https:\/\/wp.ufpel.edu.br\/sovet\/files\/2014\/02\/Jo\u00e3o-Katiellen-137x159.jpg 137w, https:\/\/wp.ufpel.edu.br\/sovet\/files\/2014\/02\/Jo\u00e3o-Katiellen.jpg 831w\" sizes=\"auto, (max-width: 275px) 100vw, 275px\" \/><\/a><\/p>\n","protected":false},"excerpt":{"rendered":"<p>2004-Adriano T. Ramos: Tumores em animais de produ\u00e7\u00e3o\u00a0(disserta\u00e7\u00e3o) 2006-Tatiane C. Mendes: Carcinomas mam\u00e1rios -gradua\u00e7\u00e3o\u00a0(disserta\u00e7\u00e3o) 2006-Marcia F, Dias: Mastocitomas em caninos\u00a0(disserta\u00e7\u00e3o) 2007-Thomas N, Guim: Tumores de mama em caninos (disserta\u00e7\u00e3o) 2009-Matheus Silveira: Densidade microvascular em sarcomas de caninos (disserta\u00e7\u00e3o) 2009-Melissa Spader: &hellip; <a href=\"https:\/\/wp.ufpel.edu.br\/sovet\/pesquisa\/publicacoes\/\">Continue lendo <span class=\"meta-nav\">&rarr;<\/span><\/a><\/p>\n","protected":false},"author":356,"featured_media":0,"parent":107,"menu_order":0,"comment_status":"closed","ping_status":"closed","template":"","meta":{"footnotes":""},"class_list":["post-110","page","type-page","status-publish","hentry"],"jetpack_sharing_enabled":true,"_links":{"self":[{"href":"https:\/\/wp.ufpel.edu.br\/sovet\/wp-json\/wp\/v2\/pages\/110","targetHints":{"allow":["GET"]}}],"collection":[{"href":"https:\/\/wp.ufpel.edu.br\/sovet\/wp-json\/wp\/v2\/pages"}],"about":[{"href":"https:\/\/wp.ufpel.edu.br\/sovet\/wp-json\/wp\/v2\/types\/page"}],"author":[{"embeddable":true,"href":"https:\/\/wp.ufpel.edu.br\/sovet\/wp-json\/wp\/v2\/users\/356"}],"replies":[{"embeddable":true,"href":"https:\/\/wp.ufpel.edu.br\/sovet\/wp-json\/wp\/v2\/comments?post=110"}],"version-history":[{"count":7,"href":"https:\/\/wp.ufpel.edu.br\/sovet\/wp-json\/wp\/v2\/pages\/110\/revisions"}],"predecessor-version":[{"id":197,"href":"https:\/\/wp.ufpel.edu.br\/sovet\/wp-json\/wp\/v2\/pages\/110\/revisions\/197"}],"up":[{"embeddable":true,"href":"https:\/\/wp.ufpel.edu.br\/sovet\/wp-json\/wp\/v2\/pages\/107"}],"wp:attachment":[{"href":"https:\/\/wp.ufpel.edu.br\/sovet\/wp-json\/wp\/v2\/media?parent=110"}],"curies":[{"name":"wp","href":"https:\/\/api.w.org\/{rel}","templated":true}]}}