{"id":878,"date":"2021-09-22T20:54:17","date_gmt":"2021-09-22T23:54:17","guid":{"rendered":"https:\/\/wp.ufpel.edu.br\/solos\/?page_id=878"},"modified":"2021-09-22T21:12:52","modified_gmt":"2021-09-23T00:12:52","slug":"microbiologicas","status":"publish","type":"page","link":"https:\/\/wp.ufpel.edu.br\/solos\/analises-realizadas\/microbiologicas\/","title":{"rendered":"Microbiol\u00f3gicas"},"content":{"rendered":"<table style=\"border-collapse: collapse;width: 100%;height: 200px\" border=\"1\">\n<tbody>\n<tr style=\"height: 39px\">\n<td style=\"width: 75%;height: 39px;text-align: center\">\n<h5>AN\u00c1LISES<\/h5>\n<\/td>\n<td style=\"width: 15%;height: 39px;text-align: center\">\n<h5>Pre\u00e7os<\/h5>\n<\/td>\n<td style=\"width: 15%;height: 39px;text-align: center\">\n<h5>Pre\u00e7os com desconto<\/h5>\n<\/td>\n<\/tr>\n<tr>\n<td style=\"width: 75%\">Avalia\u00e7\u00e3o da atividade microbiana no solo<\/td>\n<td style=\"width: 15%;text-align: center\">R$ 70,00<\/td>\n<td style=\"width: 15%;text-align: center\">R$ 65,00<\/td>\n<\/tr>\n<tr>\n<td style=\"width: 75%\">Avalia\u00e7\u00e3o da biomassa microbiana (carbono microbiano)<\/td>\n<td style=\"width: 15%;text-align: center\">R$ 80,00<\/td>\n<td style=\"width: 15%;text-align: center\">R$ 75,00<\/td>\n<\/tr>\n<\/tbody>\n<\/table>\n<p><\/p>\n","protected":false},"excerpt":{"rendered":"<p>AN\u00c1LISES Pre\u00e7os Pre\u00e7os com desconto Avalia\u00e7\u00e3o da atividade microbiana no solo R$ 70,00 R$ 65,00 Avalia\u00e7\u00e3o da biomassa microbiana (carbono microbiano) R$ 80,00 R$ 75,00<\/p>\n","protected":false},"author":776,"featured_media":0,"parent":662,"menu_order":0,"comment_status":"closed","ping_status":"closed","template":"","meta":{"footnotes":""},"class_list":["post-878","page","type-page","status-publish","hentry","nodate","item-wrap"],"_links":{"self":[{"href":"https:\/\/wp.ufpel.edu.br\/solos\/wp-json\/wp\/v2\/pages\/878","targetHints":{"allow":["GET"]}}],"collection":[{"href":"https:\/\/wp.ufpel.edu.br\/solos\/wp-json\/wp\/v2\/pages"}],"about":[{"href":"https:\/\/wp.ufpel.edu.br\/solos\/wp-json\/wp\/v2\/types\/page"}],"author":[{"embeddable":true,"href":"https:\/\/wp.ufpel.edu.br\/solos\/wp-json\/wp\/v2\/users\/776"}],"replies":[{"embeddable":true,"href":"https:\/\/wp.ufpel.edu.br\/solos\/wp-json\/wp\/v2\/comments?post=878"}],"version-history":[{"count":2,"href":"https:\/\/wp.ufpel.edu.br\/solos\/wp-json\/wp\/v2\/pages\/878\/revisions"}],"predecessor-version":[{"id":891,"href":"https:\/\/wp.ufpel.edu.br\/solos\/wp-json\/wp\/v2\/pages\/878\/revisions\/891"}],"up":[{"embeddable":true,"href":"https:\/\/wp.ufpel.edu.br\/solos\/wp-json\/wp\/v2\/pages\/662"}],"wp:attachment":[{"href":"https:\/\/wp.ufpel.edu.br\/solos\/wp-json\/wp\/v2\/media?parent=878"}],"curies":[{"name":"wp","href":"https:\/\/api.w.org\/{rel}","templated":true}]}}