{"id":871,"date":"2021-09-22T20:52:00","date_gmt":"2021-09-22T23:52:00","guid":{"rendered":"https:\/\/wp.ufpel.edu.br\/solos\/?page_id=871"},"modified":"2021-09-22T21:33:38","modified_gmt":"2021-09-23T00:33:38","slug":"agua","status":"publish","type":"page","link":"https:\/\/wp.ufpel.edu.br\/solos\/analises-realizadas\/agua\/","title":{"rendered":"\u00c1gua"},"content":{"rendered":"<table style=\"border-collapse: collapse;width: 100%;height: 274px\" border=\"1\">\n<tbody>\n<tr style=\"height: 10px\">\n<td style=\"width: 70%;height: 10px;text-align: center\">\n<h5>AN\u00c1LISES<\/h5>\n<\/td>\n<td style=\"width: 15%;height: 10px;text-align: center\">\n<h5>Pre\u00e7os<\/h5>\n<\/td>\n<td style=\"width: 15%;height: 10px;text-align: center\">\n<h5>Pre\u00e7os com desconto<\/h5>\n<\/td>\n<\/tr>\n<tr style=\"height: 62px\">\n<td style=\"width: 70%;height: 62px\">An\u00e1lise qu\u00edmica em \u00e1gua (pH, CE, NH4, NO3, Na, K, Ca e Mg)<\/td>\n<td style=\"width: 15%;height: 62px;text-align: center\">R$ 45,00<\/td>\n<td style=\"width: 15%;height: 62px;text-align: center\">R$ 40,00<\/td>\n<\/tr>\n<tr style=\"height: 40px\">\n<td style=\"width: 70%;height: 40px\">Condutividade el\u00e9trica em \u00e1gua (salinidade)<\/td>\n<td style=\"width: 15%;height: 40px;text-align: center\">R$ 10,00<\/td>\n<td style=\"width: 15%;height: 40px;text-align: center\">R$ 10,00<\/td>\n<\/tr>\n<tr style=\"height: 40px\">\n<td style=\"width: 70%;height: 40px\">Determina\u00e7\u00e3o de coliformes totais e fecais em \u00e1gua<\/td>\n<td style=\"width: 15%;height: 40px;text-align: center\">R$ 85,00<\/td>\n<td style=\"width: 15%;height: 40px;text-align: center\">R$ 80,00<\/td>\n<\/tr>\n<\/tbody>\n<\/table>\n<p>&nbsp;<\/p>\n","protected":false},"excerpt":{"rendered":"<p>AN\u00c1LISES Pre\u00e7os Pre\u00e7os com desconto An\u00e1lise qu\u00edmica em \u00e1gua (pH, CE, NH4, NO3, Na, K, Ca e Mg) R$ 45,00 R$ 40,00 Condutividade el\u00e9trica em \u00e1gua (salinidade) R$ 10,00 R$ 10,00 Determina\u00e7\u00e3o de coliformes totais e fecais em \u00e1gua R$ 85,00 R$ 80,00 &nbsp;<\/p>\n","protected":false},"author":776,"featured_media":0,"parent":662,"menu_order":0,"comment_status":"closed","ping_status":"closed","template":"","meta":{"footnotes":""},"class_list":["post-871","page","type-page","status-publish","hentry","nodate","item-wrap"],"_links":{"self":[{"href":"https:\/\/wp.ufpel.edu.br\/solos\/wp-json\/wp\/v2\/pages\/871","targetHints":{"allow":["GET"]}}],"collection":[{"href":"https:\/\/wp.ufpel.edu.br\/solos\/wp-json\/wp\/v2\/pages"}],"about":[{"href":"https:\/\/wp.ufpel.edu.br\/solos\/wp-json\/wp\/v2\/types\/page"}],"author":[{"embeddable":true,"href":"https:\/\/wp.ufpel.edu.br\/solos\/wp-json\/wp\/v2\/users\/776"}],"replies":[{"embeddable":true,"href":"https:\/\/wp.ufpel.edu.br\/solos\/wp-json\/wp\/v2\/comments?post=871"}],"version-history":[{"count":6,"href":"https:\/\/wp.ufpel.edu.br\/solos\/wp-json\/wp\/v2\/pages\/871\/revisions"}],"predecessor-version":[{"id":888,"href":"https:\/\/wp.ufpel.edu.br\/solos\/wp-json\/wp\/v2\/pages\/871\/revisions\/888"}],"up":[{"embeddable":true,"href":"https:\/\/wp.ufpel.edu.br\/solos\/wp-json\/wp\/v2\/pages\/662"}],"wp:attachment":[{"href":"https:\/\/wp.ufpel.edu.br\/solos\/wp-json\/wp\/v2\/media?parent=871"}],"curies":[{"name":"wp","href":"https:\/\/api.w.org\/{rel}","templated":true}]}}