{"id":868,"date":"2021-09-22T20:47:04","date_gmt":"2021-09-22T23:47:04","guid":{"rendered":"https:\/\/wp.ufpel.edu.br\/solos\/?page_id=868"},"modified":"2022-05-16T11:10:05","modified_gmt":"2022-05-16T14:10:05","slug":"analises-quimicas","status":"publish","type":"page","link":"https:\/\/wp.ufpel.edu.br\/solos\/analises-realizadas\/analises-quimicas\/","title":{"rendered":"Qu\u00edmicas"},"content":{"rendered":"<table style=\"width: 100%;border-collapse: collapse;height: 576px\" border=\"1\">\n<tbody>\n<tr style=\"height: 62px\">\n<td style=\"width: 70%;height: 44px;text-align: center\">\n<h5>AN\u00c1LISES<\/h5>\n<\/td>\n<td style=\"width: 15%;height: 44px;text-align: center\">\n<h5>Pre\u00e7os<\/h5>\n<\/td>\n<td style=\"width: 15%;height: 44px;text-align: center\">\n<h5>Pre\u00e7os com desconto<\/h5>\n<\/td>\n<\/tr>\n<tr style=\"height: 40px\">\n<td style=\"width: 70%;height: 40px\">Am\u00f4nia e nitrato em solos (destila\u00e7\u00e3o NH4 e NO3)<\/td>\n<td style=\"width: 15%;height: 40px\">R$ 20,00<\/td>\n<td style=\"width: 15%;height: 40px\">R$ 18,00<\/td>\n<\/tr>\n<tr style=\"height: 49px\">\n<td style=\"width: 70%;height: 49px\">An\u00e1lise B\u00e1sica Fertilidade (MO, pH, SMP, P, K, Ca, Mg, Na, Al, CTC,<br \/>\nSat.Al,<br \/>\nSat.Bases)<\/td>\n<td style=\"width: 15%;height: 49px\">R$ 33,00<\/td>\n<td style=\"width: 15%;height: 49px\">R$ 30,00<\/td>\n<\/tr>\n<tr style=\"height: 40px\">\n<td style=\"width: 70%;height: 40px\">An\u00e1lise B\u00e1sica + Micronutrientes+ Boro<\/td>\n<td style=\"width: 15%;height: 40px\">R$\u00a0 45,00<\/td>\n<td style=\"width: 15%;height: 40px\">R$ 40,00<\/td>\n<\/tr>\n<tr style=\"height: 40px\">\n<td style=\"width: 70%;height: 40px\">An\u00e1lise B\u00e1sica + Micronutrientes + Enxofre<\/td>\n<td style=\"width: 15%;height: 40px\">R$ 45,00<\/td>\n<td style=\"width: 15%;height: 40px\">R$ 40,00<\/td>\n<\/tr>\n<tr style=\"height: 43px\">\n<td style=\"width: 70%;height: 43px\">An\u00e1lise B\u00e1sica + Micronutrientes (Ferro, Zinco, Cobre e Mangan\u00eas)<\/td>\n<td style=\"width: 15%;height: 43px\">R$ 38,00<\/td>\n<td style=\"width: 15%;height: 43px\">R$ 35,00<\/td>\n<\/tr>\n<tr style=\"height: 40px\">\n<td style=\"width: 70%;height: 40px\">Condutividade el\u00e9trica extrato de satura\u00e7\u00e3o do solo<\/td>\n<td style=\"width: 15%;height: 40px\">R$ 18,00<\/td>\n<td style=\"width: 15%;height: 40px\">R$ 15,00<\/td>\n<\/tr>\n<tr style=\"height: 40px\">\n<td style=\"width: 70%;height: 40px\">Carbono org\u00e2nico do solo (Walkley Black)<\/td>\n<td style=\"width: 15%;height: 40px\">R$ 18,00<\/td>\n<td style=\"width: 15%;height: 40px\">R$ 15,00<\/td>\n<\/tr>\n<tr style=\"height: 20px\">\n<td style=\"width: 70%;height: 20px\">Determina\u00e7\u00e3o de acidez potencial (H + Al) \u2013 m\u00e9todo acetato de c\u00e1lcio pH7,0<\/td>\n<td style=\"width: 15%;height: 20px\">R$ 20,00<\/td>\n<td style=\"width: 15%;height: 20px\">R$ 18,00<\/td>\n<\/tr>\n<tr style=\"height: 40px\">\n<td style=\"width: 70%;height: 40px\">Nitrog\u00eanio total em solos<\/td>\n<td style=\"width: 15%;height: 40px\">R$ 20,00<\/td>\n<td style=\"width: 15%;height: 40px\">R$ 18,00<\/td>\n<\/tr>\n<\/tbody>\n<\/table>\n<p><\/p>\n","protected":false},"excerpt":{"rendered":"<p>AN\u00c1LISES Pre\u00e7os Pre\u00e7os com desconto Am\u00f4nia e nitrato em solos (destila\u00e7\u00e3o NH4 e NO3) R$ 20,00 R$ 18,00 An\u00e1lise B\u00e1sica Fertilidade (MO, pH, SMP, P, K, Ca, Mg, Na, Al, CTC, Sat.Al, Sat.Bases) R$ 33,00 R$ 30,00 An\u00e1lise B\u00e1sica + Micronutrientes+ Boro R$\u00a0 45,00 R$ 40,00 An\u00e1lise B\u00e1sica + Micronutrientes + Enxofre R$ 45,00 R$ &hellip; <\/p>\n<p><a class=\"more-link btn\" href=\"https:\/\/wp.ufpel.edu.br\/solos\/analises-realizadas\/analises-quimicas\/\">Continue lendo<\/a><\/p>\n","protected":false},"author":776,"featured_media":0,"parent":662,"menu_order":0,"comment_status":"closed","ping_status":"closed","template":"","meta":{"footnotes":""},"class_list":["post-868","page","type-page","status-publish","hentry","nodate","item-wrap"],"_links":{"self":[{"href":"https:\/\/wp.ufpel.edu.br\/solos\/wp-json\/wp\/v2\/pages\/868","targetHints":{"allow":["GET"]}}],"collection":[{"href":"https:\/\/wp.ufpel.edu.br\/solos\/wp-json\/wp\/v2\/pages"}],"about":[{"href":"https:\/\/wp.ufpel.edu.br\/solos\/wp-json\/wp\/v2\/types\/page"}],"author":[{"embeddable":true,"href":"https:\/\/wp.ufpel.edu.br\/solos\/wp-json\/wp\/v2\/users\/776"}],"replies":[{"embeddable":true,"href":"https:\/\/wp.ufpel.edu.br\/solos\/wp-json\/wp\/v2\/comments?post=868"}],"version-history":[{"count":7,"href":"https:\/\/wp.ufpel.edu.br\/solos\/wp-json\/wp\/v2\/pages\/868\/revisions"}],"predecessor-version":[{"id":1089,"href":"https:\/\/wp.ufpel.edu.br\/solos\/wp-json\/wp\/v2\/pages\/868\/revisions\/1089"}],"up":[{"embeddable":true,"href":"https:\/\/wp.ufpel.edu.br\/solos\/wp-json\/wp\/v2\/pages\/662"}],"wp:attachment":[{"href":"https:\/\/wp.ufpel.edu.br\/solos\/wp-json\/wp\/v2\/media?parent=868"}],"curies":[{"name":"wp","href":"https:\/\/api.w.org\/{rel}","templated":true}]}}