{"id":8,"date":"2009-06-10T10:41:45","date_gmt":"2009-06-10T13:41:45","guid":{"rendered":"https:\/\/wp.ufpel.edu.br\/solos\/?page_id=8"},"modified":"2022-10-29T15:34:47","modified_gmt":"2022-10-29T18:34:47","slug":"corpo-docente","status":"publish","type":"page","link":"https:\/\/wp.ufpel.edu.br\/solos\/corpo-docente\/","title":{"rendered":"Corpo Docente"},"content":{"rendered":"<table style=\"border-collapse: collapse;width: 100.267%;height: 439px\" border=\"1\">\n<tbody>\n<tr style=\"height: 39px\">\n<td style=\"width: 41.8666%;height: 39px\"><strong><span style=\"font-family: arial, helvetica, sans-serif;font-size: 12pt;color: #000000\"><a style=\"color: #000000\" href=\"https:\/\/institucional.ufpel.edu.br\/servidores\/siape\/1652863\">Cl\u00e1udia Liane Rodrigues de Lima <\/a><\/span><\/strong><\/td>\n<td style=\"width: 24.8%;height: 39px;text-align: center\"><em><span style=\"font-family: arial, helvetica, sans-serif;font-size: 12pt;color: #000000\">clrlima@yahoo.com.br<\/span><\/em><\/td>\n<td style=\"width: 33.3333%;height: 39px;text-align: center\"><span style=\"font-family: arial, helvetica, sans-serif;font-size: 12pt;color: #000000\"><a style=\"color: #000000\" href=\"http:\/\/lattes.cnpq.br\/2551244866523249\">curr\u00edculo lattes<\/a><\/span><\/td>\n<\/tr>\n<tr style=\"height: 39px\">\n<td style=\"width: 41.8666%;height: 39px\"><span style=\"color: #000000\"><strong>Ezequiel Cesar Carvalho<\/strong> <strong>Miola<\/strong><\/span><\/td>\n<td style=\"width: 24.8%;height: 39px;text-align: center\"><em><span style=\"font-family: arial, helvetica, sans-serif;font-size: 12pt;color: #000000\">ezequiel.miola@ufpel.edu.br<\/span><\/em><\/td>\n<td style=\"width: 33.3333%;height: 39px;text-align: center\"><span style=\"font-family: arial, helvetica, sans-serif;font-size: 12pt;color: #000000\"><a style=\"color: #000000\" href=\"http:\/\/lattes.cnpq.br\/2746601525719805\">curr\u00edculo lattes<\/a><\/span><\/td>\n<\/tr>\n<tr style=\"height: 39px\">\n<td style=\"width: 41.8666%;height: 39px\"><strong><span style=\"font-family: arial, helvetica, sans-serif;font-size: 12pt;color: #000000\"><a style=\"color: #000000\" href=\"https:\/\/institucional.ufpel.edu.br\/servidores\/siape\/3042542\">Filipe Selau Carlos<\/a><\/span><\/strong><\/td>\n<td style=\"width: 24.8%;height: 39px;text-align: center\"><span style=\"color: #000000;font-family: arial, helvetica, sans-serif\"><em>filipeselaucarlos@hotmail.com<\/em><\/span><\/td>\n<td style=\"width: 33.3333%;height: 39px;text-align: center\"><span style=\"color: #000000;font-size: 12pt;font-family: arial, helvetica, sans-serif\"><a style=\"color: #000000\" href=\"http:\/\/buscatextual.cnpq.br\/buscatextual\/visualizacv.do?id=K4425274U8\">curr\u00edculo lattes<\/a><\/span><\/td>\n<\/tr>\n<tr style=\"height: 39px\">\n<td style=\"width: 41.8666%;height: 39px\"><strong><span style=\"color: #000000;font-family: arial, helvetica, sans-serif;font-size: 12pt\"><a style=\"color: #000000\" href=\"https:\/\/institucional.ufpel.edu.br\/servidores\/siape\/1152427\">Flavia Fontana Fernandes<\/a><\/span><\/strong><\/td>\n<td style=\"width: 24.8%;height: 39px;text-align: center\"><em><span style=\"font-family: arial, helvetica, sans-serif;font-size: 12pt;color: #000000\">flaviaff@ufpel.edu.br<\/span><\/em><\/td>\n<td style=\"width: 33.3333%;height: 39px;text-align: center\"><span style=\"color: #000000;font-family: arial, helvetica, sans-serif;font-size: 12pt\"><a style=\"color: #000000\" href=\"http:\/\/lattes.cnpq.br\/2791199435022974\">curr\u00edculo lattes<\/a><\/span><\/td>\n<\/tr>\n<tr style=\"height: 42px\">\n<td style=\"width: 41.8666%;height: 42px\"><a href=\"https:\/\/institucional.ufpel.edu.br\/servidores\/id\/36303\"><strong><span style=\"font-family: arial, helvetica, sans-serif;font-size: 12pt;color: #000000\">Lizete Stumpf<\/span><\/strong><\/a><\/td>\n<td style=\"width: 24.8%;text-align: center;height: 42px\"><em><span style=\"font-family: arial, helvetica, sans-serif;font-size: 12pt;color: #000000\">lstumpf@ufpel.edu.br<\/span><\/em><\/td>\n<td style=\"width: 33.3333%;text-align: center;height: 42px\"><a href=\"http:\/\/buscatextual.cnpq.br\/buscatextual\/visualizacv.do?id=K4706250P5\"><span style=\"font-family: arial, helvetica, sans-serif;font-size: 12pt;color: #000000\">curr\u00edculo lattes<\/span><\/a><\/td>\n<\/tr>\n<tr style=\"height: 39px\">\n<td style=\"width: 41.8666%;height: 39px\"><strong><span style=\"font-family: arial, helvetica, sans-serif;font-size: 12pt;color: #000000\"><a style=\"color: #000000\" href=\"https:\/\/institucional.ufpel.edu.br\/servidores\/siape\/2205906\">Luiz Fernando Spinelli Pinto<\/a><\/span><\/strong><\/td>\n<td style=\"width: 24.8%;height: 39px;text-align: center\"><em><span style=\"font-family: arial, helvetica, sans-serif;font-size: 12pt;color: #000000\">lfspin@uol.com.br<\/span><\/em><\/td>\n<td style=\"width: 33.3333%;height: 39px;text-align: center\"><span style=\"font-family: arial, helvetica, sans-serif;font-size: 12pt;color: #000000\"><a style=\"color: #000000\" href=\"http:\/\/lattes.cnpq.br\/1335865923064627\">curr\u00edculo lattes<\/a><\/span><\/td>\n<\/tr>\n<tr style=\"height: 42px\">\n<td style=\"width: 41.8666%;height: 42px\"><strong><span style=\"color: #000000\"><a style=\"color: #000000\" href=\"https:\/\/institucional.ufpel.edu.br\/servidores\/id\/135883\"><span style=\"font-family: arial, helvetica, sans-serif\">Maria Candida Moitinho Nunes<\/span><\/a><\/span><span style=\"font-family: arial, helvetica, sans-serif;font-size: 12pt;color: #000000\"><br \/>\n<\/span><\/strong><\/td>\n<td style=\"width: 24.8%;text-align: center;height: 42px\"><em><span style=\"font-family: arial, helvetica, sans-serif;font-size: 12pt;color: #000000\">candida.nunes@ufpel.edu.br<\/span><\/em><\/td>\n<td style=\"width: 33.3333%;text-align: center;height: 42px\"><a href=\"http:\/\/buscatextual.cnpq.br\/buscatextual\/visualizacv.do?id=K4707323U6\"><span style=\"font-family: arial, helvetica, sans-serif;font-size: 12pt;color: #000000\">curr\u00edculo lattes<\/span><\/a><\/td>\n<\/tr>\n<tr style=\"height: 39px\">\n<td style=\"width: 41.8666%;height: 39px\"><strong><span style=\"font-family: arial, helvetica, sans-serif;font-size: 12pt;color: #000000\"><a style=\"color: #000000\" href=\"https:\/\/institucional.ufpel.edu.br\/servidores\/siape\/1809924\">Pablo Miguel<\/a><\/span><\/strong><\/td>\n<td style=\"width: 24.8%;height: 39px;text-align: center\"><em><span style=\"font-family: arial, helvetica, sans-serif;font-size: 12pt;color: #000000\">pablo.ufsm@gmail.com<\/span><\/em><\/td>\n<td style=\"width: 33.3333%;height: 39px;text-align: center\"><span style=\"font-family: arial, helvetica, sans-serif;font-size: 12pt;color: #000000\"><a style=\"color: #000000\" href=\"http:\/\/buscatextual.cnpq.br\/buscatextual\/visualizacv.do?id=K4711590Y7\">curr\u00edculo lattes<\/a><\/span><\/td>\n<\/tr>\n<tr style=\"height: 39px\">\n<td style=\"width: 41.8666%;height: 39px\"><strong><span style=\"font-family: arial, helvetica, sans-serif;font-size: 12pt;color: #000000\"><a style=\"color: #000000\" href=\"https:\/\/institucional.ufpel.edu.br\/servidores\/siape\/1033825\">Rog\u00e9rio Oliveira de Sousa<\/a><\/span><\/strong><\/td>\n<td style=\"width: 24.8%;height: 39px;text-align: center\"><em><span style=\"font-family: arial, helvetica, sans-serif;font-size: 12pt;color: #000000\">rosousa@ufpel.edu.br<\/span><\/em><\/td>\n<td style=\"width: 33.3333%;height: 39px;text-align: center\"><span style=\"font-family: arial, helvetica, sans-serif;font-size: 12pt;color: #000000\"><a style=\"color: #000000\" href=\"http:\/\/lattes.cnpq.br\/0190845387852451\">curr\u00edculo lattes<\/a><\/span><\/td>\n<\/tr>\n<tr style=\"height: 39px\">\n<td style=\"width: 41.8666%;height: 39px\"><\/td>\n<td style=\"width: 24.8%;height: 39px;text-align: center\"><\/td>\n<td style=\"width: 33.3333%;height: 39px;text-align: center\"><\/td>\n<\/tr>\n<\/tbody>\n<\/table>\n<p><\/p>\n","protected":false},"excerpt":{"rendered":"<p>Cl\u00e1udia Liane Rodrigues de Lima clrlima@yahoo.com.br curr\u00edculo lattes Ezequiel Cesar Carvalho Miola ezequiel.miola@ufpel.edu.br curr\u00edculo lattes Filipe Selau Carlos filipeselaucarlos@hotmail.com curr\u00edculo lattes Flavia Fontana Fernandes flaviaff@ufpel.edu.br curr\u00edculo lattes Lizete Stumpf lstumpf@ufpel.edu.br curr\u00edculo lattes Luiz Fernando Spinelli Pinto lfspin@uol.com.br curr\u00edculo lattes Maria Candida Moitinho Nunes candida.nunes@ufpel.edu.br curr\u00edculo lattes Pablo Miguel pablo.ufsm@gmail.com curr\u00edculo lattes Rog\u00e9rio Oliveira de Sousa &hellip; <\/p>\n<p><a class=\"more-link btn\" href=\"https:\/\/wp.ufpel.edu.br\/solos\/corpo-docente\/\">Continue lendo<\/a><\/p>\n","protected":false},"author":13,"featured_media":0,"parent":0,"menu_order":2,"comment_status":"closed","ping_status":"closed","template":"","meta":{"footnotes":""},"class_list":["post-8","page","type-page","status-publish","hentry","nodate","item-wrap"],"_links":{"self":[{"href":"https:\/\/wp.ufpel.edu.br\/solos\/wp-json\/wp\/v2\/pages\/8","targetHints":{"allow":["GET"]}}],"collection":[{"href":"https:\/\/wp.ufpel.edu.br\/solos\/wp-json\/wp\/v2\/pages"}],"about":[{"href":"https:\/\/wp.ufpel.edu.br\/solos\/wp-json\/wp\/v2\/types\/page"}],"author":[{"embeddable":true,"href":"https:\/\/wp.ufpel.edu.br\/solos\/wp-json\/wp\/v2\/users\/13"}],"replies":[{"embeddable":true,"href":"https:\/\/wp.ufpel.edu.br\/solos\/wp-json\/wp\/v2\/comments?post=8"}],"version-history":[{"count":47,"href":"https:\/\/wp.ufpel.edu.br\/solos\/wp-json\/wp\/v2\/pages\/8\/revisions"}],"predecessor-version":[{"id":1130,"href":"https:\/\/wp.ufpel.edu.br\/solos\/wp-json\/wp\/v2\/pages\/8\/revisions\/1130"}],"wp:attachment":[{"href":"https:\/\/wp.ufpel.edu.br\/solos\/wp-json\/wp\/v2\/media?parent=8"}],"curies":[{"name":"wp","href":"https:\/\/api.w.org\/{rel}","templated":true}]}}