{"id":777,"date":"2020-07-15T21:22:10","date_gmt":"2020-07-16T00:22:10","guid":{"rendered":"https:\/\/wp.ufpel.edu.br\/solos\/?page_id=777"},"modified":"2020-07-15T21:24:21","modified_gmt":"2020-07-16T00:24:21","slug":"pos-graduacao-2","status":"publish","type":"page","link":"https:\/\/wp.ufpel.edu.br\/solos\/ensino-2\/pos-graduacao-2\/","title":{"rendered":"P\u00f3s Gradua\u00e7\u00e3o"},"content":{"rendered":"<p><span style=\"font-size: 14pt\">Neste espa\u00e7o encontram-se as disciplinas disponibilizadas para alunos da p\u00f3s gradua\u00e7\u00e3o ministradas pelos discentes do Departamento de Solos da UFPel<\/span><\/p>\n<p><span style=\"font-size: 14pt\">Clique nos cursos para saber mais <\/span><\/p>\n<p><span style=\"font-size: 18pt\">\u21d3<\/span><\/p>\n","protected":false},"excerpt":{"rendered":"<p>Neste espa\u00e7o encontram-se as disciplinas disponibilizadas para alunos da p\u00f3s gradua\u00e7\u00e3o ministradas pelos discentes do Departamento de Solos da UFPel Clique nos cursos para saber mais \u21d3<\/p>\n","protected":false},"author":776,"featured_media":0,"parent":774,"menu_order":1,"comment_status":"closed","ping_status":"closed","template":"","meta":{"footnotes":""},"class_list":["post-777","page","type-page","status-publish","hentry","nodate","item-wrap"],"_links":{"self":[{"href":"https:\/\/wp.ufpel.edu.br\/solos\/wp-json\/wp\/v2\/pages\/777","targetHints":{"allow":["GET"]}}],"collection":[{"href":"https:\/\/wp.ufpel.edu.br\/solos\/wp-json\/wp\/v2\/pages"}],"about":[{"href":"https:\/\/wp.ufpel.edu.br\/solos\/wp-json\/wp\/v2\/types\/page"}],"author":[{"embeddable":true,"href":"https:\/\/wp.ufpel.edu.br\/solos\/wp-json\/wp\/v2\/users\/776"}],"replies":[{"embeddable":true,"href":"https:\/\/wp.ufpel.edu.br\/solos\/wp-json\/wp\/v2\/comments?post=777"}],"version-history":[{"count":1,"href":"https:\/\/wp.ufpel.edu.br\/solos\/wp-json\/wp\/v2\/pages\/777\/revisions"}],"predecessor-version":[{"id":779,"href":"https:\/\/wp.ufpel.edu.br\/solos\/wp-json\/wp\/v2\/pages\/777\/revisions\/779"}],"up":[{"embeddable":true,"href":"https:\/\/wp.ufpel.edu.br\/solos\/wp-json\/wp\/v2\/pages\/774"}],"wp:attachment":[{"href":"https:\/\/wp.ufpel.edu.br\/solos\/wp-json\/wp\/v2\/media?parent=777"}],"curies":[{"name":"wp","href":"https:\/\/api.w.org\/{rel}","templated":true}]}}