{"id":755,"date":"2020-07-15T17:12:46","date_gmt":"2020-07-15T20:12:46","guid":{"rendered":"https:\/\/wp.ufpel.edu.br\/solos\/?page_id=755"},"modified":"2022-09-27T20:47:48","modified_gmt":"2022-09-27T23:47:48","slug":"755-2","status":"publish","type":"page","link":"https:\/\/wp.ufpel.edu.br\/solos\/ensino-2\/pos-graduacao-2\/755-2\/","title":{"rendered":"Disciplinas"},"content":{"rendered":"<h1><\/h1>\n<table style=\"width: 725px;height: 574px\" border=\"1\">\n<tbody>\n<tr style=\"height: 31px\">\n<td style=\"width: 108px;height: 31px\"><strong>C\u00f3digo<\/strong><\/td>\n<td style=\"width: 322px;height: 31px\"><strong>Disciplina<\/strong><\/td>\n<td style=\"width: 218px;height: 31px\"><strong>Professor respons\u00e1vel<\/strong><\/td>\n<td style=\"width: 73px;height: 31px\"><strong>Cr\u00e9ditos<\/strong><\/td>\n<td style=\"width: 73px;height: 31px\"><strong>Horas<\/strong><\/td>\n<\/tr>\n<tr style=\"height: 39px\">\n<td style=\"width: 108px;height: 39px;text-align: center\">238036<\/td>\n<td style=\"width: 322px;height: 39px;text-align: left\">Aptid\u00e3o Agr\u00edcola e Manejo de Solos de V\u00e1rzea<\/td>\n<td style=\"width: 218px;height: 39px;text-align: center\">Rog\u00e9rio Oliveira de Sousa<\/td>\n<td style=\"width: 73px;height: 39px;text-align: center\">4<\/td>\n<td style=\"width: 73px;height: 39px;text-align: center\">68<\/td>\n<\/tr>\n<tr style=\"height: 68px\">\n<td style=\"width: 108px;height: 68px;text-align: center\">&#8211;<\/td>\n<td style=\"width: 322px;height: 68px\">Avalia\u00e7\u00e3o e recupera\u00e7\u00e3o de \u00e1reas degradadas<\/td>\n<td style=\"width: 218px;height: 68px;text-align: center\">Luiz Fernando Spinelli Pinto<\/td>\n<td style=\"width: 73px;height: 68px;text-align: center\">4<\/td>\n<td style=\"width: 73px;height: 68px;text-align: center\">68<\/td>\n<\/tr>\n<tr style=\"height: 68px\">\n<td style=\"width: 108px;height: 68px;text-align: center\">&#8211;<\/td>\n<td style=\"width: 322px;height: 68px\">Avalia\u00e7\u00e3o de impactos ambientais<\/td>\n<td style=\"width: 218px;height: 68px;text-align: center\">Vitor Emanuel Quevedo Tavares<\/td>\n<td style=\"width: 73px;height: 68px;text-align: center\">4<\/td>\n<td style=\"width: 73px;height: 68px;text-align: center\">68<\/td>\n<\/tr>\n<tr style=\"height: 69px\">\n<td style=\"width: 108px;height: 69px;text-align: center\">D000407<\/td>\n<td style=\"width: 322px;height: 69px\">Conserva\u00e7\u00e3o do solo e da \u00e1gua<\/td>\n<td style=\"width: 218px;height: 69px;text-align: center\">Maria C\u00e2ndida Moitinho Nunes<\/td>\n<td style=\"width: 73px;height: 69px;text-align: center\">4<\/td>\n<td style=\"width: 73px;height: 69px;text-align: center\">68<\/td>\n<\/tr>\n<tr style=\"height: 69px\">\n<td style=\"width: 108px;height: 69px;text-align: center\">238031<\/td>\n<td style=\"width: 322px;height: 69px\">Din\u00e2mica da \u00e1gua no sistema solo-planta-atmosfera<\/td>\n<td style=\"width: 218px;height: 69px;text-align: center\">Cl\u00e1udia Liane Rodrigues de Lima<\/td>\n<td style=\"width: 73px;height: 69px;text-align: center\">4<\/td>\n<td style=\"width: 73px;height: 69px;text-align: center\">68<\/td>\n<\/tr>\n<tr style=\"height: 69px\">\n<td style=\"width: 108px;height: 69px;text-align: center\">&#8211;<\/td>\n<td style=\"width: 322px;height: 69px\">Est\u00e1gio Doc\u00eancia Orientada I<\/td>\n<td style=\"width: 218px;height: 69px;text-align: center\">Cl\u00e1udia Liane Rodrigues de Lima<\/td>\n<td style=\"width: 73px;height: 69px;text-align: center\">1<\/td>\n<td style=\"width: 73px;height: 69px;text-align: center\"><\/td>\n<\/tr>\n<tr style=\"height: 69px\">\n<td style=\"width: 108px;height: 69px;text-align: center\">&#8211;<\/td>\n<td style=\"width: 322px;height: 69px\">Est\u00e1gio Doc\u00eancia Orientada II<\/td>\n<td style=\"width: 218px;height: 69px;text-align: center\">Cl\u00e1udia Liane Rodrigues de Lima<\/td>\n<td style=\"width: 73px;height: 69px;text-align: center\">1<\/td>\n<td style=\"width: 73px;height: 69px;text-align: center\"><\/td>\n<\/tr>\n<tr style=\"height: 40px\">\n<td style=\"width: 108px;height: 40px;text-align: center\">238021<\/td>\n<td style=\"width: 322px;height: 40px\">Fertilidade do Solo<\/td>\n<td style=\"width: 218px;height: 40px;text-align: center\">Filipe Selau Carlos<\/td>\n<td style=\"width: 73px;height: 40px;text-align: center\">4<\/td>\n<td style=\"width: 73px;height: 40px;text-align: center\">68<\/td>\n<\/tr>\n<tr style=\"height: 62px\">\n<td style=\"width: 108px;height: 62px;text-align: center\">238030<\/td>\n<td style=\"width: 322px;height: 62px\">F\u00edsica do Solo I<\/td>\n<td style=\"width: 218px;height: 62px;text-align: center\">Cl\u00e1udia Liane Rodrigues de Lima<\/td>\n<td style=\"width: 73px;height: 62px;text-align: center\">4<\/td>\n<td style=\"width: 73px;height: 62px;text-align: center\">68<\/td>\n<\/tr>\n<tr style=\"height: 62px\">\n<td style=\"width: 108px;height: 62px;text-align: center\">&#8211;<\/td>\n<td style=\"width: 322px;height: 62px\">F\u00edsica do Solo II<\/td>\n<td style=\"width: 218px;height: 62px;text-align: center\">Cl\u00e1udia Liane Rodrigues de Lima<\/td>\n<td style=\"width: 73px;height: 62px;text-align: center\">4<\/td>\n<td style=\"width: 73px;height: 62px;text-align: center\">68<\/td>\n<\/tr>\n<tr style=\"height: 40px\">\n<td style=\"width: 108px;height: 40px;text-align: center\">&#8211;<\/td>\n<td style=\"width: 322px;height: 40px\">Gest\u00e3o de recursos h\u00eddricos<\/td>\n<td style=\"width: 218px;height: 40px;text-align: center\">Vitor Emanuel Quevedo<\/td>\n<td style=\"width: 73px;height: 40px;text-align: center\">4<\/td>\n<td style=\"width: 73px;height: 40px;text-align: center\">68<\/td>\n<\/tr>\n<tr style=\"height: 62px\">\n<td style=\"width: 108px;height: 62px;text-align: center\">&#8211;<\/td>\n<td style=\"width: 322px;height: 62px\">Hidrologia<\/td>\n<td style=\"width: 218px;height: 62px;text-align: center\">Claudia Fernanda Almeida Teixeira<\/td>\n<td style=\"width: 73px;height: 62px;text-align: center\">4<\/td>\n<td style=\"width: 73px;height: 62px;text-align: center\">68<\/td>\n<\/tr>\n<tr style=\"height: 40px\">\n<td style=\"width: 108px;height: 40px;text-align: center\">&#8211;<\/td>\n<td style=\"width: 322px;height: 40px\">Hidropedologia<\/td>\n<td style=\"width: 218px;height: 40px;text-align: center\">Luiz Fernando Spinelli Pinto<\/td>\n<td style=\"width: 73px;height: 40px;text-align: center\">4<\/td>\n<td style=\"width: 73px;height: 40px;text-align: center\">68<\/td>\n<\/tr>\n<tr style=\"height: 62px\">\n<td style=\"width: 108px;height: 62px;text-align: center\">&#8211;<\/td>\n<td style=\"width: 322px;height: 62px\">Introdu\u00e7\u00e3o a an\u00e1lise de s\u00e9ries espaciais e temporais<\/td>\n<td style=\"width: 218px;height: 62px;text-align: center\">Lu\u00eds Carlos Timm<\/td>\n<td style=\"width: 73px;height: 62px;text-align: center\">4<\/td>\n<td style=\"width: 73px;height: 62px;text-align: center\">68<\/td>\n<\/tr>\n<tr style=\"height: 40px\">\n<td style=\"width: 108px;height: 40px;text-align: center\">2001249<\/td>\n<td style=\"width: 322px;height: 40px\">Levantamento do Solo<\/td>\n<td style=\"width: 218px;height: 40px;text-align: center\">Luiz Fernando Spinelli Pinto<\/td>\n<td style=\"width: 73px;height: 40px;text-align: center\">4<\/td>\n<td style=\"width: 73px;height: 40px;text-align: center\">68<\/td>\n<\/tr>\n<tr style=\"height: 62px\">\n<td style=\"width: 108px;height: 62px;text-align: center\">&#8211;<\/td>\n<td style=\"width: 322px;height: 62px\">Manejo da \u00e1gua em sistemas agr\u00edcolas<\/td>\n<td style=\"width: 218px;height: 62px;text-align: center\">Claudia Fernanda Almeida Teixeira<\/td>\n<td style=\"width: 73px;height: 62px;text-align: center\">4<\/td>\n<td style=\"width: 73px;height: 62px;text-align: center\">68<\/td>\n<\/tr>\n<tr style=\"height: 40px\">\n<td style=\"width: 108px;height: 40px;text-align: center\">D000406<\/td>\n<td style=\"width: 322px;height: 40px\">Microbiologia do solo<\/td>\n<td style=\"width: 218px;height: 40px;text-align: center\">Danilo Dufech Castilhos<\/td>\n<td style=\"width: 73px;height: 40px;text-align: center\">4<\/td>\n<td style=\"width: 73px;height: 40px;text-align: center\">68<\/td>\n<\/tr>\n<tr style=\"height: 40px\">\n<td style=\"width: 108px;height: 40px;text-align: center\">&#8211;<\/td>\n<td style=\"width: 322px;height: 40px\">Modelagem Hidrol\u00f3gica<\/td>\n<td style=\"width: 218px;height: 40px;text-align: center\">Rita de C\u00e1ssia Fraga Dam\u00e9<\/td>\n<td style=\"width: 73px;height: 40px;text-align: center\">4<\/td>\n<td style=\"width: 73px;height: 40px;text-align: center\">68<\/td>\n<\/tr>\n<tr style=\"height: 40px\">\n<td style=\"width: 108px;height: 40px;text-align: center\">0239071<\/td>\n<td style=\"width: 322px;height: 40px\">Nutri\u00e7\u00e3o Mineral e Aduba\u00e7\u00e3o de Plantas<\/td>\n<td style=\"width: 218px;height: 40px;text-align: center\">Filipe Selau Carlos<\/td>\n<td style=\"width: 73px;height: 40px;text-align: center\">4<\/td>\n<td style=\"width: 73px;height: 40px;text-align: center\">85<\/td>\n<\/tr>\n<tr style=\"height: 40px\">\n<td style=\"width: 108px;height: 40px;text-align: center\">238040<\/td>\n<td style=\"width: 322px;height: 40px\">Morfologia, G\u00eanese e Classifica\u00e7\u00e3o de Solos<\/td>\n<td style=\"width: 218px;height: 40px;text-align: center\">Pablo Miguel<\/td>\n<td style=\"width: 73px;height: 40px;text-align: center\">4<\/td>\n<td style=\"width: 73px;height: 40px;text-align: center\">68<\/td>\n<\/tr>\n<tr style=\"height: 40px\">\n<td style=\"width: 108px;height: 40px;text-align: center\">&#8211;<\/td>\n<td style=\"width: 322px;height: 40px\">Processos de transfer\u00eancia no sistema solo-\u00e1gua-planta-atmosfera<\/td>\n<td style=\"width: 218px;height: 40px;text-align: center\">Lu\u00eds Carlos Timm<\/td>\n<td style=\"width: 73px;height: 40px;text-align: center\">4<\/td>\n<td style=\"width: 73px;height: 40px;text-align: center\">68<\/td>\n<\/tr>\n<tr style=\"height: 40px\">\n<td style=\"width: 108px;text-align: center;height: 40px\">238020<\/td>\n<td style=\"width: 322px;height: 40px\">Qu\u00edmica do Solo<\/td>\n<td style=\"width: 218px;height: 40px;text-align: center\">Rog\u00e9rio Oliveira de Sousa<\/td>\n<td style=\"width: 73px;height: 40px;text-align: center\">4<\/td>\n<td style=\"width: 73px;height: 40px;text-align: center\">68<\/td>\n<\/tr>\n<tr style=\"height: 40px\">\n<td style=\"width: 108px;text-align: center;height: 40px\">&#8211;<\/td>\n<td style=\"width: 322px;height: 40px\">Sensoriamento Remoto<\/td>\n<td style=\"width: 218px;height: 40px;text-align: center\">Rodrigo Rizzi<\/td>\n<td style=\"width: 73px;height: 40px;text-align: center\">4<\/td>\n<td style=\"width: 73px;height: 40px;text-align: center\">68<\/td>\n<\/tr>\n<tr style=\"height: 40px\">\n<td style=\"width: 108px;text-align: center;height: 40px\">2001218<\/td>\n<td style=\"width: 322px;height: 40px\">Sistemas de Informa\u00e7\u00e3o Geogr\u00e1fica<\/td>\n<td style=\"width: 218px;height: 40px;text-align: center\">Rodrigo Rizzi<\/td>\n<td style=\"width: 73px;height: 40px;text-align: center\">4<\/td>\n<td style=\"width: 73px;height: 40px;text-align: center\">68<\/td>\n<\/tr>\n<tr style=\"height: 62px\">\n<td style=\"width: 108px;text-align: center;height: 62px\">&#8211;<\/td>\n<td style=\"width: 322px;height: 62px\">T\u00f3picos especiais em manejo e conserva\u00e7\u00e3o do solo e da \u00e1gua I e II<\/td>\n<td style=\"width: 218px;height: 62px;text-align: center\">Cl\u00e1udia Liane Rodrigues de Lima<\/td>\n<td style=\"width: 73px;height: 62px;text-align: center\">4<\/td>\n<td style=\"width: 73px;height: 62px;text-align: center\">68<\/td>\n<\/tr>\n<tr style=\"height: 40px\">\n<td style=\"width: 108px;text-align: center;height: 40px\">&#8211;<\/td>\n<td style=\"width: 322px;height: 40px\">Semin\u00e1rios I e II<\/td>\n<td style=\"width: 218px;height: 40px;text-align: center\">Rodrigo Rizzi<\/td>\n<td style=\"width: 73px;height: 40px;text-align: center\">34<\/td>\n<td style=\"width: 73px;height: 40px;text-align: center\">2<\/td>\n<\/tr>\n<\/tbody>\n<\/table>\n<p><\/p>\n","protected":false},"excerpt":{"rendered":"<p>C\u00f3digo Disciplina Professor respons\u00e1vel Cr\u00e9ditos Horas 238036 Aptid\u00e3o Agr\u00edcola e Manejo de Solos de V\u00e1rzea Rog\u00e9rio Oliveira de Sousa 4 68 &#8211; Avalia\u00e7\u00e3o e recupera\u00e7\u00e3o de \u00e1reas degradadas Luiz Fernando Spinelli Pinto 4 68 &#8211; Avalia\u00e7\u00e3o de impactos ambientais Vitor Emanuel Quevedo Tavares 4 68 D000407 Conserva\u00e7\u00e3o do solo e da \u00e1gua Maria C\u00e2ndida Moitinho &hellip; <\/p>\n<p><a class=\"more-link btn\" href=\"https:\/\/wp.ufpel.edu.br\/solos\/ensino-2\/pos-graduacao-2\/755-2\/\">Continue lendo<\/a><\/p>\n","protected":false},"author":776,"featured_media":0,"parent":777,"menu_order":0,"comment_status":"closed","ping_status":"closed","template":"","meta":{"footnotes":""},"class_list":["post-755","page","type-page","status-publish","hentry","nodate","item-wrap"],"_links":{"self":[{"href":"https:\/\/wp.ufpel.edu.br\/solos\/wp-json\/wp\/v2\/pages\/755","targetHints":{"allow":["GET"]}}],"collection":[{"href":"https:\/\/wp.ufpel.edu.br\/solos\/wp-json\/wp\/v2\/pages"}],"about":[{"href":"https:\/\/wp.ufpel.edu.br\/solos\/wp-json\/wp\/v2\/types\/page"}],"author":[{"embeddable":true,"href":"https:\/\/wp.ufpel.edu.br\/solos\/wp-json\/wp\/v2\/users\/776"}],"replies":[{"embeddable":true,"href":"https:\/\/wp.ufpel.edu.br\/solos\/wp-json\/wp\/v2\/comments?post=755"}],"version-history":[{"count":4,"href":"https:\/\/wp.ufpel.edu.br\/solos\/wp-json\/wp\/v2\/pages\/755\/revisions"}],"predecessor-version":[{"id":1116,"href":"https:\/\/wp.ufpel.edu.br\/solos\/wp-json\/wp\/v2\/pages\/755\/revisions\/1116"}],"up":[{"embeddable":true,"href":"https:\/\/wp.ufpel.edu.br\/solos\/wp-json\/wp\/v2\/pages\/777"}],"wp:attachment":[{"href":"https:\/\/wp.ufpel.edu.br\/solos\/wp-json\/wp\/v2\/media?parent=755"}],"curies":[{"name":"wp","href":"https:\/\/api.w.org\/{rel}","templated":true}]}}