{"id":537,"date":"2019-09-29T16:40:37","date_gmt":"2019-09-29T19:40:37","guid":{"rendered":"https:\/\/wp.ufpel.edu.br\/solos\/?page_id=537"},"modified":"2019-10-28T21:51:13","modified_gmt":"2019-10-29T00:51:13","slug":"geografia","status":"publish","type":"page","link":"https:\/\/wp.ufpel.edu.br\/solos\/ensino-2\/graduacao\/geografia\/","title":{"rendered":"Geografia"},"content":{"rendered":"<h1>Disciplinas obrigat\u00f3rias<\/h1>\n<table style=\"border-collapse: collapse;width: 100%\" border=\"1\">\n<tbody>\n<tr>\n<td style=\"width: 14.2857%\"><strong>C\u00f3digo<\/strong><\/td>\n<td style=\"width: 14.2857%\"><strong>Disciplina<\/strong><\/td>\n<td style=\"width: 14.2857%\"><strong>Semestre<\/strong><\/td>\n<td style=\"width: 14.2857%\"><strong>Cr\u00e9ditos<\/strong><\/td>\n<td style=\"width: 15.619%\"><strong>Pr\u00e9 requisitos<\/strong><\/td>\n<td style=\"width: 12.9524%\"><strong>Oferta<\/strong><\/td>\n<td style=\"width: 14.2857%\"><strong>Horas<\/strong><\/td>\n<\/tr>\n<tr>\n<td style=\"width: 14.2857%\">01230028<\/td>\n<td style=\"width: 14.2857%\">Pedologia<\/td>\n<td style=\"width: 14.2857%\">4\u00ba<\/td>\n<td style=\"width: 14.2857%\">2<\/td>\n<td style=\"width: 15.619%\">Geomorfologia<\/td>\n<td style=\"width: 12.9524%\">Semestral<\/td>\n<td style=\"width: 14.2857%\">30<\/td>\n<\/tr>\n<tr>\n<td style=\"width: 14.2857%\"><\/td>\n<td style=\"width: 14.2857%\"><\/td>\n<td style=\"width: 14.2857%\"><\/td>\n<td style=\"width: 14.2857%\"><\/td>\n<td style=\"width: 15.619%\"><\/td>\n<td style=\"width: 12.9524%\"><\/td>\n<td style=\"width: 14.2857%\"><\/td>\n<\/tr>\n<\/tbody>\n<\/table>\n<p>&nbsp;<\/p>\n","protected":false},"excerpt":{"rendered":"<p>Disciplinas obrigat\u00f3rias C\u00f3digo Disciplina Semestre Cr\u00e9ditos Pr\u00e9 requisitos Oferta Horas 01230028 Pedologia 4\u00ba 2 Geomorfologia Semestral 30 &nbsp;<\/p>\n","protected":false},"author":776,"featured_media":0,"parent":435,"menu_order":3,"comment_status":"closed","ping_status":"closed","template":"","meta":{"footnotes":""},"class_list":["post-537","page","type-page","status-publish","hentry","nodate","item-wrap"],"_links":{"self":[{"href":"https:\/\/wp.ufpel.edu.br\/solos\/wp-json\/wp\/v2\/pages\/537","targetHints":{"allow":["GET"]}}],"collection":[{"href":"https:\/\/wp.ufpel.edu.br\/solos\/wp-json\/wp\/v2\/pages"}],"about":[{"href":"https:\/\/wp.ufpel.edu.br\/solos\/wp-json\/wp\/v2\/types\/page"}],"author":[{"embeddable":true,"href":"https:\/\/wp.ufpel.edu.br\/solos\/wp-json\/wp\/v2\/users\/776"}],"replies":[{"embeddable":true,"href":"https:\/\/wp.ufpel.edu.br\/solos\/wp-json\/wp\/v2\/comments?post=537"}],"version-history":[{"count":6,"href":"https:\/\/wp.ufpel.edu.br\/solos\/wp-json\/wp\/v2\/pages\/537\/revisions"}],"predecessor-version":[{"id":587,"href":"https:\/\/wp.ufpel.edu.br\/solos\/wp-json\/wp\/v2\/pages\/537\/revisions\/587"}],"up":[{"embeddable":true,"href":"https:\/\/wp.ufpel.edu.br\/solos\/wp-json\/wp\/v2\/pages\/435"}],"wp:attachment":[{"href":"https:\/\/wp.ufpel.edu.br\/solos\/wp-json\/wp\/v2\/media?parent=537"}],"curies":[{"name":"wp","href":"https:\/\/api.w.org\/{rel}","templated":true}]}}