{"id":447,"date":"2019-09-24T00:47:08","date_gmt":"2019-09-24T03:47:08","guid":{"rendered":"https:\/\/wp.ufpel.edu.br\/solos\/?page_id=447"},"modified":"2019-10-28T22:03:53","modified_gmt":"2019-10-29T01:03:53","slug":"zootecnia","status":"publish","type":"page","link":"https:\/\/wp.ufpel.edu.br\/solos\/ensino-2\/graduacao\/zootecnia\/","title":{"rendered":"Zootecnia"},"content":{"rendered":"<h1>Disciplinas obrigat\u00f3rias<\/h1>\n<table style=\"border-collapse: collapse;width: 100%\" border=\"1\">\n<tbody>\n<tr style=\"height: 39px\">\n<td style=\"width: 11.7523%;height: 39px;text-align: center\"><strong>C\u00f3digo<\/strong><\/td>\n<td style=\"width: 29.2191%;height: 39px;text-align: center\"><strong>Disciplina<\/strong><\/td>\n<td style=\"width: 1.33333%;height: 39px;text-align: center\"><strong>Semestre<\/strong><\/td>\n<td style=\"width: 4.27615%;height: 39px;text-align: center\"><strong>Cr\u00e9ditos<\/strong><\/td>\n<td style=\"width: 20.5524%;height: 39px;text-align: center\"><strong>Pr\u00e9 requisitos<\/strong><\/td>\n<td style=\"width: 15.8857%;height: 39px;text-align: center\"><strong>Oferta<\/strong><\/td>\n<td style=\"width: 17.0762%;height: 39px;text-align: center\"><strong>Horas<\/strong><\/td>\n<\/tr>\n<tr>\n<td style=\"width: 11.7523%;text-align: center\">01230026<\/td>\n<td style=\"width: 29.2191%;text-align: center\">Introdu\u00e7\u00e3o \u00e0 ci\u00eancia do solo<\/td>\n<td style=\"width: 1.33333%;text-align: center\">2\u00ba<\/td>\n<td style=\"width: 4.27615%;text-align: center\">4<\/td>\n<td style=\"width: 20.5524%;text-align: center\">&#8211;<\/td>\n<td style=\"width: 15.8857%;text-align: center\">Semestral<\/td>\n<td style=\"width: 17.0762%;text-align: center\">60<\/td>\n<\/tr>\n<tr>\n<td style=\"width: 11.7523%;text-align: center\">01230027<\/td>\n<td style=\"width: 29.2191%;text-align: center\">Fertildade e conserva\u00e7\u00e3o do solo<\/td>\n<td style=\"width: 1.33333%;text-align: center\">3\u00ba<\/td>\n<td style=\"width: 4.27615%;text-align: center\">4<\/td>\n<td style=\"width: 20.5524%;text-align: center\">Introdu\u00e7\u00e3o \u00e0 ci\u00eancia do solo<\/td>\n<td style=\"width: 15.8857%;text-align: center\">Semestral<\/td>\n<td style=\"width: 17.0762%;text-align: center\">60<\/td>\n<\/tr>\n<tr>\n<td style=\"width: 11.7523%;text-align: center\"><\/td>\n<td style=\"width: 29.2191%;text-align: center\"><\/td>\n<td style=\"width: 1.33333%;text-align: center\"><\/td>\n<td style=\"width: 4.27615%;text-align: center\"><\/td>\n<td style=\"width: 20.5524%;text-align: center\"><\/td>\n<td style=\"width: 15.8857%;text-align: center\"><\/td>\n<td style=\"width: 17.0762%;text-align: center\"><\/td>\n<\/tr>\n<\/tbody>\n<\/table>\n<p><\/p>\n","protected":false},"excerpt":{"rendered":"<p>Disciplinas obrigat\u00f3rias C\u00f3digo Disciplina Semestre Cr\u00e9ditos Pr\u00e9 requisitos Oferta Horas 01230026 Introdu\u00e7\u00e3o \u00e0 ci\u00eancia do solo 2\u00ba 4 &#8211; Semestral 60 01230027 Fertildade e conserva\u00e7\u00e3o do solo 3\u00ba 4 Introdu\u00e7\u00e3o \u00e0 ci\u00eancia do solo Semestral 60<\/p>\n","protected":false},"author":776,"featured_media":0,"parent":435,"menu_order":4,"comment_status":"closed","ping_status":"closed","template":"","meta":{"footnotes":""},"class_list":["post-447","page","type-page","status-publish","hentry","nodate","item-wrap"],"_links":{"self":[{"href":"https:\/\/wp.ufpel.edu.br\/solos\/wp-json\/wp\/v2\/pages\/447","targetHints":{"allow":["GET"]}}],"collection":[{"href":"https:\/\/wp.ufpel.edu.br\/solos\/wp-json\/wp\/v2\/pages"}],"about":[{"href":"https:\/\/wp.ufpel.edu.br\/solos\/wp-json\/wp\/v2\/types\/page"}],"author":[{"embeddable":true,"href":"https:\/\/wp.ufpel.edu.br\/solos\/wp-json\/wp\/v2\/users\/776"}],"replies":[{"embeddable":true,"href":"https:\/\/wp.ufpel.edu.br\/solos\/wp-json\/wp\/v2\/comments?post=447"}],"version-history":[{"count":3,"href":"https:\/\/wp.ufpel.edu.br\/solos\/wp-json\/wp\/v2\/pages\/447\/revisions"}],"predecessor-version":[{"id":591,"href":"https:\/\/wp.ufpel.edu.br\/solos\/wp-json\/wp\/v2\/pages\/447\/revisions\/591"}],"up":[{"embeddable":true,"href":"https:\/\/wp.ufpel.edu.br\/solos\/wp-json\/wp\/v2\/pages\/435"}],"wp:attachment":[{"href":"https:\/\/wp.ufpel.edu.br\/solos\/wp-json\/wp\/v2\/media?parent=447"}],"curies":[{"name":"wp","href":"https:\/\/api.w.org\/{rel}","templated":true}]}}