{"id":444,"date":"2019-09-24T00:46:25","date_gmt":"2019-09-24T03:46:25","guid":{"rendered":"https:\/\/wp.ufpel.edu.br\/solos\/?page_id=444"},"modified":"2019-10-28T21:52:35","modified_gmt":"2019-10-29T00:52:35","slug":"agronomia","status":"publish","type":"page","link":"https:\/\/wp.ufpel.edu.br\/solos\/ensino-2\/graduacao\/agronomia\/","title":{"rendered":"Agronomia"},"content":{"rendered":"<h1>Disciplinas obrigat\u00f3rias<\/h1>\n<table style=\"border-collapse: collapse;width: 188.831%;height: 567px\" border=\"1\">\n<tbody>\n<tr style=\"height: 39px\">\n<td style=\"width: 11.7523%;height: 39px;text-align: center\"><strong>C\u00f3digo<\/strong><\/td>\n<td style=\"width: 29.2191%;height: 39px;text-align: center\"><strong>Disciplina<\/strong><\/td>\n<td style=\"width: 1.33333%;height: 39px;text-align: center\"><strong>Semestre<\/strong><\/td>\n<td style=\"width: 4.27615%;height: 39px;text-align: center\"><strong>Cr\u00e9ditos<\/strong><\/td>\n<td style=\"width: 20.5524%;height: 39px;text-align: center\"><strong>Pr\u00e9 requisitos<\/strong><\/td>\n<td style=\"width: 15.8857%;height: 39px;text-align: center\"><strong>Oferta<\/strong><\/td>\n<td style=\"width: 17.0762%;height: 39px;text-align: center\"><strong>Horas<\/strong><\/td>\n<\/tr>\n<tr>\n<td style=\"width: 11.7523%;text-align: center\">01230017<\/td>\n<td style=\"width: 29.2191%;text-align: center\">Qu\u00edmica do solo<\/td>\n<td style=\"width: 1.33333%;text-align: center\">2\u00ba<\/td>\n<td style=\"width: 4.27615%;text-align: center\">2<\/td>\n<td style=\"width: 20.5524%;text-align: center\">Quimica I<\/td>\n<td style=\"width: 15.8857%;text-align: center\">Semestral<\/td>\n<td style=\"width: 17.0762%;text-align: center\">30<\/td>\n<\/tr>\n<tr>\n<td style=\"width: 11.7523%;text-align: center\">01230016<\/td>\n<td style=\"width: 29.2191%;text-align: center\">Morf. G\u00eanese do solo<\/td>\n<td style=\"width: 1.33333%;text-align: center\">2\u00ba<\/td>\n<td style=\"width: 4.27615%;text-align: center\">2<\/td>\n<td style=\"width: 20.5524%;text-align: center\">Quimica I<\/td>\n<td style=\"width: 15.8857%;text-align: center\">Semestral<\/td>\n<td style=\"width: 17.0762%;text-align: center\">30<\/td>\n<\/tr>\n<tr style=\"height: 39px\">\n<td style=\"width: 11.7523%;height: 10px;text-align: center\">\n<p>&nbsp;<\/p>\n<p>01230019<\/td>\n<td style=\"width: 29.2191%;height: 10px;text-align: center\">\n<p>&nbsp;<\/p>\n<p>F\u00edsica do Solo<\/td>\n<td style=\"width: 1.33333%;height: 10px;text-align: center\">\n<p>&nbsp;<\/p>\n<p>3\u00ba<\/td>\n<td style=\"width: 4.27615%;height: 10px;text-align: center\">\n<p>&nbsp;<\/p>\n<p>2<\/td>\n<td style=\"width: 20.5524%;height: 10px;text-align: center\">\n<p><span class=\"tabela-detalhe-info\">Morfolologia e genese do solo<\/span><\/p>\n<p><span class=\"tabela-detalhe-info\">Qu\u00edmica do solo<\/span><\/td>\n<td style=\"width: 15.8857%;height: 10px;text-align: center\">\n<p>&nbsp;<\/p>\n<p>Semestral<\/td>\n<td style=\"width: 17.0762%;height: 10px;text-align: center\">\n<p>&nbsp;<\/p>\n<p>30<\/td>\n<\/tr>\n<tr style=\"height: 39px\">\n<td style=\"width: 11.7523%;height: 39px;text-align: center\">\n<p>&nbsp;<\/p>\n<p>01230018<\/td>\n<td style=\"width: 29.2191%;height: 39px;text-align: center\">\n<p>&nbsp;<\/p>\n<p>Biologia do Solo<\/td>\n<td style=\"width: 1.33333%;height: 39px;text-align: center\">\n<p>&nbsp;<\/p>\n<p>3\u00ba<\/td>\n<td style=\"width: 4.27615%;height: 39px;text-align: center\">\n<p>&nbsp;<\/p>\n<p>2<\/td>\n<td style=\"width: 20.5524%;height: 39px;text-align: center\">\n<p><span class=\"tabela-detalhe-info\">\u00a0 Ecologia<\/span><\/p>\n<p><span class=\"tabela-detalhe-info\">Morfolologia e genese do solo<\/span><\/p>\n<p><span class=\"tabela-detalhe-info\">Qu\u00edmica do solo<\/span><\/td>\n<td style=\"width: 15.8857%;height: 39px;text-align: center\">\n<p>&nbsp;<\/p>\n<p>Semestral<\/td>\n<td style=\"width: 17.0762%;height: 39px;text-align: center\">\n<p>&nbsp;<\/p>\n<p>30<\/td>\n<\/tr>\n<tr style=\"height: 39px\">\n<td style=\"width: 11.7523%;height: 39px;text-align: center\">01230020<\/td>\n<td style=\"width: 29.2191%;height: 39px;text-align: center\">Classifica\u00e7\u00e3o e Levantamento do Solo<\/td>\n<td style=\"width: 1.33333%;height: 39px;text-align: center\">4\u00ba<\/td>\n<td style=\"width: 4.27615%;height: 39px;text-align: center\">2<\/td>\n<td style=\"width: 20.5524%;height: 39px;text-align: center\">\n<p>Biologia do Solo<\/p>\n<p>F\u00edsica do Solo<\/td>\n<td style=\"width: 15.8857%;height: 39px;text-align: center\">Semestral<\/td>\n<td style=\"width: 17.0762%;height: 39px;text-align: center\">30<\/td>\n<\/tr>\n<tr style=\"height: 39px\">\n<td style=\"width: 11.7523%;height: 39px;text-align: center\">\n<p>&nbsp;<\/p>\n<p>01230011<\/td>\n<td style=\"width: 29.2191%;height: 39px;text-align: center\">\n<p>&nbsp;<\/p>\n<p>Fertilidade do Solo<\/td>\n<td style=\"width: 1.33333%;height: 39px;text-align: center\">\n<p>&nbsp;<\/p>\n<p>5\u00ba<\/td>\n<td style=\"width: 4.27615%;height: 39px;text-align: center\">\n<p>&nbsp;<\/p>\n<p>4<\/td>\n<td style=\"width: 20.5524%;height: 39px;text-align: center\">\n<p><span class=\"tabela-detalhe-info\">Fisiologia Vegetal<\/span><\/p>\n<p><span class=\"tabela-detalhe-info\">\u00a0Classifica\u00e7\u00e3o e levanamento do solo<\/span><\/td>\n<td style=\"width: 15.8857%;height: 39px;text-align: center\">\n<p>&nbsp;<\/p>\n<p>Semestral<\/td>\n<td style=\"width: 17.0762%;height: 39px;text-align: center\">60<\/td>\n<\/tr>\n<tr>\n<td style=\"width: 11.7523%;text-align: center\">01230021<\/td>\n<td style=\"width: 29.2191%;text-align: center\">Manejo e conserva\u00e7\u00e3o do solo<\/td>\n<td style=\"width: 1.33333%;text-align: center\">8\u00ba<\/td>\n<td style=\"width: 4.27615%;text-align: center\">4<\/td>\n<td style=\"width: 20.5524%;text-align: center\">Fertilidade do Solo<\/td>\n<td style=\"width: 15.8857%;text-align: center\">Semestral<\/td>\n<td style=\"width: 17.0762%;text-align: center\">60<\/td>\n<\/tr>\n<tr>\n<td style=\"width: 11.7523%;text-align: center\"><\/td>\n<td style=\"width: 29.2191%;text-align: center\"><\/td>\n<td style=\"width: 1.33333%;text-align: center\"><\/td>\n<td style=\"width: 4.27615%;text-align: center\"><\/td>\n<td style=\"width: 20.5524%;text-align: center\"><\/td>\n<td style=\"width: 15.8857%;text-align: center\"><\/td>\n<td style=\"width: 17.0762%;text-align: center\"><\/td>\n<\/tr>\n<\/tbody>\n<\/table>\n<h1>Disciplinas optativas<\/h1>\n<table style=\"border-collapse: collapse;width: 100%\" border=\"1\">\n<tbody>\n<tr style=\"height: 39px\">\n<td style=\"width: 11.7523%;height: 39px;text-align: center\"><strong>C\u00f3digo<\/strong><\/td>\n<td style=\"width: 29.2191%;height: 39px;text-align: center\"><strong>Disciplina<\/strong><\/td>\n<td style=\"width: 1.33333%;height: 39px;text-align: center\"><strong>Semestre<\/strong><\/td>\n<td style=\"width: 4.27615%;height: 39px;text-align: center\"><strong>Cr\u00e9ditos<\/strong><\/td>\n<td style=\"width: 20.5524%;height: 39px;text-align: center\"><strong>Pr\u00e9 requisitos<\/strong><\/td>\n<td style=\"width: 15.8857%;height: 39px;text-align: center\"><strong>Oferta<\/strong><\/td>\n<td style=\"width: 17.0762%;height: 39px;text-align: center\"><strong>Horas<\/strong><\/td>\n<\/tr>\n<tr style=\"height: 61px\">\n<td style=\"width: 11.7523%;height: 61px\">01230023<\/td>\n<td style=\"width: 29.2191%;height: 61px\">Microbiologia do solo<\/td>\n<td style=\"width: 1.33333%;text-align: center;height: 61px\">&#8211;<\/td>\n<td style=\"width: 4.27615%;height: 61px\">2<\/td>\n<td style=\"width: 20.5524%;height: 61px\">Biologia do solo<\/td>\n<td style=\"width: 15.8857%;height: 61px\">Semestral<\/td>\n<td style=\"width: 17.0762%;height: 61px\">30<\/td>\n<\/tr>\n<tr style=\"height: 61px\">\n<td style=\"width: 11.7523%;height: 61px\">01230024<\/td>\n<td style=\"width: 29.2191%;height: 61px\">Recupera\u00e7\u00e3o de \u00e1reas degradadas<\/td>\n<td style=\"width: 1.33333%;text-align: center;height: 61px\">&#8211;<\/td>\n<td style=\"width: 4.27615%;height: 61px\">3<\/td>\n<td style=\"width: 20.5524%;height: 61px\">Fertilidade do Solo<\/td>\n<td style=\"width: 15.8857%;height: 61px\">Semestral<\/td>\n<td style=\"width: 17.0762%;height: 61px\">45<\/td>\n<\/tr>\n<tr>\n<td style=\"width: 11.7523%\"><\/td>\n<td style=\"width: 29.2191%\"><\/td>\n<td style=\"width: 1.33333%;text-align: center\"><\/td>\n<td style=\"width: 4.27615%\"><\/td>\n<td style=\"width: 20.5524%\"><\/td>\n<td style=\"width: 15.8857%\"><\/td>\n<td style=\"width: 17.0762%\"><\/td>\n<\/tr>\n<\/tbody>\n<\/table>\n<p>&nbsp;<\/p>\n","protected":false},"excerpt":{"rendered":"<p>Disciplinas obrigat\u00f3rias C\u00f3digo Disciplina Semestre Cr\u00e9ditos Pr\u00e9 requisitos Oferta Horas 01230017 Qu\u00edmica do solo 2\u00ba 2 Quimica I Semestral 30 01230016 Morf. G\u00eanese do solo 2\u00ba 2 Quimica I Semestral 30 &nbsp; 01230019 &nbsp; F\u00edsica do Solo &nbsp; 3\u00ba &nbsp; 2 Morfolologia e genese do solo Qu\u00edmica do solo &nbsp; Semestral &nbsp; 30 &nbsp; 01230018 &hellip; <\/p>\n<p><a class=\"more-link btn\" href=\"https:\/\/wp.ufpel.edu.br\/solos\/ensino-2\/graduacao\/agronomia\/\">Continue lendo<\/a><\/p>\n","protected":false},"author":776,"featured_media":0,"parent":435,"menu_order":1,"comment_status":"closed","ping_status":"closed","template":"","meta":{"footnotes":""},"class_list":["post-444","page","type-page","status-publish","hentry","nodate","item-wrap"],"_links":{"self":[{"href":"https:\/\/wp.ufpel.edu.br\/solos\/wp-json\/wp\/v2\/pages\/444","targetHints":{"allow":["GET"]}}],"collection":[{"href":"https:\/\/wp.ufpel.edu.br\/solos\/wp-json\/wp\/v2\/pages"}],"about":[{"href":"https:\/\/wp.ufpel.edu.br\/solos\/wp-json\/wp\/v2\/types\/page"}],"author":[{"embeddable":true,"href":"https:\/\/wp.ufpel.edu.br\/solos\/wp-json\/wp\/v2\/users\/776"}],"replies":[{"embeddable":true,"href":"https:\/\/wp.ufpel.edu.br\/solos\/wp-json\/wp\/v2\/comments?post=444"}],"version-history":[{"count":6,"href":"https:\/\/wp.ufpel.edu.br\/solos\/wp-json\/wp\/v2\/pages\/444\/revisions"}],"predecessor-version":[{"id":588,"href":"https:\/\/wp.ufpel.edu.br\/solos\/wp-json\/wp\/v2\/pages\/444\/revisions\/588"}],"up":[{"embeddable":true,"href":"https:\/\/wp.ufpel.edu.br\/solos\/wp-json\/wp\/v2\/pages\/435"}],"wp:attachment":[{"href":"https:\/\/wp.ufpel.edu.br\/solos\/wp-json\/wp\/v2\/media?parent=444"}],"curies":[{"name":"wp","href":"https:\/\/api.w.org\/{rel}","templated":true}]}}