{"id":400,"date":"2019-09-24T00:14:49","date_gmt":"2019-09-24T03:14:49","guid":{"rendered":"https:\/\/wp.ufpel.edu.br\/solos\/?page_id=400"},"modified":"2022-10-29T15:38:34","modified_gmt":"2022-10-29T18:38:34","slug":"bem-vindo","status":"publish","type":"page","link":"https:\/\/wp.ufpel.edu.br\/solos\/bem-vindo\/","title":{"rendered":"Bem-vindo!"},"content":{"rendered":"<h2>Departamento de solos<\/h2>\n<p style=\"text-align: justify\">O departamento de Solos da Faculdade de Agronomia Eliseu Maciel (FAEM &#8211; UFPEL) atua na \u00e1rea de Ci\u00eancia do solo desde 1958, destacando-se pela experi\u00eancia e capacidade de seus t\u00e9cnicos e professores nas \u00e1reas de ensino, pesquisa e extens\u00e3o, com presta\u00e7\u00e3o de servi\u00e7o de diversos tipos de an\u00e1lises \u00e0 comunidade.<\/p>\n<p style=\"text-align: justify\">O laborat\u00f3rio de An\u00e1lise de Solos da UFPel, \u00e9 credenciado junto \u00e0 Rede Oficial de An\u00e1lises de Solos do Rio Grande do Sul e Santa Catarina (ROLAS) e participa do Programa de Controle de Qualidade das An\u00e1lses de Solos tendo conceito m\u00e1ximo e direito ao uso de Selo de Qualidade da ROLAS.&nbsp; Em seus v\u00e1rios laborat\u00f3rios s\u00e3o realizadas:<\/p>\n<ul>\n<li style=\"text-align: justify\">An\u00e1lises f\u00edsicas, qu\u00edmicas e microbiol\u00f3gicas do solo<\/li>\n<li style=\"text-align: justify\">An\u00e1lise de plantas e de res\u00edduos org\u00e2nicos<\/li>\n<li style=\"text-align: justify\">An\u00e1lises qu\u00edmicas e microbiol\u00f3gicas&nbsp; de \u00e1gua<\/li>\n<\/ul>\n<p><span style=\"font-size: 14pt\">E-mail&#8217;s para contato:&nbsp;<\/span><\/p>\n<ul>\n<li><a href=\"laboratoriosolosfaem@hotmail.com\">laboratoriosolosfaem@hotmail.com<\/a><\/li>\n<\/ul>\n<p><a style=\"font-family: inherit;font-size: 36px;background-color: #ffffff\" href=\"http:\/\/portal.ufpel.edu.br\/\"><img loading=\"lazy\" decoding=\"async\" class=\"wp-image-601 alignleft\" src=\"https:\/\/wp.ufpel.edu.br\/solos\/files\/2019\/10\/UFPEL-ESCUDO-2013-400x400.png\" alt=\"\" width=\"83\" height=\"83\" srcset=\"https:\/\/wp.ufpel.edu.br\/solos\/files\/2019\/10\/UFPEL-ESCUDO-2013-400x400.png 400w, https:\/\/wp.ufpel.edu.br\/solos\/files\/2019\/10\/UFPEL-ESCUDO-2013-200x200.png 200w, https:\/\/wp.ufpel.edu.br\/solos\/files\/2019\/10\/UFPEL-ESCUDO-2013.png 595w\" sizes=\"auto, (max-width: 83px) 100vw, 83px\" \/><img loading=\"lazy\" decoding=\"async\" class=\"wp-image-600 alignleft\" src=\"https:\/\/wp.ufpel.edu.br\/solos\/files\/2019\/10\/Logo_FAEM_fachada-400x172.jpg\" alt=\"\" width=\"164\" height=\"71\" srcset=\"https:\/\/wp.ufpel.edu.br\/solos\/files\/2019\/10\/Logo_FAEM_fachada-400x172.jpg 400w, https:\/\/wp.ufpel.edu.br\/solos\/files\/2019\/10\/Logo_FAEM_fachada.jpg 768w, https:\/\/wp.ufpel.edu.br\/solos\/files\/2019\/10\/Logo_FAEM_fachada-750x331.jpg 750w\" sizes=\"auto, (max-width: 164px) 100vw, 164px\" \/><\/a><a href=\"https:\/\/wp.ufpel.edu.br\/solos\/files\/2019\/09\/departamento-de-solos-1.png\"><img loading=\"lazy\" decoding=\"async\" class=\"wp-image-497 alignleft\" src=\"https:\/\/wp.ufpel.edu.br\/solos\/files\/2019\/09\/departamento-de-solos-1-300x64.png\" alt=\"\" width=\"319\" height=\"68\" srcset=\"https:\/\/wp.ufpel.edu.br\/solos\/files\/2019\/09\/departamento-de-solos-1-300x64.png 300w, https:\/\/wp.ufpel.edu.br\/solos\/files\/2019\/09\/departamento-de-solos-1-768x164.png 768w, https:\/\/wp.ufpel.edu.br\/solos\/files\/2019\/09\/departamento-de-solos-1-1024x219.png 1024w, https:\/\/wp.ufpel.edu.br\/solos\/files\/2019\/09\/departamento-de-solos-1.png 1170w\" sizes=\"auto, (max-width: 319px) 100vw, 319px\" \/><\/a><\/p>\n<p><strong>&nbsp; &nbsp; &nbsp; <\/strong><\/p>\n<p><\/p>\n<h2><strong>&nbsp; Acesse nossas redes sociais:<\/strong><\/h2>\n<p><\/p>\n\n\n<ul class=\"wp-block-list\"><li><a href=\"https:\/\/www.instagram.com\/pedologiaufpel\/\" data-type=\"URL\" data-id=\"https:\/\/www.instagram.com\/pedologiaufpel\/\">https:\/\/www.instagram.com\/pedologiaufpel\/<\/a><\/li><\/ul>\n\n\n\n<ul class=\"wp-block-list\"><li><a href=\"https:\/\/www.instagram.com\/fertsoil\/\" data-type=\"URL\" data-id=\"https:\/\/www.instagram.com\/fertsoil\/\">https:\/\/www.instagram.com\/fertsoil\/<\/a><\/li><\/ul>\n\n\n\n<ul class=\"wp-block-list\"><li><a href=\"https:\/\/www.instagram.com\/gefibsufpel\/\" data-type=\"URL\" data-id=\"https:\/\/www.instagram.com\/gefibsufpel\/\">https:\/\/www.instagram.com\/gefibsufpel\/<\/a><\/li><\/ul>\n\n\n\n<ul class=\"wp-block-list\"><li><a href=\"https:\/\/www.instagram.com\/ppgmacsaufpel\/\" data-type=\"URL\" data-id=\"https:\/\/www.instagram.com\/ppgmacsaufpel\/\">https:\/\/www.instagram.com\/ppgmacsaufpel\/<\/a><\/li><\/ul>\n\n\n\n<p><\/p>\n","protected":false},"excerpt":{"rendered":"<p>Departamento de solos O departamento de Solos da Faculdade de Agronomia Eliseu Maciel (FAEM &#8211; UFPEL) atua na \u00e1rea de Ci\u00eancia do solo desde 1958, destacando-se pela experi\u00eancia e capacidade de seus t\u00e9cnicos e professores nas \u00e1reas de ensino, pesquisa e extens\u00e3o, com presta\u00e7\u00e3o de servi\u00e7o de diversos tipos de an\u00e1lises \u00e0 comunidade. O laborat\u00f3rio &hellip; <\/p>\n<p><a class=\"more-link btn\" href=\"https:\/\/wp.ufpel.edu.br\/solos\/bem-vindo\/\">Continue lendo<\/a><\/p>\n","protected":false},"author":776,"featured_media":0,"parent":0,"menu_order":1,"comment_status":"closed","ping_status":"closed","template":"template-onecolumn.php","meta":{"footnotes":""},"class_list":["post-400","page","type-page","status-publish","hentry","nodate","item-wrap"],"_links":{"self":[{"href":"https:\/\/wp.ufpel.edu.br\/solos\/wp-json\/wp\/v2\/pages\/400","targetHints":{"allow":["GET"]}}],"collection":[{"href":"https:\/\/wp.ufpel.edu.br\/solos\/wp-json\/wp\/v2\/pages"}],"about":[{"href":"https:\/\/wp.ufpel.edu.br\/solos\/wp-json\/wp\/v2\/types\/page"}],"author":[{"embeddable":true,"href":"https:\/\/wp.ufpel.edu.br\/solos\/wp-json\/wp\/v2\/users\/776"}],"replies":[{"embeddable":true,"href":"https:\/\/wp.ufpel.edu.br\/solos\/wp-json\/wp\/v2\/comments?post=400"}],"version-history":[{"count":24,"href":"https:\/\/wp.ufpel.edu.br\/solos\/wp-json\/wp\/v2\/pages\/400\/revisions"}],"predecessor-version":[{"id":1131,"href":"https:\/\/wp.ufpel.edu.br\/solos\/wp-json\/wp\/v2\/pages\/400\/revisions\/1131"}],"wp:attachment":[{"href":"https:\/\/wp.ufpel.edu.br\/solos\/wp-json\/wp\/v2\/media?parent=400"}],"curies":[{"name":"wp","href":"https:\/\/api.w.org\/{rel}","templated":true}]}}