{"id":315,"date":"2015-11-04T10:26:46","date_gmt":"2015-11-04T12:26:46","guid":{"rendered":"https:\/\/wp.ufpel.edu.br\/solos\/?page_id=315"},"modified":"2019-11-06T21:52:46","modified_gmt":"2019-11-07T00:52:46","slug":"analise-de-solo","status":"publish","type":"page","link":"https:\/\/wp.ufpel.edu.br\/solos\/laboratorios\/analise-de-solo\/","title":{"rendered":"An\u00e1lise de Solo"},"content":{"rendered":"<p>An\u00e1lises realizadas:<\/p>\n<p>&nbsp;<\/p>\n<p>Respons\u00e1veis:<\/p>\n<p>&nbsp;<\/p>\n<p>Contato: 3275-7269<\/p>\n<p>Sala: 509<\/p>\n<p>&nbsp;<\/p>\n<h3><em><span style=\"text-decoration: underline;color: #000000\"><strong>RECEP\u00c7\u00c3O DE AN\u00c1LISES DE SOLO<\/strong><\/span><\/em><\/h3>\n<h5><strong><span style=\"text-decoration: underline\">Sala<\/span>: 512<\/strong><\/h5>\n<h5><strong><span style=\"text-decoration: underline\">Contato<\/span>: 3275-7269<\/strong><\/h5>\n<h5><strong><span style=\"text-decoration: underline\">Email<\/span>:\u00a0laboratoriosolosfaem@hotmail.com<\/strong><\/h5>\n<h5><span style=\"text-decoration: underline\"><strong>Endere\u00e7o:\u00a0<\/strong><\/span><\/h5>\n<h5><strong>Universidade Federal de Pelotas (UFPel)<\/strong><\/h5>\n<h5><strong>Faculdade de Agronomia Eliseu Maciel (FAEM)<\/strong><\/h5>\n<h5><strong>Laborat\u00f3rio de An\u00e1lises de Solos<\/strong><\/h5>\n<h5><strong>Campus Universit\u00e1rio s\/n<\/strong><\/h5>\n<h5><strong>CEP: 96001-970<\/strong><\/h5>\n<h5><strong>Pelotas, Rio Grande do Sul, Brasil<\/strong><\/h5>\n<h5><\/h5>\n<p>&nbsp;<\/p>\n","protected":false},"excerpt":{"rendered":"<p>An\u00e1lises realizadas: &nbsp; Respons\u00e1veis: &nbsp; Contato: 3275-7269 Sala: 509 &nbsp; RECEP\u00c7\u00c3O DE AN\u00c1LISES DE SOLO Sala: 512 Contato: 3275-7269 Email:\u00a0laboratoriosolosfaem@hotmail.com Endere\u00e7o:\u00a0 Universidade Federal de Pelotas (UFPel) Faculdade de Agronomia Eliseu Maciel (FAEM) Laborat\u00f3rio de An\u00e1lises de Solos Campus Universit\u00e1rio s\/n CEP: 96001-970 Pelotas, Rio Grande do Sul, Brasil &nbsp;<\/p>\n","protected":false},"author":414,"featured_media":0,"parent":313,"menu_order":0,"comment_status":"closed","ping_status":"closed","template":"","meta":{"footnotes":""},"class_list":["post-315","page","type-page","status-publish","hentry","nodate","item-wrap"],"_links":{"self":[{"href":"https:\/\/wp.ufpel.edu.br\/solos\/wp-json\/wp\/v2\/pages\/315","targetHints":{"allow":["GET"]}}],"collection":[{"href":"https:\/\/wp.ufpel.edu.br\/solos\/wp-json\/wp\/v2\/pages"}],"about":[{"href":"https:\/\/wp.ufpel.edu.br\/solos\/wp-json\/wp\/v2\/types\/page"}],"author":[{"embeddable":true,"href":"https:\/\/wp.ufpel.edu.br\/solos\/wp-json\/wp\/v2\/users\/414"}],"replies":[{"embeddable":true,"href":"https:\/\/wp.ufpel.edu.br\/solos\/wp-json\/wp\/v2\/comments?post=315"}],"version-history":[{"count":3,"href":"https:\/\/wp.ufpel.edu.br\/solos\/wp-json\/wp\/v2\/pages\/315\/revisions"}],"predecessor-version":[{"id":334,"href":"https:\/\/wp.ufpel.edu.br\/solos\/wp-json\/wp\/v2\/pages\/315\/revisions\/334"}],"up":[{"embeddable":true,"href":"https:\/\/wp.ufpel.edu.br\/solos\/wp-json\/wp\/v2\/pages\/313"}],"wp:attachment":[{"href":"https:\/\/wp.ufpel.edu.br\/solos\/wp-json\/wp\/v2\/media?parent=315"}],"curies":[{"name":"wp","href":"https:\/\/api.w.org\/{rel}","templated":true}]}}