{"id":313,"date":"2015-11-04T10:26:21","date_gmt":"2015-11-04T12:26:21","guid":{"rendered":"https:\/\/wp.ufpel.edu.br\/solos\/?page_id=313"},"modified":"2023-04-28T10:49:06","modified_gmt":"2023-04-28T13:49:06","slug":"laboratorios","status":"publish","type":"page","link":"https:\/\/wp.ufpel.edu.br\/solos\/laboratorios\/","title":{"rendered":"Laborat\u00f3rios"},"content":{"rendered":"<table style=\"border-collapse: collapse;width: 112.166%;height: 263px\" border=\"1\">\n<tbody>\n<tr>\n<td style=\"width: 25%\">\n<h4>Laborat\u00f3rios<\/h4>\n<\/td>\n<td style=\"width: 27.4032%\">\n<h4>Respons\u00e1veis t\u00e9cnicos<\/h4>\n<\/td>\n<td style=\"width: 23.0906%\">\n<h4>Fone<\/h4>\n<\/td>\n<td style=\"width: 24.5062%\">\n<h4>E-mail<\/h4>\n<\/td>\n<\/tr>\n<tr>\n<td style=\"width: 25%\">An\u00e1lise de Solo<\/td>\n<td style=\"width: 27.4032%\">Eng\u00aa Agr\u00aa Renata Eid Peixoto<\/td>\n<td style=\"width: 23.0906%\">(53) 3275-7269<\/td>\n<td style=\"width: 24.5062%\">laboratoriosolosfaem@hotmail.com<\/td>\n<\/tr>\n<tr>\n<td style=\"width: 25%\">Microbiologia<\/td>\n<td style=\"width: 27.4032%\">Prof. Ezequiel Cesar Carvalho\u00a0Miola<\/td>\n<td style=\"width: 23.0906%\">(53) 9120 &#8211; 8128<\/td>\n<td style=\"width: 24.5062%\">ezequiel.miola@ufpel.edu.br<\/td>\n<\/tr>\n<tr>\n<td style=\"width: 25%\">An\u00e1lise de Plantas e Res\u00edduos Org\u00e2nicos<\/td>\n<td style=\"width: 27.4032%\">Prof. Dr. Luiz Fernando Spinelli Pinto<\/td>\n<td style=\"width: 23.0906%\">(53) 3275-7396<\/td>\n<td style=\"width: 24.5062%\">labanalisefoliar.ufpel@gmail.com<\/td>\n<\/tr>\n<tr>\n<td style=\"width: 25%\">Pedologia<\/td>\n<td style=\"width: 27.4032%\">Prof. Dr. Pablo Miguel<\/td>\n<td style=\"width: 23.0906%\">(53) 3275-7268<\/td>\n<td style=\"width: 24.5062%\">pablo.ufsm@gmail.com<\/td>\n<\/tr>\n<tr>\n<td style=\"width: 25%\">F\u00edsica do Solo<\/td>\n<td style=\"width: 27.4032%\">Prof\u00aa. Dr\u00aa. Claudia Liane Rodrigues de Lima<\/td>\n<td style=\"width: 23.0906%\">(53) 3275-7397<\/td>\n<td style=\"width: 24.5062%\">clrlima@yahoo.com.br<\/td>\n<\/tr>\n<tr>\n<td style=\"width: 25%\">Biologia do Solo<\/td>\n<td style=\"width: 27.4032%\">Prof\u00aa. Dr\u00aa. Lizete Stumpf<\/td>\n<td style=\"width: 23.0906%\"><\/td>\n<td style=\"width: 24.5062%\">lstumpf@ufpel.com.br<\/td>\n<\/tr>\n<tr>\n<td style=\"width: 25%\"><\/td>\n<td style=\"width: 27.4032%\"><\/td>\n<td style=\"width: 23.0906%\"><\/td>\n<td style=\"width: 24.5062%\"><\/td>\n<\/tr>\n<\/tbody>\n<\/table>\n<p><\/p>\n","protected":false},"excerpt":{"rendered":"<p>Laborat\u00f3rios Respons\u00e1veis t\u00e9cnicos Fone E-mail An\u00e1lise de Solo Eng\u00aa Agr\u00aa Renata Eid Peixoto (53) 3275-7269 laboratoriosolosfaem@hotmail.com Microbiologia Prof. Ezequiel Cesar Carvalho\u00a0Miola (53) 9120 &#8211; 8128 ezequiel.miola@ufpel.edu.br An\u00e1lise de Plantas e Res\u00edduos Org\u00e2nicos Prof. Dr. Luiz Fernando Spinelli Pinto (53) 3275-7396 labanalisefoliar.ufpel@gmail.com Pedologia Prof. Dr. Pablo Miguel (53) 3275-7268 pablo.ufsm@gmail.com F\u00edsica do Solo Prof\u00aa. Dr\u00aa. Claudia &hellip; <\/p>\n<p><a class=\"more-link btn\" href=\"https:\/\/wp.ufpel.edu.br\/solos\/laboratorios\/\">Continue lendo<\/a><\/p>\n","protected":false},"author":414,"featured_media":0,"parent":0,"menu_order":7,"comment_status":"closed","ping_status":"closed","template":"","meta":{"footnotes":""},"class_list":["post-313","page","type-page","status-publish","hentry","nodate","item-wrap"],"_links":{"self":[{"href":"https:\/\/wp.ufpel.edu.br\/solos\/wp-json\/wp\/v2\/pages\/313","targetHints":{"allow":["GET"]}}],"collection":[{"href":"https:\/\/wp.ufpel.edu.br\/solos\/wp-json\/wp\/v2\/pages"}],"about":[{"href":"https:\/\/wp.ufpel.edu.br\/solos\/wp-json\/wp\/v2\/types\/page"}],"author":[{"embeddable":true,"href":"https:\/\/wp.ufpel.edu.br\/solos\/wp-json\/wp\/v2\/users\/414"}],"replies":[{"embeddable":true,"href":"https:\/\/wp.ufpel.edu.br\/solos\/wp-json\/wp\/v2\/comments?post=313"}],"version-history":[{"count":6,"href":"https:\/\/wp.ufpel.edu.br\/solos\/wp-json\/wp\/v2\/pages\/313\/revisions"}],"predecessor-version":[{"id":1140,"href":"https:\/\/wp.ufpel.edu.br\/solos\/wp-json\/wp\/v2\/pages\/313\/revisions\/1140"}],"wp:attachment":[{"href":"https:\/\/wp.ufpel.edu.br\/solos\/wp-json\/wp\/v2\/media?parent=313"}],"curies":[{"name":"wp","href":"https:\/\/api.w.org\/{rel}","templated":true}]}}