{"id":3,"date":"2020-07-15T10:20:34","date_gmt":"2020-07-15T13:20:34","guid":{"rendered":"https:\/\/wp.ufpel.edu.br\/solos\/?page_id=3"},"modified":"2022-10-29T15:56:49","modified_gmt":"2022-10-29T18:56:49","slug":"contato","status":"publish","type":"page","link":"https:\/\/wp.ufpel.edu.br\/solos\/contato\/","title":{"rendered":"Contato"},"content":{"rendered":"<h3 style=\"text-align: left\"><\/h3>\n<h3 style=\"text-align: left\"><\/h3>\n<table style=\"border-collapse: collapse;width: 106.926%;height: 249px\" border=\"1\">\n<tbody>\n<tr style=\"height: 37px\">\n<td style=\"width: 23.8668%;height: 25px;text-align: center\">\n<h3>Recep\u00e7\u00e3o das amostras<\/h3>\n<\/td>\n<td style=\"width: 25.5999%;height: 25px;text-align: center\">\n<h3>Contato<\/h3>\n<\/td>\n<td style=\"width: 23.0666%;height: 25px;text-align: center\">\n<h3>E-mails para contatos<\/h3>\n<\/td>\n<\/tr>\n<tr style=\"height: 10px\">\n<td style=\"width: 23.8668%;height: 10px;text-align: center\">\n<h5><strong>Sala: 512<\/strong><\/h5>\n<h5><strong>Laborat\u00f3rio de An\u00e1lises de Solos<\/strong><\/h5>\n<\/td>\n<td style=\"width: 25.5999%;height: 10px;text-align: center\">\n<h5 style=\"font-family: Lato, sans-serif\">53 3275-7269<\/h5>\n<\/td>\n<td style=\"width: 23.0666%;height: 10px;text-align: center\">\n<h5 style=\"font-family: Lato, sans-serif\">laboratoriosolosfaem@hotmail.com<\/h5>\n<\/td>\n<\/tr>\n<tr style=\"height: 10px\">\n<td style=\"width: 23.8668%;height: 10px\"><\/td>\n<td style=\"width: 25.5999%;height: 10px\"><\/td>\n<td style=\"width: 23.0666%;height: 10px\"><\/td>\n<\/tr>\n<\/tbody>\n<\/table>\n<h5 style=\"text-align: center\"><strong>Universidade Federal de Pelotas (UFPel) &#8211; <\/strong><strong>Faculdade de Agronomia Eliseu Maciel (FAEM)<\/strong><\/h5>\n<h5 style=\"text-align: center\"><strong>Avenida Eliseu Maciel s\/n,\u00a0 <\/strong><strong>Cap\u00e3o do Le\u00e3o &#8211; RS &#8211; <\/strong><strong>CEP: 96001-970<\/strong><\/h5>\n","protected":false},"excerpt":{"rendered":"<p>Recep\u00e7\u00e3o das amostras Contato E-mails para contatos Sala: 512 Laborat\u00f3rio de An\u00e1lises de Solos 53 3275-7269 laboratoriosolosfaem@hotmail.com Universidade Federal de Pelotas (UFPel) &#8211; Faculdade de Agronomia Eliseu Maciel (FAEM) Avenida Eliseu Maciel s\/n,\u00a0 Cap\u00e3o do Le\u00e3o &#8211; RS &#8211; CEP: 96001-970<\/p>\n","protected":false},"author":1,"featured_media":0,"parent":0,"menu_order":10,"comment_status":"closed","ping_status":"closed","template":"","meta":{"footnotes":""},"class_list":["post-3","page","type-page","status-publish","hentry","nodate","item-wrap"],"_links":{"self":[{"href":"https:\/\/wp.ufpel.edu.br\/solos\/wp-json\/wp\/v2\/pages\/3","targetHints":{"allow":["GET"]}}],"collection":[{"href":"https:\/\/wp.ufpel.edu.br\/solos\/wp-json\/wp\/v2\/pages"}],"about":[{"href":"https:\/\/wp.ufpel.edu.br\/solos\/wp-json\/wp\/v2\/types\/page"}],"author":[{"embeddable":true,"href":"https:\/\/wp.ufpel.edu.br\/solos\/wp-json\/wp\/v2\/users\/1"}],"replies":[{"embeddable":true,"href":"https:\/\/wp.ufpel.edu.br\/solos\/wp-json\/wp\/v2\/comments?post=3"}],"version-history":[{"count":20,"href":"https:\/\/wp.ufpel.edu.br\/solos\/wp-json\/wp\/v2\/pages\/3\/revisions"}],"predecessor-version":[{"id":1132,"href":"https:\/\/wp.ufpel.edu.br\/solos\/wp-json\/wp\/v2\/pages\/3\/revisions\/1132"}],"wp:attachment":[{"href":"https:\/\/wp.ufpel.edu.br\/solos\/wp-json\/wp\/v2\/media?parent=3"}],"curies":[{"name":"wp","href":"https:\/\/api.w.org\/{rel}","templated":true}]}}