{"id":892,"date":"2023-11-07T23:24:15","date_gmt":"2023-11-08T02:24:15","guid":{"rendered":"https:\/\/wp.ufpel.edu.br\/soloeagua\/?page_id=892"},"modified":"2023-11-07T23:25:29","modified_gmt":"2023-11-08T02:25:29","slug":"roleta-matematica","status":"publish","type":"page","link":"https:\/\/wp.ufpel.edu.br\/soloeagua\/material-didatico-atividades-complementares\/roleta-matematica\/","title":{"rendered":"Roleta matem\u00e1tica"},"content":{"rendered":"<p>A roleta matem\u00e1tica \u00e9 uma forma l\u00fadica de trabalhar os c\u00e1lculos matem\u00e1ticos<\/p>\n<p>Ela \u00e9 confeccionada com tr\u00eas c\u00edrculos de papel\u00e3o e fixadas com parafuso em uma base de papel\u00e3o, que pode ser papel\u00e3o ou outro material mais resistente.<\/p>\n<p><a href=\"https:\/\/wp.ufpel.edu.br\/soloeagua\/files\/2023\/11\/20231106_161734-scaled.jpg\"><img loading=\"lazy\" decoding=\"async\" class=\"alignnone size-thumbnail wp-image-894\" src=\"https:\/\/wp.ufpel.edu.br\/soloeagua\/files\/2023\/11\/20231106_161734-200x200.jpg\" alt=\"\" width=\"200\" height=\"200\" \/><\/a><\/p>\n","protected":false},"excerpt":{"rendered":"<p>A roleta matem\u00e1tica \u00e9 uma forma l\u00fadica de trabalhar os c\u00e1lculos matem\u00e1ticos Ela \u00e9 confeccionada com tr\u00eas c\u00edrculos de papel\u00e3o e fixadas com parafuso em uma base de papel\u00e3o, que pode ser papel\u00e3o ou outro material mais resistente.<\/p>\n","protected":false},"author":152,"featured_media":0,"parent":262,"menu_order":0,"comment_status":"closed","ping_status":"closed","template":"","meta":{"footnotes":""},"class_list":["post-892","page","type-page","status-publish","hentry"],"_links":{"self":[{"href":"https:\/\/wp.ufpel.edu.br\/soloeagua\/wp-json\/wp\/v2\/pages\/892","targetHints":{"allow":["GET"]}}],"collection":[{"href":"https:\/\/wp.ufpel.edu.br\/soloeagua\/wp-json\/wp\/v2\/pages"}],"about":[{"href":"https:\/\/wp.ufpel.edu.br\/soloeagua\/wp-json\/wp\/v2\/types\/page"}],"author":[{"embeddable":true,"href":"https:\/\/wp.ufpel.edu.br\/soloeagua\/wp-json\/wp\/v2\/users\/152"}],"replies":[{"embeddable":true,"href":"https:\/\/wp.ufpel.edu.br\/soloeagua\/wp-json\/wp\/v2\/comments?post=892"}],"version-history":[{"count":1,"href":"https:\/\/wp.ufpel.edu.br\/soloeagua\/wp-json\/wp\/v2\/pages\/892\/revisions"}],"predecessor-version":[{"id":895,"href":"https:\/\/wp.ufpel.edu.br\/soloeagua\/wp-json\/wp\/v2\/pages\/892\/revisions\/895"}],"up":[{"embeddable":true,"href":"https:\/\/wp.ufpel.edu.br\/soloeagua\/wp-json\/wp\/v2\/pages\/262"}],"wp:attachment":[{"href":"https:\/\/wp.ufpel.edu.br\/soloeagua\/wp-json\/wp\/v2\/media?parent=892"}],"curies":[{"name":"wp","href":"https:\/\/api.w.org\/{rel}","templated":true}]}}