{"id":8,"date":"2011-12-01T20:37:37","date_gmt":"2011-12-01T23:37:37","guid":{"rendered":"https:\/\/wp.ufpel.edu.br\/soloeagua\/"},"modified":"2019-10-24T00:53:16","modified_gmt":"2019-10-24T03:53:16","slug":"integrantes-do-espaco","status":"publish","type":"page","link":"https:\/\/wp.ufpel.edu.br\/soloeagua\/integrantes-do-espaco\/","title":{"rendered":"Integrantes do espa\u00e7o"},"content":{"rendered":"<p style=\"text-align: justify\">Colaboram com este espa\u00e7o professores da Universidade Federal de Pelotas (UFPel), alunos do Programa de P\u00f3s-Gradua\u00e7\u00e3o em Recursos H\u00eddricos da UFPel e alunos dos cursos de gradua\u00e7\u00e3o em Agronomia, Engenharia Agr\u00edcola, e Engenharia H\u00eddrica da UFPel.<\/p>\n<p>O coordenador e respons\u00e1vel por este espa\u00e7o \u00e9 o professor\u00a0Luis Eduardo A. S. Suzuki (<a href=\"https:\/\/wp.ufpel.edu.br\/rhima\/xiii-segusii-enehid\/luis.suzuki@ufpel.edu.br\">e-mail<\/a>\/<a href=\"http:\/\/lattes.cnpq.br\/8976157511758125\">curr\u00edculo lattes<\/a>).<\/p>\n<p>&nbsp;<\/p>\n","protected":false},"excerpt":{"rendered":"<p>Colaboram com este espa\u00e7o professores da Universidade Federal de Pelotas (UFPel), alunos do Programa de P\u00f3s-Gradua\u00e7\u00e3o em Recursos H\u00eddricos da UFPel e alunos dos cursos de gradua\u00e7\u00e3o em Agronomia, Engenharia Agr\u00edcola, e Engenharia H\u00eddrica da UFPel. O coordenador e respons\u00e1vel&#8230; <a class=\"more-link\" href=\"https:\/\/wp.ufpel.edu.br\/soloeagua\/integrantes-do-espaco\/\">Continue lendo &rarr;<\/a><\/p>\n","protected":false},"author":152,"featured_media":0,"parent":0,"menu_order":2,"comment_status":"closed","ping_status":"closed","template":"","meta":{"footnotes":""},"class_list":["post-8","page","type-page","status-publish","hentry"],"_links":{"self":[{"href":"https:\/\/wp.ufpel.edu.br\/soloeagua\/wp-json\/wp\/v2\/pages\/8","targetHints":{"allow":["GET"]}}],"collection":[{"href":"https:\/\/wp.ufpel.edu.br\/soloeagua\/wp-json\/wp\/v2\/pages"}],"about":[{"href":"https:\/\/wp.ufpel.edu.br\/soloeagua\/wp-json\/wp\/v2\/types\/page"}],"author":[{"embeddable":true,"href":"https:\/\/wp.ufpel.edu.br\/soloeagua\/wp-json\/wp\/v2\/users\/152"}],"replies":[{"embeddable":true,"href":"https:\/\/wp.ufpel.edu.br\/soloeagua\/wp-json\/wp\/v2\/comments?post=8"}],"version-history":[{"count":12,"href":"https:\/\/wp.ufpel.edu.br\/soloeagua\/wp-json\/wp\/v2\/pages\/8\/revisions"}],"predecessor-version":[{"id":470,"href":"https:\/\/wp.ufpel.edu.br\/soloeagua\/wp-json\/wp\/v2\/pages\/8\/revisions\/470"}],"wp:attachment":[{"href":"https:\/\/wp.ufpel.edu.br\/soloeagua\/wp-json\/wp\/v2\/media?parent=8"}],"curies":[{"name":"wp","href":"https:\/\/api.w.org\/{rel}","templated":true}]}}