{"id":796,"date":"2023-10-07T18:48:12","date_gmt":"2023-10-07T21:48:12","guid":{"rendered":"https:\/\/wp.ufpel.edu.br\/soloeagua\/?page_id=796"},"modified":"2023-10-07T23:14:57","modified_gmt":"2023-10-08T02:14:57","slug":"figuras-geometricas","status":"publish","type":"page","link":"https:\/\/wp.ufpel.edu.br\/soloeagua\/material-didatico-atividades-complementares\/figuras-geometricas\/","title":{"rendered":"Figuras geom\u00e9tricas"},"content":{"rendered":"<p><span style=\"color: #444444; font-family: Roboto, sans-serif;\">O objetivo desta atividade \u00e9 formar figuras de diferentes formas geom\u00e9tricas. Com esta atividade \u00e9 poss\u00edvel trabalhar as formas geom\u00e9tricas e o desenvolvimento da criatividade e racioc\u00ednio l\u00f3gico.<\/span><\/p>\n<p>&nbsp;<\/p>\n<p><strong>Material necess\u00e1rio<\/strong><\/p>\n<p>\u2013 Tampinhas de garrafas pet<\/p>\n<p>\u2013 Cola quente<\/p>\n<p>&nbsp;<\/p>\n<p><strong>Procedimento<\/strong><\/p>\n<p>Para preparar o material, deve-se formar diferentes figuras geom\u00e9tricas com as tampinhas de garrafas, e depois col\u00e1-las com cola quente .<\/p>\n<p><a href=\"https:\/\/wp.ufpel.edu.br\/soloeagua\/files\/2023\/10\/20231006_141831b.jpg\"><img loading=\"lazy\" decoding=\"async\" class=\"alignnone size-thumbnail wp-image-816\" src=\"https:\/\/wp.ufpel.edu.br\/soloeagua\/files\/2023\/10\/20231006_141831b-200x200.jpg\" alt=\"\" width=\"200\" height=\"200\" \/><\/a><\/p>\n<p>A atividade consiste em formar diferentes figuras geom\u00e9tricas com as tampinhas que foram coladas.<\/p>\n<p><a href=\"https:\/\/wp.ufpel.edu.br\/soloeagua\/files\/2023\/10\/20231006_142008b.jpg\"><img loading=\"lazy\" decoding=\"async\" class=\"alignnone size-thumbnail wp-image-817\" src=\"https:\/\/wp.ufpel.edu.br\/soloeagua\/files\/2023\/10\/20231006_142008b-200x200.jpg\" alt=\"\" width=\"200\" height=\"200\" \/><\/a> <a href=\"https:\/\/wp.ufpel.edu.br\/soloeagua\/files\/2023\/10\/20231006_142036b.jpg\"><img loading=\"lazy\" decoding=\"async\" class=\"alignnone size-thumbnail wp-image-818\" src=\"https:\/\/wp.ufpel.edu.br\/soloeagua\/files\/2023\/10\/20231006_142036b-200x200.jpg\" alt=\"\" width=\"200\" height=\"200\" \/><\/a> <a href=\"https:\/\/wp.ufpel.edu.br\/soloeagua\/files\/2023\/10\/20231006_142122b.jpg\"><img loading=\"lazy\" decoding=\"async\" class=\"alignnone size-thumbnail wp-image-820\" src=\"https:\/\/wp.ufpel.edu.br\/soloeagua\/files\/2023\/10\/20231006_142122b-200x200.jpg\" alt=\"\" width=\"200\" height=\"200\" \/><\/a> <a href=\"https:\/\/wp.ufpel.edu.br\/soloeagua\/files\/2023\/10\/20231006_142144b.jpg\"><img loading=\"lazy\" decoding=\"async\" class=\"alignnone size-thumbnail wp-image-821\" src=\"https:\/\/wp.ufpel.edu.br\/soloeagua\/files\/2023\/10\/20231006_142144b-200x200.jpg\" alt=\"\" width=\"200\" height=\"200\" \/><\/a><\/p>\n<p>&nbsp;<\/p>\n","protected":false},"excerpt":{"rendered":"<p>O objetivo desta atividade \u00e9 formar figuras de diferentes formas geom\u00e9tricas. Com esta atividade \u00e9 poss\u00edvel trabalhar as formas geom\u00e9tricas e o desenvolvimento da criatividade e racioc\u00ednio l\u00f3gico. &nbsp; Material necess\u00e1rio \u2013 Tampinhas de garrafas pet \u2013 Cola quente &nbsp;&#8230; <a class=\"more-link\" href=\"https:\/\/wp.ufpel.edu.br\/soloeagua\/material-didatico-atividades-complementares\/figuras-geometricas\/\">Continue lendo &rarr;<\/a><\/p>\n","protected":false},"author":152,"featured_media":0,"parent":262,"menu_order":0,"comment_status":"closed","ping_status":"closed","template":"","meta":{"footnotes":""},"class_list":["post-796","page","type-page","status-publish","hentry"],"_links":{"self":[{"href":"https:\/\/wp.ufpel.edu.br\/soloeagua\/wp-json\/wp\/v2\/pages\/796","targetHints":{"allow":["GET"]}}],"collection":[{"href":"https:\/\/wp.ufpel.edu.br\/soloeagua\/wp-json\/wp\/v2\/pages"}],"about":[{"href":"https:\/\/wp.ufpel.edu.br\/soloeagua\/wp-json\/wp\/v2\/types\/page"}],"author":[{"embeddable":true,"href":"https:\/\/wp.ufpel.edu.br\/soloeagua\/wp-json\/wp\/v2\/users\/152"}],"replies":[{"embeddable":true,"href":"https:\/\/wp.ufpel.edu.br\/soloeagua\/wp-json\/wp\/v2\/comments?post=796"}],"version-history":[{"count":5,"href":"https:\/\/wp.ufpel.edu.br\/soloeagua\/wp-json\/wp\/v2\/pages\/796\/revisions"}],"predecessor-version":[{"id":822,"href":"https:\/\/wp.ufpel.edu.br\/soloeagua\/wp-json\/wp\/v2\/pages\/796\/revisions\/822"}],"up":[{"embeddable":true,"href":"https:\/\/wp.ufpel.edu.br\/soloeagua\/wp-json\/wp\/v2\/pages\/262"}],"wp:attachment":[{"href":"https:\/\/wp.ufpel.edu.br\/soloeagua\/wp-json\/wp\/v2\/media?parent=796"}],"curies":[{"name":"wp","href":"https:\/\/api.w.org\/{rel}","templated":true}]}}