{"id":791,"date":"2023-10-03T11:39:14","date_gmt":"2023-10-03T14:39:14","guid":{"rendered":"https:\/\/wp.ufpel.edu.br\/soloeagua\/?page_id=791"},"modified":"2023-10-07T23:55:59","modified_gmt":"2023-10-08T02:55:59","slug":"papel-reciclavel","status":"publish","type":"page","link":"https:\/\/wp.ufpel.edu.br\/soloeagua\/material-didatico-atividades-complementares\/papel-reciclavel\/","title":{"rendered":"Papel recicl\u00e1vel"},"content":{"rendered":"<p>O objetivo desta atividade \u00e9 confeccionar papel reciclado.<\/p>\n<p><strong>Material necess\u00e1rio<\/strong><\/p>\n<p>\u2013 Pap\u00e9is que ser\u00e3o descartados<\/p>\n<p>\u2013 Peneira<\/p>\n<p>\u2013 Recipiente pl\u00e1stico que receber\u00e1 os pap\u00e9is descartados<\/p>\n<p><strong>Procedimento<\/strong><\/p>\n<p>Os pap\u00e9is descartados devem ser picados e colocados em um recipiente pl\u00e1stico com \u00e1gua. Ap\u00f3s dois dias, o papel picado que permaneceu na \u00e1gua deve ser triturado, seja manualmente ou utilizando um liquidificador. Em seguida, essa pasta contendo papel triturado e \u00e1gua deve ser colocada e distribu\u00edda de forma homog\u00eanea na peneira. Quanto mais fina esta pasta distribu\u00edda sobre a peneira, mais fino ser\u00e1 o papel reciclado. Ap\u00f3s secar a pasta sobre a peneira, ter\u00e1 o papel reciclado.<\/p>\n<p><a href=\"https:\/\/wp.ufpel.edu.br\/soloeagua\/files\/2023\/10\/20231002_144046-1-scaled.jpg\"><img loading=\"lazy\" decoding=\"async\" class=\"alignnone size-thumbnail wp-image-834\" src=\"https:\/\/wp.ufpel.edu.br\/soloeagua\/files\/2023\/10\/20231002_144046-1-200x200.jpg\" alt=\"\" width=\"200\" height=\"200\" \/><\/a><\/p>\n","protected":false},"excerpt":{"rendered":"<p>O objetivo desta atividade \u00e9 confeccionar papel reciclado. Material necess\u00e1rio \u2013 Pap\u00e9is que ser\u00e3o descartados \u2013 Peneira \u2013 Recipiente pl\u00e1stico que receber\u00e1 os pap\u00e9is descartados Procedimento Os pap\u00e9is descartados devem ser picados e colocados em um recipiente pl\u00e1stico com \u00e1gua&#8230;. <a class=\"more-link\" href=\"https:\/\/wp.ufpel.edu.br\/soloeagua\/material-didatico-atividades-complementares\/papel-reciclavel\/\">Continue lendo &rarr;<\/a><\/p>\n","protected":false},"author":152,"featured_media":0,"parent":262,"menu_order":0,"comment_status":"closed","ping_status":"closed","template":"","meta":{"footnotes":""},"class_list":["post-791","page","type-page","status-publish","hentry"],"_links":{"self":[{"href":"https:\/\/wp.ufpel.edu.br\/soloeagua\/wp-json\/wp\/v2\/pages\/791","targetHints":{"allow":["GET"]}}],"collection":[{"href":"https:\/\/wp.ufpel.edu.br\/soloeagua\/wp-json\/wp\/v2\/pages"}],"about":[{"href":"https:\/\/wp.ufpel.edu.br\/soloeagua\/wp-json\/wp\/v2\/types\/page"}],"author":[{"embeddable":true,"href":"https:\/\/wp.ufpel.edu.br\/soloeagua\/wp-json\/wp\/v2\/users\/152"}],"replies":[{"embeddable":true,"href":"https:\/\/wp.ufpel.edu.br\/soloeagua\/wp-json\/wp\/v2\/comments?post=791"}],"version-history":[{"count":3,"href":"https:\/\/wp.ufpel.edu.br\/soloeagua\/wp-json\/wp\/v2\/pages\/791\/revisions"}],"predecessor-version":[{"id":836,"href":"https:\/\/wp.ufpel.edu.br\/soloeagua\/wp-json\/wp\/v2\/pages\/791\/revisions\/836"}],"up":[{"embeddable":true,"href":"https:\/\/wp.ufpel.edu.br\/soloeagua\/wp-json\/wp\/v2\/pages\/262"}],"wp:attachment":[{"href":"https:\/\/wp.ufpel.edu.br\/soloeagua\/wp-json\/wp\/v2\/media?parent=791"}],"curies":[{"name":"wp","href":"https:\/\/api.w.org\/{rel}","templated":true}]}}