{"id":786,"date":"2023-10-03T11:37:08","date_gmt":"2023-10-03T14:37:08","guid":{"rendered":"https:\/\/wp.ufpel.edu.br\/soloeagua\/?page_id=786"},"modified":"2023-10-03T11:37:08","modified_gmt":"2023-10-03T14:37:08","slug":"rosquear-e-desrosquear-tampas","status":"publish","type":"page","link":"https:\/\/wp.ufpel.edu.br\/soloeagua\/material-didatico-atividades-complementares\/rosquear-e-desrosquear-tampas\/","title":{"rendered":"Rosquear e desrosquear tampas"},"content":{"rendered":"<p>O objetivo desta atividade \u00e9 trabalhar a coordena\u00e7\u00e3o motora.<\/p>\n<p><strong>Material necess\u00e1rio<\/strong><\/p>\n<p>\u2013 Papel\u00e3o<\/p>\n<p>\u2013 Garrafas pl\u00e1sticas, pet ou outros tipos de recipientes pl\u00e1sticos com tampa<\/p>\n<p>&#8211; Caixa de leite<\/p>\n<p>\u2013 Cola quente<\/p>\n<p><strong>Procedimento<\/strong><\/p>\n<p>Para preparar o material, deve-se colar sobre o papel\u00e3o diferentes tipos de roscas de garrafas pl\u00e1sticas, pet, caixa de leite ou outros tipos de recipientes pl\u00e1sticos. Para colar, utiliza-se cola quente. Uma caixa de leite ou outro tipo de recipiente que armazenar\u00e1 as tampas \u00e9 colado no papel\u00e3o.<\/p>\n<p>A atividade consiste em rosquear e desrosquear as tampas de acordo com a rosca correta.\u00a0Pode-se ainda utilizar tampas com diferentes cores para associar o tipo de rosca e as cores.<\/p>\n<p><a href=\"https:\/\/wp.ufpel.edu.br\/soloeagua\/files\/2023\/10\/20231002_144201-scaled.jpg\"><img loading=\"lazy\" decoding=\"async\" class=\"alignnone size-thumbnail wp-image-788\" src=\"https:\/\/wp.ufpel.edu.br\/soloeagua\/files\/2023\/10\/20231002_144201-200x200.jpg\" alt=\"\" width=\"200\" height=\"200\" \/><\/a> <a href=\"https:\/\/wp.ufpel.edu.br\/soloeagua\/files\/2023\/10\/20231002_144429-scaled.jpg\"><img loading=\"lazy\" decoding=\"async\" class=\"alignnone size-thumbnail wp-image-789\" src=\"https:\/\/wp.ufpel.edu.br\/soloeagua\/files\/2023\/10\/20231002_144429-200x200.jpg\" alt=\"\" width=\"200\" height=\"200\" \/><\/a><\/p>\n","protected":false},"excerpt":{"rendered":"<p>O objetivo desta atividade \u00e9 trabalhar a coordena\u00e7\u00e3o motora. Material necess\u00e1rio \u2013 Papel\u00e3o \u2013 Garrafas pl\u00e1sticas, pet ou outros tipos de recipientes pl\u00e1sticos com tampa &#8211; Caixa de leite \u2013 Cola quente Procedimento Para preparar o material, deve-se colar sobre&#8230; <a class=\"more-link\" href=\"https:\/\/wp.ufpel.edu.br\/soloeagua\/material-didatico-atividades-complementares\/rosquear-e-desrosquear-tampas\/\">Continue lendo &rarr;<\/a><\/p>\n","protected":false},"author":152,"featured_media":0,"parent":262,"menu_order":0,"comment_status":"closed","ping_status":"closed","template":"","meta":{"footnotes":""},"class_list":["post-786","page","type-page","status-publish","hentry"],"_links":{"self":[{"href":"https:\/\/wp.ufpel.edu.br\/soloeagua\/wp-json\/wp\/v2\/pages\/786","targetHints":{"allow":["GET"]}}],"collection":[{"href":"https:\/\/wp.ufpel.edu.br\/soloeagua\/wp-json\/wp\/v2\/pages"}],"about":[{"href":"https:\/\/wp.ufpel.edu.br\/soloeagua\/wp-json\/wp\/v2\/types\/page"}],"author":[{"embeddable":true,"href":"https:\/\/wp.ufpel.edu.br\/soloeagua\/wp-json\/wp\/v2\/users\/152"}],"replies":[{"embeddable":true,"href":"https:\/\/wp.ufpel.edu.br\/soloeagua\/wp-json\/wp\/v2\/comments?post=786"}],"version-history":[{"count":1,"href":"https:\/\/wp.ufpel.edu.br\/soloeagua\/wp-json\/wp\/v2\/pages\/786\/revisions"}],"predecessor-version":[{"id":790,"href":"https:\/\/wp.ufpel.edu.br\/soloeagua\/wp-json\/wp\/v2\/pages\/786\/revisions\/790"}],"up":[{"embeddable":true,"href":"https:\/\/wp.ufpel.edu.br\/soloeagua\/wp-json\/wp\/v2\/pages\/262"}],"wp:attachment":[{"href":"https:\/\/wp.ufpel.edu.br\/soloeagua\/wp-json\/wp\/v2\/media?parent=786"}],"curies":[{"name":"wp","href":"https:\/\/api.w.org\/{rel}","templated":true}]}}