{"id":6,"date":"2011-12-01T20:36:59","date_gmt":"2011-12-01T23:36:59","guid":{"rendered":"https:\/\/wp.ufpel.edu.br\/soloeagua\/"},"modified":"2018-10-03T17:40:48","modified_gmt":"2018-10-03T20:40:48","slug":"o-que-e-este-espaco","status":"publish","type":"page","link":"https:\/\/wp.ufpel.edu.br\/soloeagua\/o-que-e-este-espaco\/","title":{"rendered":"Sobre este espa\u00e7o"},"content":{"rendered":"<p style=\"text-align: justify\">O \u201cEspa\u00e7o Solo e \u00c1gua\u201d \u00e9 um espa\u00e7o criado como parte do projeto de extens\u00e3o \u201cO solo e a \u00e1gua como ferramenta para a educa\u00e7\u00e3o ambiental&#8221; (cadastrado na Universidade Federal de Pelotas com o\u00a0<a href=\"https:\/\/wp.ufpel.edu.br\/soloeagua\/files\/2011\/12\/C\u00f3digo-52123011.pdf\">C\u00f3digo PREC 52123011<\/a>), sob coordena\u00e7\u00e3o do professor Luis Eduardo A.S. Suzuki, para divulgar atividades pr\u00e1ticas para o ensino de assuntos relacionados ao solo e a \u00e1gua.<\/p>\n<p style=\"text-align: justify\">Este espa\u00e7o foi inspirado nas iniciativas de outras institui\u00e7\u00f5es como o \u201cMuseu de Ci\u00eancias da Terra Alexis Dorofeef\u201d (<a href=\"http:\/\/www.mctad.ufv.br\/\">http:\/\/www.mctad.ufv.br<\/a>) da Universidade Federal de Vi\u00e7osa, o \u201cMuseu de Solos do Rio Grande do Sul\u201d (<a href=\"http:\/\/w3.ufsm.br\/msrs\/index.php\">http:\/\/w3.ufsm.br\/msrs\/index.php<\/a>) e o \u201cProjeto Solo na Escola\u201d (<a href=\"http:\/\/www.escola.agrarias.ufpr.br\/index.html\">http:\/\/www.escola.agrarias.ufpr.br\/index.html<\/a>) da Universidade Federal do Paran\u00e1.<\/p>\n<p style=\"text-align: justify\">Os materiais disponibilizados podem ser utilizados pelos professores para trabalhar com os mais diversos p\u00fablicos, desde crian\u00e7as at\u00e9 adultos.<\/p>\n<p style=\"text-align: justify\">Al\u00e9m deste espa\u00e7o virtual, tamb\u00e9m levamos estas atividades nas\u00a0escolas. Caso tenha interesse na apresenta\u00e7\u00e3o destas atividades em sua escola, entre em contato conosco.<\/p>\n<p style=\"text-align: justify\">Aproveite este espa\u00e7o para conhecer mais sobre o solo e a \u00e1gua e divirta-se!<\/p>\n","protected":false},"excerpt":{"rendered":"<p>O \u201cEspa\u00e7o Solo e \u00c1gua\u201d \u00e9 um espa\u00e7o criado como parte do projeto de extens\u00e3o \u201cO solo e a \u00e1gua como ferramenta para a educa\u00e7\u00e3o ambiental&#8221; (cadastrado na Universidade Federal de Pelotas com o\u00a0C\u00f3digo PREC 52123011), sob coordena\u00e7\u00e3o do professor&#8230; <a class=\"more-link\" href=\"https:\/\/wp.ufpel.edu.br\/soloeagua\/o-que-e-este-espaco\/\">Continue lendo &rarr;<\/a><\/p>\n","protected":false},"author":152,"featured_media":0,"parent":0,"menu_order":1,"comment_status":"closed","ping_status":"closed","template":"","meta":{"footnotes":""},"class_list":["post-6","page","type-page","status-publish","hentry"],"_links":{"self":[{"href":"https:\/\/wp.ufpel.edu.br\/soloeagua\/wp-json\/wp\/v2\/pages\/6","targetHints":{"allow":["GET"]}}],"collection":[{"href":"https:\/\/wp.ufpel.edu.br\/soloeagua\/wp-json\/wp\/v2\/pages"}],"about":[{"href":"https:\/\/wp.ufpel.edu.br\/soloeagua\/wp-json\/wp\/v2\/types\/page"}],"author":[{"embeddable":true,"href":"https:\/\/wp.ufpel.edu.br\/soloeagua\/wp-json\/wp\/v2\/users\/152"}],"replies":[{"embeddable":true,"href":"https:\/\/wp.ufpel.edu.br\/soloeagua\/wp-json\/wp\/v2\/comments?post=6"}],"version-history":[{"count":8,"href":"https:\/\/wp.ufpel.edu.br\/soloeagua\/wp-json\/wp\/v2\/pages\/6\/revisions"}],"predecessor-version":[{"id":340,"href":"https:\/\/wp.ufpel.edu.br\/soloeagua\/wp-json\/wp\/v2\/pages\/6\/revisions\/340"}],"wp:attachment":[{"href":"https:\/\/wp.ufpel.edu.br\/soloeagua\/wp-json\/wp\/v2\/media?parent=6"}],"curies":[{"name":"wp","href":"https:\/\/api.w.org\/{rel}","templated":true}]}}