{"id":48,"date":"2023-11-05T20:13:24","date_gmt":"2023-11-05T23:13:24","guid":{"rendered":"https:\/\/wp.ufpel.edu.br\/soloeagua\/"},"modified":"2025-07-18T12:14:42","modified_gmt":"2025-07-18T15:14:42","slug":"jogos-didaticos","status":"publish","type":"page","link":"https:\/\/wp.ufpel.edu.br\/soloeagua\/jogos-didaticos\/","title":{"rendered":"Jogos did\u00e1ticos"},"content":{"rendered":"<p style=\"text-align: justify;\">No espa\u00e7o \u201cJogos did\u00e1ticos\u201d voc\u00ea encontra jogos virtuais que podem ser utilizados no ensino dos temas solo e \u00e1gua.<\/p>\n<p><a href=\"https:\/\/wp.ufpel.edu.br\/soloeagua\/files\/2023\/11\/flashcards_classificacao-solos-v2.pdf\">Classifica\u00e7\u00e3o do solo<\/a><\/p>\n<p><a href=\"https:\/\/wp.ufpel.edu.br\/soloeagua\/files\/2025\/05\/Aventuras-do-Solo.zip\">Aventuras do Solo<\/a><\/p>\n<p><a href=\"https:\/\/wp.ufpel.edu.br\/soloeagua\/files\/2025\/07\/Jogo-Ciencia-do-solo-classificacao-do-solo-julho-2025.rar\">Classifica\u00e7\u00e3o brasileira de solos<\/a><\/p>\n","protected":false},"excerpt":{"rendered":"<p>No espa\u00e7o \u201cJogos did\u00e1ticos\u201d voc\u00ea encontra jogos virtuais que podem ser utilizados no ensino dos temas solo e \u00e1gua. Classifica\u00e7\u00e3o do solo Aventuras do Solo Classifica\u00e7\u00e3o brasileira de solos<\/p>\n","protected":false},"author":152,"featured_media":0,"parent":0,"menu_order":15,"comment_status":"closed","ping_status":"closed","template":"","meta":{"footnotes":""},"class_list":["post-48","page","type-page","status-publish","hentry"],"_links":{"self":[{"href":"https:\/\/wp.ufpel.edu.br\/soloeagua\/wp-json\/wp\/v2\/pages\/48","targetHints":{"allow":["GET"]}}],"collection":[{"href":"https:\/\/wp.ufpel.edu.br\/soloeagua\/wp-json\/wp\/v2\/pages"}],"about":[{"href":"https:\/\/wp.ufpel.edu.br\/soloeagua\/wp-json\/wp\/v2\/types\/page"}],"author":[{"embeddable":true,"href":"https:\/\/wp.ufpel.edu.br\/soloeagua\/wp-json\/wp\/v2\/users\/152"}],"replies":[{"embeddable":true,"href":"https:\/\/wp.ufpel.edu.br\/soloeagua\/wp-json\/wp\/v2\/comments?post=48"}],"version-history":[{"count":7,"href":"https:\/\/wp.ufpel.edu.br\/soloeagua\/wp-json\/wp\/v2\/pages\/48\/revisions"}],"predecessor-version":[{"id":1373,"href":"https:\/\/wp.ufpel.edu.br\/soloeagua\/wp-json\/wp\/v2\/pages\/48\/revisions\/1373"}],"wp:attachment":[{"href":"https:\/\/wp.ufpel.edu.br\/soloeagua\/wp-json\/wp\/v2\/media?parent=48"}],"curies":[{"name":"wp","href":"https:\/\/api.w.org\/{rel}","templated":true}]}}