{"id":46,"date":"2011-12-04T12:12:58","date_gmt":"2011-12-04T15:12:58","guid":{"rendered":"https:\/\/wp.ufpel.edu.br\/soloeagua\/"},"modified":"2011-12-04T13:56:29","modified_gmt":"2011-12-04T16:56:29","slug":"enem","status":"publish","type":"page","link":"https:\/\/wp.ufpel.edu.br\/soloeagua\/enem\/","title":{"rendered":"ENEM"},"content":{"rendered":"<p style=\"text-align: justify\">Dada a import\u00e2ncia dos temas solo e \u00e1gua, tem-se observado quest\u00f5es sobre estes temas no Exame Nacional do Ensino M\u00e9dio (ENEM). Nesse sentido, \u00e9 importante que as escolas desenvolvam estes temas dando os mais diversos enfoques, diante da amplitude de envolvimento do solo e da \u00e1gua com o ambiente.<\/p>\n<p style=\"text-align: justify\">Abaixo seguem algumas quest\u00f5es relacionadas ao solo e a \u00e1gua presentes nas avalia\u00e7\u00f5es do ENEM.<\/p>\n<p style=\"text-align: justify\"><a href=\"https:\/\/wp.ufpel.edu.br\/soloeagua\/files\/2011\/12\/quest\u00f5es-ENEM-2005.pdf\"><\/a><a href=\"https:\/\/wp.ufpel.edu.br\/soloeagua\/files\/2011\/12\/quest\u00f5es-ENEM-2005.pdf\">Exame Nacional do Ensino M\u00e9dio (ENEM) &#8211; 2005<\/a><\/p>\n<p style=\"text-align: justify\"><a href=\"https:\/\/wp.ufpel.edu.br\/soloeagua\/files\/2011\/12\/quest\u00f5es-ENEM-2006.pdf\"><\/a><a href=\"https:\/\/wp.ufpel.edu.br\/soloeagua\/files\/2011\/12\/quest\u00f5es-ENEM-2006.pdf\">Exame Nacional do Ensino M\u00e9dio (ENEM) &#8211; 2006<\/a><\/p>\n<p style=\"text-align: justify\"><a href=\"https:\/\/wp.ufpel.edu.br\/soloeagua\/files\/2011\/12\/quest\u00f5es-ENEM-2007.pdf\"><\/a><a href=\"https:\/\/wp.ufpel.edu.br\/soloeagua\/files\/2011\/12\/quest\u00f5es-ENEM-2007.pdf\">Exame Nacional do Ensino M\u00e9dio (ENEM) &#8211; 2007<\/a><\/p>\n<p style=\"text-align: justify\"><a href=\"https:\/\/wp.ufpel.edu.br\/soloeagua\/files\/2011\/12\/quest\u00f5es-ENEM-2008.pdf\"><\/a><a href=\"https:\/\/wp.ufpel.edu.br\/soloeagua\/files\/2011\/12\/quest\u00f5es-ENEM-2008.pdf\">Exame Nacional do Ensino M\u00e9dio (ENEM) &#8211; 2008<\/a><\/p>\n<p style=\"text-align: justify\"><a href=\"https:\/\/wp.ufpel.edu.br\/soloeagua\/files\/2011\/12\/quest\u00f5es-ENEM-2009.pdf\">Exame Nacional do Ensino M\u00e9dio (ENEM) &#8211; 2009<\/a><\/p>\n<p style=\"text-align: justify\"><a href=\"https:\/\/wp.ufpel.edu.br\/soloeagua\/files\/2011\/12\/quest\u00f5es-ENEM-2010.pdf\">Exame Nacional do Ensino M\u00e9dio (ENEM) &#8211; 2010<\/a><\/p>\n<p style=\"text-align: justify\"><a href=\"https:\/\/wp.ufpel.edu.br\/soloeagua\/files\/2011\/12\/quest\u00f5es-ENEM-2011.pdf\">Exame Nacional do Ensino M\u00e9dio (ENEM) &#8211; 2011<\/a><\/p>\n","protected":false},"excerpt":{"rendered":"<p>Dada a import\u00e2ncia dos temas solo e \u00e1gua, tem-se observado quest\u00f5es sobre estes temas no Exame Nacional do Ensino M\u00e9dio (ENEM). Nesse sentido, \u00e9 importante que as escolas desenvolvam estes temas dando os mais diversos enfoques, diante da amplitude de&#8230; <a class=\"more-link\" href=\"https:\/\/wp.ufpel.edu.br\/soloeagua\/enem\/\">Continue lendo &rarr;<\/a><\/p>\n","protected":false},"author":152,"featured_media":0,"parent":0,"menu_order":14,"comment_status":"closed","ping_status":"open","template":"","meta":{"footnotes":""},"class_list":["post-46","page","type-page","status-publish","hentry"],"_links":{"self":[{"href":"https:\/\/wp.ufpel.edu.br\/soloeagua\/wp-json\/wp\/v2\/pages\/46","targetHints":{"allow":["GET"]}}],"collection":[{"href":"https:\/\/wp.ufpel.edu.br\/soloeagua\/wp-json\/wp\/v2\/pages"}],"about":[{"href":"https:\/\/wp.ufpel.edu.br\/soloeagua\/wp-json\/wp\/v2\/types\/page"}],"author":[{"embeddable":true,"href":"https:\/\/wp.ufpel.edu.br\/soloeagua\/wp-json\/wp\/v2\/users\/152"}],"replies":[{"embeddable":true,"href":"https:\/\/wp.ufpel.edu.br\/soloeagua\/wp-json\/wp\/v2\/comments?post=46"}],"version-history":[{"count":13,"href":"https:\/\/wp.ufpel.edu.br\/soloeagua\/wp-json\/wp\/v2\/pages\/46\/revisions"}],"predecessor-version":[{"id":190,"href":"https:\/\/wp.ufpel.edu.br\/soloeagua\/wp-json\/wp\/v2\/pages\/46\/revisions\/190"}],"wp:attachment":[{"href":"https:\/\/wp.ufpel.edu.br\/soloeagua\/wp-json\/wp\/v2\/media?parent=46"}],"curies":[{"name":"wp","href":"https:\/\/api.w.org\/{rel}","templated":true}]}}