{"id":44,"date":"2011-12-01T21:14:39","date_gmt":"2011-12-02T00:14:39","guid":{"rendered":"https:\/\/wp.ufpel.edu.br\/soloeagua\/"},"modified":"2011-12-01T21:22:34","modified_gmt":"2011-12-02T00:22:34","slug":"ciclo-hidrologico","status":"publish","type":"page","link":"https:\/\/wp.ufpel.edu.br\/soloeagua\/material-didatico\/ciclo-hidrologico\/","title":{"rendered":"Ciclo hidrol\u00f3gico"},"content":{"rendered":"<p style=\"text-align: justify\">No espa\u00e7o \u201cCiclo hidrol\u00f3gico\u201d pode-se trabalhar com o aluno a vis\u00e3o de bacia hidrogr\u00e1fica e seus usos, bem como parte do ciclo hidrol\u00f3gico.<\/p>\n<p style=\"text-align: justify\">Prop\u00f5e-se nesta atividade a constru\u00e7\u00e3o de maquetes utilizando material acess\u00edvel e de baixo custo como caixas de leite tipo tetra pak, isopor, tinta de tecido, fios de cobre, palitos de sorvete e tecido. Sugere-se a constru\u00e7\u00e3o de duas maquetes, uma representando a \u00e1rea urbana e outra representando a \u00e1rea rural.<\/p>\n<p style=\"text-align: justify\">A maquete representando a \u00e1rea urbana pode ser dividida em duas partes, de um lado a cidade toda pavimentada e com constru\u00e7\u00f5es, sem espa\u00e7os arborizados e sem parques, enquanto do outro lado da maquete a cidade possui parques e jardins, \u00e1rvores e lagos.<\/p>\n<p style=\"text-align: justify\">A maquete representando a \u00e1rea rural tamb\u00e9m pode ser dividida em duas partes, de um lado uma propriedade que utiliza pr\u00e1ticas de conserva\u00e7\u00f5es do solo e da \u00e1gua, enquanto do outro lado da maquete uma propriedade sem pr\u00e1ticas de conserva\u00e7\u00e3o, com desmatamento, queimadas e sem prote\u00e7\u00e3o de margens de rios.<\/p>\n<p style=\"text-align: justify\">Por serem constru\u00eddas com material recicl\u00e1vel, as maquetes podem ser molhadas e secas para serem utilizadas novamente. Ap\u00f3s a montagem das maquetes, despeja-se \u00e1gua sobre elas utilizando um irrigador, e observa-se as diferen\u00e7as na reten\u00e7\u00e3o, infiltra\u00e7\u00e3o e escoamento de \u00e1gua e sedimentos nas maquetes, em fun\u00e7\u00e3o dos diferentes usos.<\/p>\n<p style=\"text-align: justify\">A partir desta atividade, pode-se questionar os alunos sobre a import\u00e2ncia da vegeta\u00e7\u00e3o em \u00e1reas urbanas e rurais, os problemas que podem ocorrer em cidades impermeabilizadas, os problemas das queimadas e desmatamentos.<\/p>\n<p style=\"text-align: justify\"><strong>Maquete rural<\/strong><\/p>\n<p style=\"text-align: justify\"><a href=\"https:\/\/wp.ufpel.edu.br\/soloeagua\/files\/2011\/12\/P1010005a.jpg\"><img loading=\"lazy\" decoding=\"async\" class=\"alignnone size-thumbnail wp-image-74\" src=\"https:\/\/wp.ufpel.edu.br\/soloeagua\/files\/2011\/12\/P1010005a-150x150.jpg\" alt=\"\" width=\"150\" height=\"150\" \/><\/a><a href=\"https:\/\/wp.ufpel.edu.br\/soloeagua\/files\/2011\/12\/P1010025.jpg\"><img loading=\"lazy\" decoding=\"async\" class=\"alignnone size-thumbnail wp-image-75\" src=\"https:\/\/wp.ufpel.edu.br\/soloeagua\/files\/2011\/12\/P1010025-150x150.jpg\" alt=\"\" width=\"150\" height=\"150\" \/><\/a><a href=\"https:\/\/wp.ufpel.edu.br\/soloeagua\/files\/2011\/12\/P1010028.jpg\"><img loading=\"lazy\" decoding=\"async\" class=\"alignnone size-thumbnail wp-image-76\" src=\"https:\/\/wp.ufpel.edu.br\/soloeagua\/files\/2011\/12\/P1010028-150x150.jpg\" alt=\"\" width=\"150\" height=\"150\" \/><\/a><\/p>\n<p style=\"text-align: justify\"><a href=\"https:\/\/wp.ufpel.edu.br\/soloeagua\/files\/2011\/12\/P1010030.jpg\"><img loading=\"lazy\" decoding=\"async\" class=\"alignnone size-thumbnail wp-image-77\" src=\"https:\/\/wp.ufpel.edu.br\/soloeagua\/files\/2011\/12\/P1010030-150x150.jpg\" alt=\"\" width=\"150\" height=\"150\" \/><\/a><a href=\"https:\/\/wp.ufpel.edu.br\/soloeagua\/files\/2011\/12\/P1010005.jpg\"><img loading=\"lazy\" decoding=\"async\" class=\"alignnone size-thumbnail wp-image-78\" src=\"https:\/\/wp.ufpel.edu.br\/soloeagua\/files\/2011\/12\/P1010005-150x150.jpg\" alt=\"\" width=\"150\" height=\"150\" \/><\/a><a href=\"https:\/\/wp.ufpel.edu.br\/soloeagua\/files\/2011\/12\/P1010003.jpg\"><img loading=\"lazy\" decoding=\"async\" class=\"alignnone size-thumbnail wp-image-79\" src=\"https:\/\/wp.ufpel.edu.br\/soloeagua\/files\/2011\/12\/P1010003-150x150.jpg\" alt=\"\" width=\"150\" height=\"150\" \/><\/a><\/p>\n<p style=\"text-align: justify\">\n<p style=\"text-align: justify\"><strong>Maquete urbana<\/strong><\/p>\n<p style=\"text-align: justify\"><strong><a href=\"https:\/\/wp.ufpel.edu.br\/soloeagua\/files\/2011\/12\/P1010008.jpg\"><img loading=\"lazy\" decoding=\"async\" class=\"alignnone size-thumbnail wp-image-81\" src=\"https:\/\/wp.ufpel.edu.br\/soloeagua\/files\/2011\/12\/P1010008-150x150.jpg\" alt=\"\" width=\"150\" height=\"150\" \/><\/a><a href=\"https:\/\/wp.ufpel.edu.br\/soloeagua\/files\/2011\/12\/P1010010a.jpg\"><img loading=\"lazy\" decoding=\"async\" class=\"alignnone size-thumbnail wp-image-82\" src=\"https:\/\/wp.ufpel.edu.br\/soloeagua\/files\/2011\/12\/P1010010a-150x150.jpg\" alt=\"\" width=\"150\" height=\"150\" \/><\/a><a href=\"https:\/\/wp.ufpel.edu.br\/soloeagua\/files\/2011\/12\/P1010015.jpg\"><img loading=\"lazy\" decoding=\"async\" class=\"alignnone size-thumbnail wp-image-83\" src=\"https:\/\/wp.ufpel.edu.br\/soloeagua\/files\/2011\/12\/P1010015-150x150.jpg\" alt=\"\" width=\"150\" height=\"150\" \/><\/a><\/strong><\/p>\n<p style=\"text-align: justify\"><strong><a href=\"https:\/\/wp.ufpel.edu.br\/soloeagua\/files\/2011\/12\/P1010007.jpg\"><img loading=\"lazy\" decoding=\"async\" class=\"alignnone size-thumbnail wp-image-84\" src=\"https:\/\/wp.ufpel.edu.br\/soloeagua\/files\/2011\/12\/P1010007-150x150.jpg\" alt=\"\" width=\"150\" height=\"150\" \/><\/a><a href=\"https:\/\/wp.ufpel.edu.br\/soloeagua\/files\/2011\/12\/P1010010.jpg\"><img loading=\"lazy\" decoding=\"async\" class=\"alignnone size-thumbnail wp-image-85\" src=\"https:\/\/wp.ufpel.edu.br\/soloeagua\/files\/2011\/12\/P1010010-150x150.jpg\" alt=\"\" width=\"150\" height=\"150\" \/><\/a><a href=\"https:\/\/wp.ufpel.edu.br\/soloeagua\/files\/2011\/12\/P1010013.jpg\"><img loading=\"lazy\" decoding=\"async\" class=\"alignnone size-thumbnail wp-image-86\" src=\"https:\/\/wp.ufpel.edu.br\/soloeagua\/files\/2011\/12\/P1010013-150x150.jpg\" alt=\"\" width=\"150\" height=\"150\" \/><\/a><\/strong><\/p>\n","protected":false},"excerpt":{"rendered":"<p>No espa\u00e7o \u201cCiclo hidrol\u00f3gico\u201d pode-se trabalhar com o aluno a vis\u00e3o de bacia hidrogr\u00e1fica e seus usos, bem como parte do ciclo hidrol\u00f3gico. Prop\u00f5e-se nesta atividade a constru\u00e7\u00e3o de maquetes utilizando material acess\u00edvel e de baixo custo como caixas de&#8230; <a class=\"more-link\" href=\"https:\/\/wp.ufpel.edu.br\/soloeagua\/material-didatico\/ciclo-hidrologico\/\">Continue lendo &rarr;<\/a><\/p>\n","protected":false},"author":152,"featured_media":0,"parent":95,"menu_order":13,"comment_status":"closed","ping_status":"open","template":"","meta":{"footnotes":""},"class_list":["post-44","page","type-page","status-publish","hentry"],"_links":{"self":[{"href":"https:\/\/wp.ufpel.edu.br\/soloeagua\/wp-json\/wp\/v2\/pages\/44","targetHints":{"allow":["GET"]}}],"collection":[{"href":"https:\/\/wp.ufpel.edu.br\/soloeagua\/wp-json\/wp\/v2\/pages"}],"about":[{"href":"https:\/\/wp.ufpel.edu.br\/soloeagua\/wp-json\/wp\/v2\/types\/page"}],"author":[{"embeddable":true,"href":"https:\/\/wp.ufpel.edu.br\/soloeagua\/wp-json\/wp\/v2\/users\/152"}],"replies":[{"embeddable":true,"href":"https:\/\/wp.ufpel.edu.br\/soloeagua\/wp-json\/wp\/v2\/comments?post=44"}],"version-history":[{"count":7,"href":"https:\/\/wp.ufpel.edu.br\/soloeagua\/wp-json\/wp\/v2\/pages\/44\/revisions"}],"predecessor-version":[{"id":102,"href":"https:\/\/wp.ufpel.edu.br\/soloeagua\/wp-json\/wp\/v2\/pages\/44\/revisions\/102"}],"up":[{"embeddable":true,"href":"https:\/\/wp.ufpel.edu.br\/soloeagua\/wp-json\/wp\/v2\/pages\/95"}],"wp:attachment":[{"href":"https:\/\/wp.ufpel.edu.br\/soloeagua\/wp-json\/wp\/v2\/media?parent=44"}],"curies":[{"name":"wp","href":"https:\/\/api.w.org\/{rel}","templated":true}]}}