{"id":41,"date":"2011-12-03T22:42:09","date_gmt":"2011-12-04T01:42:09","guid":{"rendered":"https:\/\/wp.ufpel.edu.br\/soloeagua\/"},"modified":"2011-12-03T22:43:08","modified_gmt":"2011-12-04T01:43:08","slug":"o-solo-e-seus-usos","status":"publish","type":"page","link":"https:\/\/wp.ufpel.edu.br\/soloeagua\/material-didatico\/o-solo-e-seus-usos\/","title":{"rendered":"O solo e seus usos"},"content":{"rendered":"<p style=\"text-align: justify\">No espa\u00e7o \u201cO solo e seus usos\u201d trabalha-se com os alunos a percep\u00e7\u00e3o deles sobre os diferentes usos e import\u00e2ncia do solo, como para a constru\u00e7\u00e3o de obras, agr\u00edcola, descarte de res\u00edduos (lix\u00f5es), pra\u00e7as e jardins, por exemplo.<\/p>\n<p style=\"text-align: justify\">Nesta atividade o professor deve dar uma caminhada com os alunos nas proximidades da escola e at\u00e9 mesmo dentro da escola, para que eles possam observar os usos do solo. Se poss\u00edvel, deve-se procurar solos com uso agr\u00edcola (uma horta, por exemplo), pr\u00f3ximos a rios, solos com constru\u00e7\u00f5es, pra\u00e7as e jardins, lix\u00f5es. Al\u00e9m de observar, pode-se abrir trincheiras nesses locais e verificar as diferen\u00e7as nas caracter\u00edsticas dos solos.<\/p>\n<p style=\"text-align: justify\">A partir da caminhada, pode-se questionar os alunos sobre a import\u00e2ncia do solo, os diversos usos que podem ser dados aos solos.<\/p>\n<p style=\"text-align: justify\"><a href=\"https:\/\/wp.ufpel.edu.br\/soloeagua\/files\/2011\/12\/P1010154.jpg\"><img loading=\"lazy\" decoding=\"async\" class=\"alignnone size-thumbnail wp-image-161\" src=\"https:\/\/wp.ufpel.edu.br\/soloeagua\/files\/2011\/12\/P1010154-150x150.jpg\" alt=\"\" width=\"150\" height=\"150\" \/><\/a><a href=\"https:\/\/wp.ufpel.edu.br\/soloeagua\/files\/2011\/12\/P1010220.jpg\"><img loading=\"lazy\" decoding=\"async\" class=\"alignnone size-thumbnail wp-image-162\" src=\"https:\/\/wp.ufpel.edu.br\/soloeagua\/files\/2011\/12\/P1010220-150x150.jpg\" alt=\"\" width=\"150\" height=\"150\" \/><\/a><a href=\"https:\/\/wp.ufpel.edu.br\/soloeagua\/files\/2011\/12\/DSC005241.jpg\"><img loading=\"lazy\" decoding=\"async\" class=\"alignnone size-thumbnail wp-image-164\" src=\"https:\/\/wp.ufpel.edu.br\/soloeagua\/files\/2011\/12\/DSC005241-150x150.jpg\" alt=\"\" width=\"150\" height=\"150\" \/><\/a><\/p>\n","protected":false},"excerpt":{"rendered":"<p>No espa\u00e7o \u201cO solo e seus usos\u201d trabalha-se com os alunos a percep\u00e7\u00e3o deles sobre os diferentes usos e import\u00e2ncia do solo, como para a constru\u00e7\u00e3o de obras, agr\u00edcola, descarte de res\u00edduos (lix\u00f5es), pra\u00e7as e jardins, por exemplo. Nesta atividade&#8230; <a class=\"more-link\" href=\"https:\/\/wp.ufpel.edu.br\/soloeagua\/material-didatico\/o-solo-e-seus-usos\/\">Continue lendo &rarr;<\/a><\/p>\n","protected":false},"author":152,"featured_media":0,"parent":95,"menu_order":12,"comment_status":"closed","ping_status":"open","template":"","meta":{"footnotes":""},"class_list":["post-41","page","type-page","status-publish","hentry"],"_links":{"self":[{"href":"https:\/\/wp.ufpel.edu.br\/soloeagua\/wp-json\/wp\/v2\/pages\/41","targetHints":{"allow":["GET"]}}],"collection":[{"href":"https:\/\/wp.ufpel.edu.br\/soloeagua\/wp-json\/wp\/v2\/pages"}],"about":[{"href":"https:\/\/wp.ufpel.edu.br\/soloeagua\/wp-json\/wp\/v2\/types\/page"}],"author":[{"embeddable":true,"href":"https:\/\/wp.ufpel.edu.br\/soloeagua\/wp-json\/wp\/v2\/users\/152"}],"replies":[{"embeddable":true,"href":"https:\/\/wp.ufpel.edu.br\/soloeagua\/wp-json\/wp\/v2\/comments?post=41"}],"version-history":[{"count":3,"href":"https:\/\/wp.ufpel.edu.br\/soloeagua\/wp-json\/wp\/v2\/pages\/41\/revisions"}],"predecessor-version":[{"id":166,"href":"https:\/\/wp.ufpel.edu.br\/soloeagua\/wp-json\/wp\/v2\/pages\/41\/revisions\/166"}],"up":[{"embeddable":true,"href":"https:\/\/wp.ufpel.edu.br\/soloeagua\/wp-json\/wp\/v2\/pages\/95"}],"wp:attachment":[{"href":"https:\/\/wp.ufpel.edu.br\/soloeagua\/wp-json\/wp\/v2\/media?parent=41"}],"curies":[{"name":"wp","href":"https:\/\/api.w.org\/{rel}","templated":true}]}}