{"id":295,"date":"2015-11-03T16:28:29","date_gmt":"2015-11-03T18:28:29","guid":{"rendered":"https:\/\/wp.ufpel.edu.br\/soloeagua\/?page_id=295"},"modified":"2015-11-03T16:28:29","modified_gmt":"2015-11-03T18:28:29","slug":"perguntas-e-respostas","status":"publish","type":"page","link":"https:\/\/wp.ufpel.edu.br\/soloeagua\/material-didatico-atividades-complementares\/perguntas-e-respostas\/","title":{"rendered":"Perguntas e respostas"},"content":{"rendered":"<p style=\"text-align: justify\">Esta atividade pode possuir um car\u00e1ter mais recreativo e de intera\u00e7\u00e3o da turma, com charadas engra\u00e7adas, por exemplo, ou pode ser realizada de forma a rever algum conte\u00fado de aula.<\/p>\n<p style=\"text-align: justify\"><strong>Material necess\u00e1rio<\/strong><\/p>\n<p style=\"text-align: justify\">&#8211; Caixa de papel\u00e3o<\/p>\n<p style=\"text-align: justify\">&#8211; Tecido TNT<\/p>\n<p style=\"text-align: justify\">&#8211; Papel<\/p>\n<p style=\"text-align: justify\"><strong>Procedimento<\/strong><\/p>\n<p style=\"text-align: justify\">Esta atividade consiste de uma urna feita de papel\u00e3o e tecido \u2018TNT\u2019 e pap\u00e9is com pequenas charadas que s\u00e3o inseridas dentro da urna.<\/p>\n<p style=\"text-align: justify\">Uma crian\u00e7a come\u00e7a a brincadeira ao pegar &#8211; sem olhar &#8211; um papel de dentro da urna, e l\u00ea em voz alta a charada escrita. A primeira crian\u00e7a que acertar a resposta da charada \u00e9 a pr\u00f3xima a ler e assim por diante.<\/p>\n<p><a href=\"https:\/\/wp.ufpel.edu.br\/soloeagua\/files\/2015\/11\/2014-12-16-08.55.43.jpg\"><img loading=\"lazy\" decoding=\"async\" class=\"alignnone size-thumbnail wp-image-296\" src=\"https:\/\/wp.ufpel.edu.br\/soloeagua\/files\/2015\/11\/2014-12-16-08.55.43-150x150.jpg\" alt=\"2014-12-16 08.55.43\" width=\"150\" height=\"150\" \/><\/a><\/p>\n","protected":false},"excerpt":{"rendered":"<p>Esta atividade pode possuir um car\u00e1ter mais recreativo e de intera\u00e7\u00e3o da turma, com charadas engra\u00e7adas, por exemplo, ou pode ser realizada de forma a rever algum conte\u00fado de aula. Material necess\u00e1rio &#8211; Caixa de papel\u00e3o &#8211; Tecido TNT &#8211;&#8230; <a class=\"more-link\" href=\"https:\/\/wp.ufpel.edu.br\/soloeagua\/material-didatico-atividades-complementares\/perguntas-e-respostas\/\">Continue lendo &rarr;<\/a><\/p>\n","protected":false},"author":152,"featured_media":0,"parent":262,"menu_order":0,"comment_status":"closed","ping_status":"closed","template":"","meta":{"footnotes":""},"class_list":["post-295","page","type-page","status-publish","hentry"],"_links":{"self":[{"href":"https:\/\/wp.ufpel.edu.br\/soloeagua\/wp-json\/wp\/v2\/pages\/295","targetHints":{"allow":["GET"]}}],"collection":[{"href":"https:\/\/wp.ufpel.edu.br\/soloeagua\/wp-json\/wp\/v2\/pages"}],"about":[{"href":"https:\/\/wp.ufpel.edu.br\/soloeagua\/wp-json\/wp\/v2\/types\/page"}],"author":[{"embeddable":true,"href":"https:\/\/wp.ufpel.edu.br\/soloeagua\/wp-json\/wp\/v2\/users\/152"}],"replies":[{"embeddable":true,"href":"https:\/\/wp.ufpel.edu.br\/soloeagua\/wp-json\/wp\/v2\/comments?post=295"}],"version-history":[{"count":1,"href":"https:\/\/wp.ufpel.edu.br\/soloeagua\/wp-json\/wp\/v2\/pages\/295\/revisions"}],"predecessor-version":[{"id":297,"href":"https:\/\/wp.ufpel.edu.br\/soloeagua\/wp-json\/wp\/v2\/pages\/295\/revisions\/297"}],"up":[{"embeddable":true,"href":"https:\/\/wp.ufpel.edu.br\/soloeagua\/wp-json\/wp\/v2\/pages\/262"}],"wp:attachment":[{"href":"https:\/\/wp.ufpel.edu.br\/soloeagua\/wp-json\/wp\/v2\/media?parent=295"}],"curies":[{"name":"wp","href":"https:\/\/api.w.org\/{rel}","templated":true}]}}