{"id":291,"date":"2015-11-03T16:27:19","date_gmt":"2015-11-03T18:27:19","guid":{"rendered":"https:\/\/wp.ufpel.edu.br\/soloeagua\/?page_id=291"},"modified":"2015-11-03T16:28:58","modified_gmt":"2015-11-03T18:28:58","slug":"%e2%80%a2xadrez","status":"publish","type":"page","link":"https:\/\/wp.ufpel.edu.br\/soloeagua\/material-didatico-atividades-complementares\/%e2%80%a2xadrez\/","title":{"rendered":"Xadrez"},"content":{"rendered":"<p>O objetivo \u00e9 exercitar o racioc\u00ednio estrat\u00e9gico e a concentra\u00e7\u00e3o.<\/p>\n<p><strong>Material necess\u00e1rio<\/strong><\/p>\n<p>&#8211; Papel\u00e3o<\/p>\n<p>&#8211; Tinta preta<\/p>\n<p>&#8211; Tampas de garrafa pet<\/p>\n<p><strong>Procedimento<\/strong><\/p>\n<p>Neste jogo de xadrez o tabuleiro \u00e9 confeccionado com papel\u00e3o, tinta preta e tampas de garrafa pet com duas cores diferentes.<\/p>\n<p><a href=\"https:\/\/wp.ufpel.edu.br\/soloeagua\/files\/2015\/11\/2014-11-11-08.17.21.jpg\"><img loading=\"lazy\" decoding=\"async\" class=\"alignnone size-thumbnail wp-image-293\" src=\"https:\/\/wp.ufpel.edu.br\/soloeagua\/files\/2015\/11\/2014-11-11-08.17.21-150x150.jpg\" alt=\"2014-11-11 08.17.21\" width=\"150\" height=\"150\" \/><\/a><\/p>\n","protected":false},"excerpt":{"rendered":"<p>O objetivo \u00e9 exercitar o racioc\u00ednio estrat\u00e9gico e a concentra\u00e7\u00e3o. Material necess\u00e1rio &#8211; Papel\u00e3o &#8211; Tinta preta &#8211; Tampas de garrafa pet Procedimento Neste jogo de xadrez o tabuleiro \u00e9 confeccionado com papel\u00e3o, tinta preta e tampas de garrafa pet&#8230; <a class=\"more-link\" href=\"https:\/\/wp.ufpel.edu.br\/soloeagua\/material-didatico-atividades-complementares\/%e2%80%a2xadrez\/\">Continue lendo &rarr;<\/a><\/p>\n","protected":false},"author":152,"featured_media":0,"parent":262,"menu_order":0,"comment_status":"closed","ping_status":"closed","template":"","meta":{"footnotes":""},"class_list":["post-291","page","type-page","status-publish","hentry"],"_links":{"self":[{"href":"https:\/\/wp.ufpel.edu.br\/soloeagua\/wp-json\/wp\/v2\/pages\/291","targetHints":{"allow":["GET"]}}],"collection":[{"href":"https:\/\/wp.ufpel.edu.br\/soloeagua\/wp-json\/wp\/v2\/pages"}],"about":[{"href":"https:\/\/wp.ufpel.edu.br\/soloeagua\/wp-json\/wp\/v2\/types\/page"}],"author":[{"embeddable":true,"href":"https:\/\/wp.ufpel.edu.br\/soloeagua\/wp-json\/wp\/v2\/users\/152"}],"replies":[{"embeddable":true,"href":"https:\/\/wp.ufpel.edu.br\/soloeagua\/wp-json\/wp\/v2\/comments?post=291"}],"version-history":[{"count":3,"href":"https:\/\/wp.ufpel.edu.br\/soloeagua\/wp-json\/wp\/v2\/pages\/291\/revisions"}],"predecessor-version":[{"id":298,"href":"https:\/\/wp.ufpel.edu.br\/soloeagua\/wp-json\/wp\/v2\/pages\/291\/revisions\/298"}],"up":[{"embeddable":true,"href":"https:\/\/wp.ufpel.edu.br\/soloeagua\/wp-json\/wp\/v2\/pages\/262"}],"wp:attachment":[{"href":"https:\/\/wp.ufpel.edu.br\/soloeagua\/wp-json\/wp\/v2\/media?parent=291"}],"curies":[{"name":"wp","href":"https:\/\/api.w.org\/{rel}","templated":true}]}}