{"id":287,"date":"2015-11-03T16:26:22","date_gmt":"2015-11-03T18:26:22","guid":{"rendered":"https:\/\/wp.ufpel.edu.br\/soloeagua\/?page_id=287"},"modified":"2015-11-03T16:26:22","modified_gmt":"2015-11-03T18:26:22","slug":"triangulo-matematico","status":"publish","type":"page","link":"https:\/\/wp.ufpel.edu.br\/soloeagua\/material-didatico-atividades-complementares\/triangulo-matematico\/","title":{"rendered":"Tri\u00e2ngulo matem\u00e1tico"},"content":{"rendered":"<p style=\"text-align: justify\">Esta atividade pode ser realizada por apenas um estudante ou mais, e objetiva exercitar o racioc\u00ednio l\u00f3gico e matem\u00e1tico, e quando jogada com mais de um estudante possibilita ainda a integra\u00e7\u00e3o e a coletividade entre eles.<\/p>\n<p style=\"text-align: justify\"><strong>Material necess\u00e1rio<\/strong><\/p>\n<p style=\"text-align: justify\">&#8211; EVA<\/p>\n<p style=\"text-align: justify\">&#8211; 6 tampas de garrafa pet<\/p>\n<p style=\"text-align: justify\"><strong>Procedimento<\/strong><\/p>\n<p style=\"text-align: justify\">Esta atividade \u00e9 formada por um tri\u00e2ngulo grande confeccionado de EVA, composto por 6 tri\u00e2ngulos menores de EVA fixados internamente no tri\u00e2ngulo maior. S\u00e3o preparadas seis tampas de garrafa pet com papel numerado de 1 a 6 colado na parte superior das tampas.<\/p>\n<p style=\"text-align: justify\">As tampas devem ser dispostas em cada tri\u00e2ngulo menor interno de forma que a soma destes resulte no n\u00famero 10, em cada lado do tri\u00e2ngulo maior.<\/p>\n<p style=\"text-align: justify\"><a href=\"https:\/\/wp.ufpel.edu.br\/soloeagua\/files\/2015\/11\/Tri\u00e2ngulo-matem\u00e1tico.jpg\"><img loading=\"lazy\" decoding=\"async\" class=\"alignnone size-thumbnail wp-image-288\" src=\"https:\/\/wp.ufpel.edu.br\/soloeagua\/files\/2015\/11\/Tri\u00e2ngulo-matem\u00e1tico-150x150.jpg\" alt=\"Tri\u00e2ngulo matem\u00e1tico\" width=\"150\" height=\"150\" \/><\/a><\/p>\n<p style=\"text-align: justify\"><a href=\"https:\/\/wp.ufpel.edu.br\/soloeagua\/files\/2015\/11\/2014-11-11-08.16.21.jpg\"><img loading=\"lazy\" decoding=\"async\" class=\"alignnone size-thumbnail wp-image-289\" src=\"https:\/\/wp.ufpel.edu.br\/soloeagua\/files\/2015\/11\/2014-11-11-08.16.21-150x150.jpg\" alt=\"2014-11-11 08.16.21\" width=\"150\" height=\"150\" \/><\/a><\/p>\n<p style=\"text-align: justify\">\n<p>&nbsp;<\/p>\n<p>&nbsp;<\/p>\n<p>&nbsp;<\/p>\n<p>&nbsp;<\/p>\n<p>&nbsp;<\/p>\n<p>&nbsp;<\/p>\n<p>&nbsp;<\/p>\n","protected":false},"excerpt":{"rendered":"<p>Esta atividade pode ser realizada por apenas um estudante ou mais, e objetiva exercitar o racioc\u00ednio l\u00f3gico e matem\u00e1tico, e quando jogada com mais de um estudante possibilita ainda a integra\u00e7\u00e3o e a coletividade entre eles. Material necess\u00e1rio &#8211; EVA&#8230; <a class=\"more-link\" href=\"https:\/\/wp.ufpel.edu.br\/soloeagua\/material-didatico-atividades-complementares\/triangulo-matematico\/\">Continue lendo &rarr;<\/a><\/p>\n","protected":false},"author":152,"featured_media":0,"parent":262,"menu_order":0,"comment_status":"closed","ping_status":"closed","template":"","meta":{"footnotes":""},"class_list":["post-287","page","type-page","status-publish","hentry"],"_links":{"self":[{"href":"https:\/\/wp.ufpel.edu.br\/soloeagua\/wp-json\/wp\/v2\/pages\/287","targetHints":{"allow":["GET"]}}],"collection":[{"href":"https:\/\/wp.ufpel.edu.br\/soloeagua\/wp-json\/wp\/v2\/pages"}],"about":[{"href":"https:\/\/wp.ufpel.edu.br\/soloeagua\/wp-json\/wp\/v2\/types\/page"}],"author":[{"embeddable":true,"href":"https:\/\/wp.ufpel.edu.br\/soloeagua\/wp-json\/wp\/v2\/users\/152"}],"replies":[{"embeddable":true,"href":"https:\/\/wp.ufpel.edu.br\/soloeagua\/wp-json\/wp\/v2\/comments?post=287"}],"version-history":[{"count":1,"href":"https:\/\/wp.ufpel.edu.br\/soloeagua\/wp-json\/wp\/v2\/pages\/287\/revisions"}],"predecessor-version":[{"id":290,"href":"https:\/\/wp.ufpel.edu.br\/soloeagua\/wp-json\/wp\/v2\/pages\/287\/revisions\/290"}],"up":[{"embeddable":true,"href":"https:\/\/wp.ufpel.edu.br\/soloeagua\/wp-json\/wp\/v2\/pages\/262"}],"wp:attachment":[{"href":"https:\/\/wp.ufpel.edu.br\/soloeagua\/wp-json\/wp\/v2\/media?parent=287"}],"curies":[{"name":"wp","href":"https:\/\/api.w.org\/{rel}","templated":true}]}}