{"id":283,"date":"2015-11-03T16:23:44","date_gmt":"2015-11-03T18:23:44","guid":{"rendered":"https:\/\/wp.ufpel.edu.br\/soloeagua\/?page_id=283"},"modified":"2015-11-03T16:24:10","modified_gmt":"2015-11-03T18:24:10","slug":"hexagono","status":"publish","type":"page","link":"https:\/\/wp.ufpel.edu.br\/soloeagua\/material-didatico-atividades-complementares\/hexagono\/","title":{"rendered":"Hex\u00e1gono"},"content":{"rendered":"<p style=\"text-align: justify\">O objetivo desta atividade \u00e9 despertar o interesse das crian\u00e7as pela geometria e matem\u00e1tica, al\u00e9m do racioc\u00ednio l\u00f3gico e estrat\u00e9gia para organizar as tampas de forma que elas possam se encaixar adequadamente.<\/p>\n<p style=\"text-align: justify\"><strong>Material necess\u00e1rio<\/strong><\/p>\n<p style=\"text-align: justify\">&#8211; Palitos de churrasco<\/p>\n<p style=\"text-align: justify\">&#8211; EVA<\/p>\n<p style=\"text-align: justify\">&#8211; 21 tampas de garrafas pet<\/p>\n<p style=\"text-align: justify\">&#8211; Cola quente<\/p>\n<p style=\"text-align: justify\">&#8211; Dado<\/p>\n<p style=\"text-align: justify\"><strong>Procedimento<\/strong><\/p>\n<p style=\"text-align: justify\">Esta atividade consiste em um hex\u00e1gono com 6 tri\u00e2ngulos equil\u00e1teros (os 3 lados iguais), confeccionados com palitos de churrasco e colados em EVA. Cada hex\u00e1gono dever\u00e1 ser preenchido com 21 tampas de garrafa pet, dispostas individualmente ou em grupos de 2,3,4,5 ou 6 tampas coladas com cola quente. O tri\u00e2ngulo pode ser preenchido com diferentes disposi\u00e7\u00f5es dos grupos de tampas. Cada jogador arremessa um dado e o valor obtido corresponde ao grupo de tampas, vencendo quem preencher o tri\u00e2ngulo primeiro.<\/p>\n<p style=\"text-align: justify\"><a href=\"https:\/\/wp.ufpel.edu.br\/soloeagua\/files\/2015\/11\/2014-11-11-08.28.46.jpg\"><img loading=\"lazy\" decoding=\"async\" class=\"alignnone size-thumbnail wp-image-284\" src=\"https:\/\/wp.ufpel.edu.br\/soloeagua\/files\/2015\/11\/2014-11-11-08.28.46-150x150.jpg\" alt=\"2014-11-11 08.28.46\" width=\"150\" height=\"150\" \/><\/a> <a href=\"https:\/\/wp.ufpel.edu.br\/soloeagua\/files\/2015\/11\/2014-11-11-09.05.43.jpg\"><img loading=\"lazy\" decoding=\"async\" class=\"alignnone size-thumbnail wp-image-285\" src=\"https:\/\/wp.ufpel.edu.br\/soloeagua\/files\/2015\/11\/2014-11-11-09.05.43-150x150.jpg\" alt=\"2014-11-11 09.05.43\" width=\"150\" height=\"150\" \/><\/a><\/p>\n","protected":false},"excerpt":{"rendered":"<p>O objetivo desta atividade \u00e9 despertar o interesse das crian\u00e7as pela geometria e matem\u00e1tica, al\u00e9m do racioc\u00ednio l\u00f3gico e estrat\u00e9gia para organizar as tampas de forma que elas possam se encaixar adequadamente. Material necess\u00e1rio &#8211; Palitos de churrasco &#8211; EVA&#8230; <a class=\"more-link\" href=\"https:\/\/wp.ufpel.edu.br\/soloeagua\/material-didatico-atividades-complementares\/hexagono\/\">Continue lendo &rarr;<\/a><\/p>\n","protected":false},"author":152,"featured_media":0,"parent":262,"menu_order":0,"comment_status":"closed","ping_status":"closed","template":"","meta":{"footnotes":""},"class_list":["post-283","page","type-page","status-publish","hentry"],"_links":{"self":[{"href":"https:\/\/wp.ufpel.edu.br\/soloeagua\/wp-json\/wp\/v2\/pages\/283","targetHints":{"allow":["GET"]}}],"collection":[{"href":"https:\/\/wp.ufpel.edu.br\/soloeagua\/wp-json\/wp\/v2\/pages"}],"about":[{"href":"https:\/\/wp.ufpel.edu.br\/soloeagua\/wp-json\/wp\/v2\/types\/page"}],"author":[{"embeddable":true,"href":"https:\/\/wp.ufpel.edu.br\/soloeagua\/wp-json\/wp\/v2\/users\/152"}],"replies":[{"embeddable":true,"href":"https:\/\/wp.ufpel.edu.br\/soloeagua\/wp-json\/wp\/v2\/comments?post=283"}],"version-history":[{"count":1,"href":"https:\/\/wp.ufpel.edu.br\/soloeagua\/wp-json\/wp\/v2\/pages\/283\/revisions"}],"predecessor-version":[{"id":286,"href":"https:\/\/wp.ufpel.edu.br\/soloeagua\/wp-json\/wp\/v2\/pages\/283\/revisions\/286"}],"up":[{"embeddable":true,"href":"https:\/\/wp.ufpel.edu.br\/soloeagua\/wp-json\/wp\/v2\/pages\/262"}],"wp:attachment":[{"href":"https:\/\/wp.ufpel.edu.br\/soloeagua\/wp-json\/wp\/v2\/media?parent=283"}],"curies":[{"name":"wp","href":"https:\/\/api.w.org\/{rel}","templated":true}]}}