{"id":279,"date":"2015-11-03T16:22:32","date_gmt":"2015-11-03T18:22:32","guid":{"rendered":"https:\/\/wp.ufpel.edu.br\/soloeagua\/?page_id=279"},"modified":"2015-11-03T16:22:32","modified_gmt":"2015-11-03T18:22:32","slug":"domino-matematico","status":"publish","type":"page","link":"https:\/\/wp.ufpel.edu.br\/soloeagua\/material-didatico-atividades-complementares\/domino-matematico\/","title":{"rendered":"Domin\u00f3 matem\u00e1tico"},"content":{"rendered":"<p style=\"text-align: justify\">Nesta atividade \u00e9 estimulado o racioc\u00ednio, a agilidade na hora dos c\u00e1lculos e a aprendizagem com opera\u00e7\u00f5es matem\u00e1ticas.<\/p>\n<p style=\"text-align: justify\"><strong>Material necess\u00e1rio<\/strong><\/p>\n<p style=\"text-align: justify\">&#8211; EVA<\/p>\n<p style=\"text-align: justify\">&#8211; Tampas de garrafa pet<\/p>\n<p style=\"text-align: justify\">&#8211; Cola quente<\/p>\n<p style=\"text-align: justify\">\n<p style=\"text-align: justify\"><strong>Procedimento<\/strong><\/p>\n<p style=\"text-align: justify\">Recorta-se as folhas de EVA no tamanho das tampas de garrafa pet. Nas folhas de EVA recortadas escreve-se os n\u00fameros e as opera\u00e7\u00f5es matem\u00e1ticas e ap\u00f3s elas s\u00e3o encaixadas dentro das tampas. As tampas s\u00e3o coladas com cola quente duas a duas, sendo um lado com n\u00famero e o outro com uma opera\u00e7\u00e3o matem\u00e1tica.<\/p>\n<p style=\"text-align: justify\">As pe\u00e7as s\u00e3o misturadas e distribu\u00eddas entre os participantes, as regras s\u00e3o as mesmas do domin\u00f3 convencional, o que diferencia \u00e9 que de um lado tem-se os n\u00fameros e do outro tem-se as opera\u00e7\u00f5es matem\u00e1ticas.<\/p>\n<p style=\"text-align: justify\"><a href=\"https:\/\/wp.ufpel.edu.br\/soloeagua\/files\/2015\/11\/2014-11-11-08.16.27.jpg\"><img loading=\"lazy\" decoding=\"async\" class=\"alignnone size-thumbnail wp-image-280\" src=\"https:\/\/wp.ufpel.edu.br\/soloeagua\/files\/2015\/11\/2014-11-11-08.16.27-150x150.jpg\" alt=\"2014-11-11 08.16.27\" width=\"150\" height=\"150\" \/><\/a> <a href=\"https:\/\/wp.ufpel.edu.br\/soloeagua\/files\/2015\/11\/2014-11-11-08.17.06.jpg\"><img loading=\"lazy\" decoding=\"async\" class=\"alignnone size-thumbnail wp-image-281\" src=\"https:\/\/wp.ufpel.edu.br\/soloeagua\/files\/2015\/11\/2014-11-11-08.17.06-150x150.jpg\" alt=\"2014-11-11 08.17.06\" width=\"150\" height=\"150\" \/><\/a><\/p>\n","protected":false},"excerpt":{"rendered":"<p>Nesta atividade \u00e9 estimulado o racioc\u00ednio, a agilidade na hora dos c\u00e1lculos e a aprendizagem com opera\u00e7\u00f5es matem\u00e1ticas. Material necess\u00e1rio &#8211; EVA &#8211; Tampas de garrafa pet &#8211; Cola quente Procedimento Recorta-se as folhas de EVA no tamanho das tampas&#8230; <a class=\"more-link\" href=\"https:\/\/wp.ufpel.edu.br\/soloeagua\/material-didatico-atividades-complementares\/domino-matematico\/\">Continue lendo &rarr;<\/a><\/p>\n","protected":false},"author":152,"featured_media":0,"parent":262,"menu_order":0,"comment_status":"closed","ping_status":"closed","template":"","meta":{"footnotes":""},"class_list":["post-279","page","type-page","status-publish","hentry"],"_links":{"self":[{"href":"https:\/\/wp.ufpel.edu.br\/soloeagua\/wp-json\/wp\/v2\/pages\/279","targetHints":{"allow":["GET"]}}],"collection":[{"href":"https:\/\/wp.ufpel.edu.br\/soloeagua\/wp-json\/wp\/v2\/pages"}],"about":[{"href":"https:\/\/wp.ufpel.edu.br\/soloeagua\/wp-json\/wp\/v2\/types\/page"}],"author":[{"embeddable":true,"href":"https:\/\/wp.ufpel.edu.br\/soloeagua\/wp-json\/wp\/v2\/users\/152"}],"replies":[{"embeddable":true,"href":"https:\/\/wp.ufpel.edu.br\/soloeagua\/wp-json\/wp\/v2\/comments?post=279"}],"version-history":[{"count":1,"href":"https:\/\/wp.ufpel.edu.br\/soloeagua\/wp-json\/wp\/v2\/pages\/279\/revisions"}],"predecessor-version":[{"id":282,"href":"https:\/\/wp.ufpel.edu.br\/soloeagua\/wp-json\/wp\/v2\/pages\/279\/revisions\/282"}],"up":[{"embeddable":true,"href":"https:\/\/wp.ufpel.edu.br\/soloeagua\/wp-json\/wp\/v2\/pages\/262"}],"wp:attachment":[{"href":"https:\/\/wp.ufpel.edu.br\/soloeagua\/wp-json\/wp\/v2\/media?parent=279"}],"curies":[{"name":"wp","href":"https:\/\/api.w.org\/{rel}","templated":true}]}}