{"id":269,"date":"2015-11-03T16:19:36","date_gmt":"2015-11-03T18:19:36","guid":{"rendered":"https:\/\/wp.ufpel.edu.br\/soloeagua\/?page_id=269"},"modified":"2019-10-25T00:59:18","modified_gmt":"2019-10-25T03:59:18","slug":"caca-palavras","status":"publish","type":"page","link":"https:\/\/wp.ufpel.edu.br\/soloeagua\/material-didatico-atividades-complementares\/caca-palavras\/","title":{"rendered":"Ca\u00e7a-Palavras"},"content":{"rendered":"<p style=\"text-align: justify\">Essa atividade estimula a concentra\u00e7\u00e3o, a agilidade, a mem\u00f3ria, a l\u00edngua portuguesa e ainda possibilita a integra\u00e7\u00e3o, pois v\u00e1rias crian\u00e7as podem participar ao mesmo tempo.<\/p>\n<p style=\"text-align: justify\"><strong>Material necess\u00e1rio<\/strong><\/p>\n<p style=\"text-align: justify\">&#8211; T\u00e1bua de madeira<\/p>\n<p style=\"text-align: justify\">&#8211; Tampas de garrafa pet<\/p>\n<p style=\"text-align: justify\">&#8211; EVA<\/p>\n<p style=\"text-align: justify\">&#8211; Cola quente<\/p>\n<p style=\"text-align: justify\">&#8211; Cartolina<\/p>\n<p style=\"text-align: justify\">&#8211; El\u00e1stico<\/p>\n<p style=\"text-align: justify\"><strong>Procedimento<\/strong><\/p>\n<p style=\"text-align: justify\">Em uma tabua de madeira, tampas de garrafa pet com EVA no seu interior s\u00e3o coladas com cola quente na madeira.<\/p>\n<p style=\"text-align: justify\">Cart\u00f5es de cartolina com perguntas sobre diferentes assuntos, como \u00e1gua, natureza, solo e temas diversos s\u00e3o feitas para que os estudantes procurem encontrar a resposta correta nas tampas de garrafa pet coladas na madeira. Nas tampas s\u00e3o escritas s\u00edlabas que possam compor as respostas \u00e0s perguntas nos cart\u00f5es. Os cart\u00f5es podem ter diferentes cores de acordo com os temas (\u00e1gua, natureza, solo e temas diversos).<\/p>\n<p style=\"text-align: justify\">Para marcar as respostas corretas, el\u00e1sticos s\u00e3o utilizados para amarrar as tampas com a resposta.<\/p>\n<p style=\"text-align: justify\"><a href=\"https:\/\/wp.ufpel.edu.br\/soloeagua\/files\/2015\/11\/2014-10-14-09.40.55.jpg\"><img loading=\"lazy\" decoding=\"async\" class=\"alignnone size-thumbnail wp-image-270\" src=\"https:\/\/wp.ufpel.edu.br\/soloeagua\/files\/2015\/11\/2014-10-14-09.40.55-150x150.jpg\" alt=\"2014-10-14 09.40.55\" width=\"150\" height=\"150\" \/><\/a><\/p>\n","protected":false},"excerpt":{"rendered":"<p>Essa atividade estimula a concentra\u00e7\u00e3o, a agilidade, a mem\u00f3ria, a l\u00edngua portuguesa e ainda possibilita a integra\u00e7\u00e3o, pois v\u00e1rias crian\u00e7as podem participar ao mesmo tempo. Material necess\u00e1rio &#8211; T\u00e1bua de madeira &#8211; Tampas de garrafa pet &#8211; EVA &#8211; Cola&#8230; <a class=\"more-link\" href=\"https:\/\/wp.ufpel.edu.br\/soloeagua\/material-didatico-atividades-complementares\/caca-palavras\/\">Continue lendo &rarr;<\/a><\/p>\n","protected":false},"author":152,"featured_media":0,"parent":262,"menu_order":0,"comment_status":"closed","ping_status":"closed","template":"","meta":{"footnotes":""},"class_list":["post-269","page","type-page","status-publish","hentry"],"_links":{"self":[{"href":"https:\/\/wp.ufpel.edu.br\/soloeagua\/wp-json\/wp\/v2\/pages\/269","targetHints":{"allow":["GET"]}}],"collection":[{"href":"https:\/\/wp.ufpel.edu.br\/soloeagua\/wp-json\/wp\/v2\/pages"}],"about":[{"href":"https:\/\/wp.ufpel.edu.br\/soloeagua\/wp-json\/wp\/v2\/types\/page"}],"author":[{"embeddable":true,"href":"https:\/\/wp.ufpel.edu.br\/soloeagua\/wp-json\/wp\/v2\/users\/152"}],"replies":[{"embeddable":true,"href":"https:\/\/wp.ufpel.edu.br\/soloeagua\/wp-json\/wp\/v2\/comments?post=269"}],"version-history":[{"count":3,"href":"https:\/\/wp.ufpel.edu.br\/soloeagua\/wp-json\/wp\/v2\/pages\/269\/revisions"}],"predecessor-version":[{"id":472,"href":"https:\/\/wp.ufpel.edu.br\/soloeagua\/wp-json\/wp\/v2\/pages\/269\/revisions\/472"}],"up":[{"embeddable":true,"href":"https:\/\/wp.ufpel.edu.br\/soloeagua\/wp-json\/wp\/v2\/pages\/262"}],"wp:attachment":[{"href":"https:\/\/wp.ufpel.edu.br\/soloeagua\/wp-json\/wp\/v2\/media?parent=269"}],"curies":[{"name":"wp","href":"https:\/\/api.w.org\/{rel}","templated":true}]}}