{"id":229,"date":"2013-04-13T14:35:14","date_gmt":"2013-04-13T14:35:14","guid":{"rendered":"https:\/\/wp.ufpel.edu.br\/soloeagua\/?page_id=229"},"modified":"2023-03-26T19:37:16","modified_gmt":"2023-03-26T22:37:16","slug":"15-de-abril-dia-nacional-da-conservacao-do-solo","status":"publish","type":"page","link":"https:\/\/wp.ufpel.edu.br\/soloeagua\/material-didatico\/15-de-abril-dia-nacional-da-conservacao-do-solo\/","title":{"rendered":"15 de abril: Dia Nacional da Conserva\u00e7\u00e3o do Solo"},"content":{"rendered":"<p align=\"center\"><strong>15 de abril: Dia Nacional da Conserva\u00e7\u00e3o do Solo<\/strong><\/p>\n<p style=\"text-align: justify;\">\u00a0<span style=\"text-align: justify;\">O Dia Nacional da Conserva\u00e7\u00e3o do Solo \u00e9 comemorado no dia 15 de abril. A data foi escolhida em homenagem ao nascimento do americano Hugh Hammond Bennett (15\/04\/1881- 07\/07\/1960), considerado o pai da conserva\u00e7\u00e3o dos solos nos Estados Unidos e o primeiro respons\u00e1vel pelo Servi\u00e7o de Conserva\u00e7\u00e3o de Solos daquele pa\u00eds.<\/span><\/p>\n<p style=\"text-align: justify;\">Este dia foi institu\u00eddo pela Lei 7.876 em 13 de novembro de 1989, por iniciativa do Minist\u00e9rio da Agricultura, Pecu\u00e1ria e Abastecimento (MAPA), e surgiu com o objetivo de aprofundar os debates sobre a import\u00e2ncia do solo como um dos fatores b\u00e1sicos da produ\u00e7\u00e3o agropecu\u00e1ria e a necessidade de seu uso e manejo sustent\u00e1veis.<\/p>\n<p style=\"text-align: justify;\">Dentre os problemas ambientais, a eros\u00e3o do solo est\u00e1 entre os mais preocupantes, pois pode levar \u00e0 perdas de solo e de sua capacidade produtiva; fazer o aporte de sedimentos nos rios, causando assoreamento e contamina\u00e7\u00e3o dos recursos h\u00eddricos; e a degrada\u00e7\u00e3o dos ecossistemas como um todo, estando associada \u00e0 quest\u00f5es ambientais, sociais e econ\u00f4micas.<\/p>\n<p style=\"text-align: justify;\">Estudos t\u00eam estimado os danos da eros\u00e3o em 44 bilh\u00f5es de d\u00f3lares por ano nos Estados Unidos e 38 bilh\u00f5es de euros na Uni\u00e3o Europeia.<\/p>\n<p style=\"text-align: justify;\">Al\u00e9m disso, o solo \u00e9 a base para a produ\u00e7\u00e3o de alimentos, atua como filtro e reservat\u00f3rio de \u00e1gua, e \u00e9 imprescind\u00edvel para a exist\u00eancia humana e desenvolvimento sustent\u00e1vel.<\/p>\n<p style=\"text-align: justify;\">Em comemora\u00e7\u00e3o ao Dia Nacional da Conserva\u00e7\u00e3o do Solo, o \u201cEspa\u00e7o Solo e \u00c1gua\u201d elaborou um v\u00eddeo para mostrar a import\u00e2ncia da data.<\/p>\n<p style=\"text-align: justify;\">Para acess\u00e1-lo, clique aqui:\u00a0<a href=\"https:\/\/wp.ufpel.edu.br\/soloeagua\/files\/2013\/04\/Dia-nacional-da-conserva\u00e7\u00e3o-do-solo-2013.wmv\">Dia nacional da conserva\u00e7\u00e3o do solo<\/a>.<\/p>\n","protected":false},"excerpt":{"rendered":"<p>15 de abril: Dia Nacional da Conserva\u00e7\u00e3o do Solo \u00a0O Dia Nacional da Conserva\u00e7\u00e3o do Solo \u00e9 comemorado no dia 15 de abril. A data foi escolhida em homenagem ao nascimento do americano Hugh Hammond Bennett (15\/04\/1881- 07\/07\/1960), considerado o&#8230; <a class=\"more-link\" href=\"https:\/\/wp.ufpel.edu.br\/soloeagua\/material-didatico\/15-de-abril-dia-nacional-da-conservacao-do-solo\/\">Continue lendo &rarr;<\/a><\/p>\n","protected":false},"author":152,"featured_media":0,"parent":95,"menu_order":16,"comment_status":"closed","ping_status":"closed","template":"","meta":{"footnotes":""},"class_list":["post-229","page","type-page","status-publish","hentry"],"_links":{"self":[{"href":"https:\/\/wp.ufpel.edu.br\/soloeagua\/wp-json\/wp\/v2\/pages\/229","targetHints":{"allow":["GET"]}}],"collection":[{"href":"https:\/\/wp.ufpel.edu.br\/soloeagua\/wp-json\/wp\/v2\/pages"}],"about":[{"href":"https:\/\/wp.ufpel.edu.br\/soloeagua\/wp-json\/wp\/v2\/types\/page"}],"author":[{"embeddable":true,"href":"https:\/\/wp.ufpel.edu.br\/soloeagua\/wp-json\/wp\/v2\/users\/152"}],"replies":[{"embeddable":true,"href":"https:\/\/wp.ufpel.edu.br\/soloeagua\/wp-json\/wp\/v2\/comments?post=229"}],"version-history":[{"count":4,"href":"https:\/\/wp.ufpel.edu.br\/soloeagua\/wp-json\/wp\/v2\/pages\/229\/revisions"}],"predecessor-version":[{"id":707,"href":"https:\/\/wp.ufpel.edu.br\/soloeagua\/wp-json\/wp\/v2\/pages\/229\/revisions\/707"}],"up":[{"embeddable":true,"href":"https:\/\/wp.ufpel.edu.br\/soloeagua\/wp-json\/wp\/v2\/pages\/95"}],"wp:attachment":[{"href":"https:\/\/wp.ufpel.edu.br\/soloeagua\/wp-json\/wp\/v2\/media?parent=229"}],"curies":[{"name":"wp","href":"https:\/\/api.w.org\/{rel}","templated":true}]}}