{"id":19,"date":"2011-12-03T22:32:15","date_gmt":"2011-12-04T01:32:15","guid":{"rendered":"https:\/\/wp.ufpel.edu.br\/soloeagua\/"},"modified":"2011-12-03T22:32:47","modified_gmt":"2011-12-04T01:32:47","slug":"a-origem-do-solo","status":"publish","type":"page","link":"https:\/\/wp.ufpel.edu.br\/soloeagua\/material-didatico\/a-origem-do-solo\/","title":{"rendered":"A origem do solo"},"content":{"rendered":"<p style=\"text-align: justify\">No espa\u00e7o \u201cA origem do solo\u201d o professor pode trabalhar sobre a forma\u00e7\u00e3o do solo e as diferentes caracter\u00edsticas do solo formado.<\/p>\n<p style=\"text-align: justify\">Nesta atividade, prop\u00f5e-se aos alunos que eles tragam na pr\u00f3xima aula diferentes rochas. Na aula seguinte, de posse das rochas, realiza-se uma sa\u00edda de campo com os alunos para que eles observem os diferentes solos existentes no ambiente e que anotem o solo que se assemelha \u00e0quele de onde eles coletaram as rochas.<\/p>\n<p style=\"text-align: justify\">Ao visualizar o solo no campo, abra uma pequena trincheira e avalie com os alunos a presen\u00e7a de rochas, a textura do solo, a cor do solo, a umidade e o tipo de vegeta\u00e7\u00e3o sobre ele.<\/p>\n<p style=\"text-align: justify\">Em sala de aula, questione os alunos sobre a origem do solo, como surge o solo, as rochas e os diferentes solos formados, as diferentes plantas presentes em cada solo.<\/p>\n<p style=\"text-align: justify\"><a href=\"https:\/\/wp.ufpel.edu.br\/soloeagua\/files\/2011\/12\/P1010151.jpg\"><img loading=\"lazy\" decoding=\"async\" class=\"alignnone size-thumbnail wp-image-155\" src=\"https:\/\/wp.ufpel.edu.br\/soloeagua\/files\/2011\/12\/P1010151-150x150.jpg\" alt=\"\" width=\"150\" height=\"150\" \/><\/a><a href=\"https:\/\/wp.ufpel.edu.br\/soloeagua\/files\/2011\/12\/P1010006.jpg\"><img loading=\"lazy\" decoding=\"async\" class=\"alignnone size-thumbnail wp-image-156\" src=\"https:\/\/wp.ufpel.edu.br\/soloeagua\/files\/2011\/12\/P1010006-150x150.jpg\" alt=\"\" width=\"150\" height=\"150\" \/><\/a><a href=\"https:\/\/wp.ufpel.edu.br\/soloeagua\/files\/2011\/12\/P10100161.jpg\"><img loading=\"lazy\" decoding=\"async\" class=\"alignnone size-thumbnail wp-image-157\" src=\"https:\/\/wp.ufpel.edu.br\/soloeagua\/files\/2011\/12\/P10100161-150x150.jpg\" alt=\"\" width=\"150\" height=\"150\" \/><\/a><\/p>\n","protected":false},"excerpt":{"rendered":"<p>No espa\u00e7o \u201cA origem do solo\u201d o professor pode trabalhar sobre a forma\u00e7\u00e3o do solo e as diferentes caracter\u00edsticas do solo formado. Nesta atividade, prop\u00f5e-se aos alunos que eles tragam na pr\u00f3xima aula diferentes rochas. Na aula seguinte, de posse&#8230; <a class=\"more-link\" href=\"https:\/\/wp.ufpel.edu.br\/soloeagua\/material-didatico\/a-origem-do-solo\/\">Continue lendo &rarr;<\/a><\/p>\n","protected":false},"author":152,"featured_media":0,"parent":95,"menu_order":4,"comment_status":"closed","ping_status":"open","template":"","meta":{"footnotes":""},"class_list":["post-19","page","type-page","status-publish","hentry"],"_links":{"self":[{"href":"https:\/\/wp.ufpel.edu.br\/soloeagua\/wp-json\/wp\/v2\/pages\/19","targetHints":{"allow":["GET"]}}],"collection":[{"href":"https:\/\/wp.ufpel.edu.br\/soloeagua\/wp-json\/wp\/v2\/pages"}],"about":[{"href":"https:\/\/wp.ufpel.edu.br\/soloeagua\/wp-json\/wp\/v2\/types\/page"}],"author":[{"embeddable":true,"href":"https:\/\/wp.ufpel.edu.br\/soloeagua\/wp-json\/wp\/v2\/users\/152"}],"replies":[{"embeddable":true,"href":"https:\/\/wp.ufpel.edu.br\/soloeagua\/wp-json\/wp\/v2\/comments?post=19"}],"version-history":[{"count":5,"href":"https:\/\/wp.ufpel.edu.br\/soloeagua\/wp-json\/wp\/v2\/pages\/19\/revisions"}],"predecessor-version":[{"id":160,"href":"https:\/\/wp.ufpel.edu.br\/soloeagua\/wp-json\/wp\/v2\/pages\/19\/revisions\/160"}],"up":[{"embeddable":true,"href":"https:\/\/wp.ufpel.edu.br\/soloeagua\/wp-json\/wp\/v2\/pages\/95"}],"wp:attachment":[{"href":"https:\/\/wp.ufpel.edu.br\/soloeagua\/wp-json\/wp\/v2\/media?parent=19"}],"curies":[{"name":"wp","href":"https:\/\/api.w.org\/{rel}","templated":true}]}}