{"id":1600,"date":"2025-11-01T18:28:51","date_gmt":"2025-11-01T21:28:51","guid":{"rendered":"https:\/\/wp.ufpel.edu.br\/soloeagua\/?page_id=1600"},"modified":"2025-11-01T18:28:51","modified_gmt":"2025-11-01T21:28:51","slug":"livros-infantis","status":"publish","type":"page","link":"https:\/\/wp.ufpel.edu.br\/soloeagua\/livros-infantis\/","title":{"rendered":"Livros infantis"},"content":{"rendered":"<ul>\n<li>Lu\u00eds Fernando Racanelli Freitas Lima; Luis Eduardo Akiyoshi Sanches Suzuki. Instrumentos musicais com materiais recicl\u00e1veis. Formiga (MG): Forma Educacional Editora, 2025. 25 p. : il. ISBN 978-65-85175-42-5. DOI: 10.5281\/zenodo.15783675. Dispon\u00edvel em: <a href=\"https:\/\/www.formaeducacional.com.br\/2025\/07\/instrumentos-musicais-com-materiais.html\">https:\/\/www.formaeducacional.com.br\/2025\/07\/instrumentos-musicais-com-materiais.html<\/a> ou <a href=\"https:\/\/educapes.capes.gov.br\/handle\/capes\/1000637\">https:\/\/educapes.capes.gov.br\/handle\/capes\/1000637<\/a><\/li>\n<\/ul>\n<p>&nbsp;<\/p>\n<ul>\n<li style=\"text-align: justify;\">Luis Eduardo Akiyoshi Sanches Suzuki; Lu\u00eds Fernando Racanelli Freitas Lima; Lu\u00eds Paulo Garcia Rodrigues. O solo e a semente. Formiga: Editora Unigala 2025. 15 p il. ISBN 978-65-85101-46-2. DOI: 10 5281 \/zenodo 15619090. Dispon\u00edvel em: <a href=\"https:\/\/www.unigala.com.br\/2025\/06\/o-solo-e-semente.html\">https:\/\/www.unigala.com.br\/2025\/06\/o solo e semente.html<\/a> ou <a href=\"https:\/\/educapes.capes.gov.br\/handle\/capes\/1000249\">https:\/\/educapes.capes.gov.br\/handle\/capes\/1000249<\/a><\/li>\n<\/ul>\n<p>&nbsp;<\/p>\n<ul>\n<li style=\"text-align: justify;\">Luis Eduardo Akiyoshi Sanches Suzuki; Jordana Fantinel Azambuja; Lu\u00eds Fernando Racanelli Freitas Lima; Lu\u00eds Paulo Garcia Rodrigues; Fabr\u00edcio de Ara\u00fajo Pedron. Desenhos para colorir: Amigo do solo. Formiga (MG): Forma Educacional Editora, 2025. 23 p. : il. ISBN: 978-65-85175-46-3. DOI: 10.5281\/zenodo.17047370. Dispon\u00edvel em: <a href=\"https:\/\/www.formaeducacional.com.br\/2025\/09\/desenhos-para-colorir-amigo-do-solo.html\">https:\/\/www.formaeducacional.com.br\/2025\/09\/desenhos-para-colorir-amigo-do-solo.html<\/a> ou <a href=\"https:\/\/educapes.capes.gov.br\/handle\/capes\/1130790\">https:\/\/educapes.capes.gov.br\/handle\/capes\/1130790<\/a><\/li>\n<\/ul>\n<p>&nbsp;<\/p>\n<ul>\n<li style=\"text-align: justify;\">Luis Eduardo Akiyoshi Sanches Suzuki. Somos diferentes?? A hist\u00f3ria de inclus\u00e3o de Espinhito e Tartaruguita. Formiga (MG): Forma Educacional Editora, 2025. 24 p. : il. ISBN: 978-65-85175-44-9. DOI: 10.5281\/zenodo.17047568. Dispon\u00edvel em: <a href=\"https:\/\/www.formaeducacional.com.br\/2025\/09\/somos-diferentes-historia-de-inclusao.html\">https:\/\/www.formaeducacional.com.br\/2025\/09\/somos-diferentes-historia-de-inclusao.html<\/a> ou <a href=\"https:\/\/educapes.capes.gov.br\/handle\/capes\/1130775\">https:\/\/educapes.capes.gov.br\/handle\/capes\/1130775<\/a><\/li>\n<\/ul>\n<p>&nbsp;<\/p>\n<ul>\n<li style=\"text-align: justify;\">Jordana Fantinel Azambuja; Luis Eduardo Akiyoshi Sanches Suzuki. A raposa e os segredos da terra. Formiga (MG): Forma Educacional Editora, 2025. 27 p. : il. ISBN: 978-65-85175-45-6.<br \/>\nDOI: 10.5281\/zenodo.17047824. Dispon\u00edvel em: <a href=\"https:\/\/www.formaeducacional.com.br\/2025\/09\/a-raposa-e-os-segredos-da-terra.html\">https:\/\/www.formaeducacional.com.br\/2025\/09\/a-raposa-e-os-segredos-da-terra.html<\/a> ou\u00a0<a href=\"https:\/\/educapes.capes.gov.br\/handle\/capes\/1130793\">https:\/\/educapes.capes.gov.br\/handle\/capes\/1130793<\/a><\/li>\n<\/ul>\n","protected":false},"excerpt":{"rendered":"<p>Lu\u00eds Fernando Racanelli Freitas Lima; Luis Eduardo Akiyoshi Sanches Suzuki. Instrumentos musicais com materiais recicl\u00e1veis. Formiga (MG): Forma Educacional Editora, 2025. 25 p. : il. ISBN 978-65-85175-42-5. DOI: 10.5281\/zenodo.15783675. Dispon\u00edvel em: https:\/\/www.formaeducacional.com.br\/2025\/07\/instrumentos-musicais-com-materiais.html ou https:\/\/educapes.capes.gov.br\/handle\/capes\/1000637 &nbsp; Luis Eduardo Akiyoshi Sanches Suzuki;&#8230; <a class=\"more-link\" href=\"https:\/\/wp.ufpel.edu.br\/soloeagua\/livros-infantis\/\">Continue lendo &rarr;<\/a><\/p>\n","protected":false},"author":152,"featured_media":0,"parent":0,"menu_order":0,"comment_status":"closed","ping_status":"closed","template":"","meta":{"footnotes":""},"class_list":["post-1600","page","type-page","status-publish","hentry"],"_links":{"self":[{"href":"https:\/\/wp.ufpel.edu.br\/soloeagua\/wp-json\/wp\/v2\/pages\/1600","targetHints":{"allow":["GET"]}}],"collection":[{"href":"https:\/\/wp.ufpel.edu.br\/soloeagua\/wp-json\/wp\/v2\/pages"}],"about":[{"href":"https:\/\/wp.ufpel.edu.br\/soloeagua\/wp-json\/wp\/v2\/types\/page"}],"author":[{"embeddable":true,"href":"https:\/\/wp.ufpel.edu.br\/soloeagua\/wp-json\/wp\/v2\/users\/152"}],"replies":[{"embeddable":true,"href":"https:\/\/wp.ufpel.edu.br\/soloeagua\/wp-json\/wp\/v2\/comments?post=1600"}],"version-history":[{"count":1,"href":"https:\/\/wp.ufpel.edu.br\/soloeagua\/wp-json\/wp\/v2\/pages\/1600\/revisions"}],"predecessor-version":[{"id":1603,"href":"https:\/\/wp.ufpel.edu.br\/soloeagua\/wp-json\/wp\/v2\/pages\/1600\/revisions\/1603"}],"wp:attachment":[{"href":"https:\/\/wp.ufpel.edu.br\/soloeagua\/wp-json\/wp\/v2\/media?parent=1600"}],"curies":[{"name":"wp","href":"https:\/\/api.w.org\/{rel}","templated":true}]}}