{"id":1230,"date":"2025-03-26T08:05:34","date_gmt":"2025-03-26T11:05:34","guid":{"rendered":"https:\/\/wp.ufpel.edu.br\/soloeagua\/?page_id=1230"},"modified":"2025-03-26T21:13:22","modified_gmt":"2025-03-27T00:13:22","slug":"instrumentos-musicais-com-reciclaveis","status":"publish","type":"page","link":"https:\/\/wp.ufpel.edu.br\/soloeagua\/material-didatico-atividades-complementares\/instrumentos-musicais-com-reciclaveis\/","title":{"rendered":"Instrumentos musicais com recicl\u00e1veis"},"content":{"rendered":"<p style=\"text-align: justify;\">Que tal transformar aquele material que iria para o lixo em um instrumento musical!!<br \/>\nCom este guia pr\u00e1tico, voc\u00ea ter\u00e1 um instrumento musical \u00fanico e divertido em m\u00e3os em pouco tempo!<\/p>\n<p style=\"text-align: justify;\">Estas s\u00e3o apenas algumas ideias de instrumentos musicais, use a criatividade e os materiais que voc\u00ea tem dispon\u00edvel, crie seu instrumento e divirta-se.<\/p>\n<p><a href=\"https:\/\/wp.ufpel.edu.br\/soloeagua\/files\/2025\/03\/Instrumentos-musicais-com-reciclaveis.pdf\">Guia: Instrumentos musicais com recicl\u00e1veis<\/a><\/p>\n<p>Veja os v\u00eddeos de alguns instrumentos:<\/p>\n<div style=\"width: 480px;\" class=\"wp-video\"><video class=\"wp-video-shortcode\" id=\"video-1230-1\" width=\"480\" height=\"640\" preload=\"metadata\" controls=\"controls\"><source type=\"video\/mp4\" src=\"https:\/\/wp.ufpel.edu.br\/soloeagua\/files\/2025\/03\/Agogo-simples.mp4?_=1\" \/><a href=\"https:\/\/wp.ufpel.edu.br\/soloeagua\/files\/2025\/03\/Agogo-simples.mp4\">https:\/\/wp.ufpel.edu.br\/soloeagua\/files\/2025\/03\/Agogo-simples.mp4<\/a><\/video><\/div>\n<div style=\"width: 480px;\" class=\"wp-video\"><video class=\"wp-video-shortcode\" id=\"video-1230-2\" width=\"480\" height=\"672\" preload=\"metadata\" controls=\"controls\"><source type=\"video\/mp4\" src=\"https:\/\/wp.ufpel.edu.br\/soloeagua\/files\/2025\/03\/Chocalho-de-tampinhas-de-aluminio.mp4?_=2\" \/><a href=\"https:\/\/wp.ufpel.edu.br\/soloeagua\/files\/2025\/03\/Chocalho-de-tampinhas-de-aluminio.mp4\">https:\/\/wp.ufpel.edu.br\/soloeagua\/files\/2025\/03\/Chocalho-de-tampinhas-de-aluminio.mp4<\/a><\/video><\/div>\n<div style=\"width: 480px;\" class=\"wp-video\"><video class=\"wp-video-shortcode\" id=\"video-1230-3\" width=\"480\" height=\"656\" preload=\"metadata\" controls=\"controls\"><source type=\"video\/mp4\" src=\"https:\/\/wp.ufpel.edu.br\/soloeagua\/files\/2025\/03\/Chocalho-de-tampinhas-de-garrafa-pet.mp4?_=3\" \/><a href=\"https:\/\/wp.ufpel.edu.br\/soloeagua\/files\/2025\/03\/Chocalho-de-tampinhas-de-garrafa-pet.mp4\">https:\/\/wp.ufpel.edu.br\/soloeagua\/files\/2025\/03\/Chocalho-de-tampinhas-de-garrafa-pet.mp4<\/a><\/video><\/div>\n<div style=\"width: 432px;\" class=\"wp-video\"><video class=\"wp-video-shortcode\" id=\"video-1230-4\" width=\"432\" height=\"448\" preload=\"metadata\" controls=\"controls\"><source type=\"video\/mp4\" src=\"https:\/\/wp.ufpel.edu.br\/soloeagua\/files\/2025\/03\/Conjunto-musical.mp4?_=4\" \/><a href=\"https:\/\/wp.ufpel.edu.br\/soloeagua\/files\/2025\/03\/Conjunto-musical.mp4\">https:\/\/wp.ufpel.edu.br\/soloeagua\/files\/2025\/03\/Conjunto-musical.mp4<\/a><\/video><\/div>\n<div style=\"width: 480px;\" class=\"wp-video\"><video class=\"wp-video-shortcode\" id=\"video-1230-5\" width=\"480\" height=\"592\" preload=\"metadata\" controls=\"controls\"><source type=\"video\/mp4\" src=\"https:\/\/wp.ufpel.edu.br\/soloeagua\/files\/2025\/03\/Ganza.mp4?_=5\" \/><a href=\"https:\/\/wp.ufpel.edu.br\/soloeagua\/files\/2025\/03\/Ganza.mp4\">https:\/\/wp.ufpel.edu.br\/soloeagua\/files\/2025\/03\/Ganza.mp4<\/a><\/video><\/div>\n<div style=\"width: 480px;\" class=\"wp-video\"><video class=\"wp-video-shortcode\" id=\"video-1230-6\" width=\"480\" height=\"640\" preload=\"metadata\" controls=\"controls\"><source type=\"video\/mp4\" src=\"https:\/\/wp.ufpel.edu.br\/soloeagua\/files\/2025\/03\/Pandeiro-de-garrafa.mp4?_=6\" \/><a href=\"https:\/\/wp.ufpel.edu.br\/soloeagua\/files\/2025\/03\/Pandeiro-de-garrafa.mp4\">https:\/\/wp.ufpel.edu.br\/soloeagua\/files\/2025\/03\/Pandeiro-de-garrafa.mp4<\/a><\/video><\/div>\n<div style=\"width: 480px;\" class=\"wp-video\"><video class=\"wp-video-shortcode\" id=\"video-1230-7\" width=\"480\" height=\"640\" preload=\"metadata\" controls=\"controls\"><source type=\"video\/mp4\" src=\"https:\/\/wp.ufpel.edu.br\/soloeagua\/files\/2025\/03\/Reco-reco.mp4?_=7\" \/><a href=\"https:\/\/wp.ufpel.edu.br\/soloeagua\/files\/2025\/03\/Reco-reco.mp4\">https:\/\/wp.ufpel.edu.br\/soloeagua\/files\/2025\/03\/Reco-reco.mp4<\/a><\/video><\/div>\n<div style=\"width: 352px;\" class=\"wp-video\"><video class=\"wp-video-shortcode\" id=\"video-1230-8\" width=\"352\" height=\"448\" preload=\"metadata\" controls=\"controls\"><source type=\"video\/mp4\" src=\"https:\/\/wp.ufpel.edu.br\/soloeagua\/files\/2025\/03\/Tambor-oriental.mp4?_=8\" \/><a href=\"https:\/\/wp.ufpel.edu.br\/soloeagua\/files\/2025\/03\/Tambor-oriental.mp4\">https:\/\/wp.ufpel.edu.br\/soloeagua\/files\/2025\/03\/Tambor-oriental.mp4<\/a><\/video><\/div>\n<div style=\"width: 352px;\" class=\"wp-video\"><video class=\"wp-video-shortcode\" id=\"video-1230-9\" width=\"352\" height=\"448\" preload=\"metadata\" controls=\"controls\"><source type=\"video\/mp4\" src=\"https:\/\/wp.ufpel.edu.br\/soloeagua\/files\/2025\/03\/Tambor.mp4?_=9\" \/><a href=\"https:\/\/wp.ufpel.edu.br\/soloeagua\/files\/2025\/03\/Tambor.mp4\">https:\/\/wp.ufpel.edu.br\/soloeagua\/files\/2025\/03\/Tambor.mp4<\/a><\/video><\/div>\n","protected":false},"excerpt":{"rendered":"<p>Que tal transformar aquele material que iria para o lixo em um instrumento musical!! Com este guia pr\u00e1tico, voc\u00ea ter\u00e1 um instrumento musical \u00fanico e divertido em m\u00e3os em pouco tempo! Estas s\u00e3o apenas algumas ideias de instrumentos musicais, use&#8230; <a class=\"more-link\" href=\"https:\/\/wp.ufpel.edu.br\/soloeagua\/material-didatico-atividades-complementares\/instrumentos-musicais-com-reciclaveis\/\">Continue lendo &rarr;<\/a><\/p>\n","protected":false},"author":152,"featured_media":0,"parent":262,"menu_order":12,"comment_status":"closed","ping_status":"closed","template":"","meta":{"footnotes":""},"class_list":["post-1230","page","type-page","status-publish","hentry"],"_links":{"self":[{"href":"https:\/\/wp.ufpel.edu.br\/soloeagua\/wp-json\/wp\/v2\/pages\/1230","targetHints":{"allow":["GET"]}}],"collection":[{"href":"https:\/\/wp.ufpel.edu.br\/soloeagua\/wp-json\/wp\/v2\/pages"}],"about":[{"href":"https:\/\/wp.ufpel.edu.br\/soloeagua\/wp-json\/wp\/v2\/types\/page"}],"author":[{"embeddable":true,"href":"https:\/\/wp.ufpel.edu.br\/soloeagua\/wp-json\/wp\/v2\/users\/152"}],"replies":[{"embeddable":true,"href":"https:\/\/wp.ufpel.edu.br\/soloeagua\/wp-json\/wp\/v2\/comments?post=1230"}],"version-history":[{"count":3,"href":"https:\/\/wp.ufpel.edu.br\/soloeagua\/wp-json\/wp\/v2\/pages\/1230\/revisions"}],"predecessor-version":[{"id":1249,"href":"https:\/\/wp.ufpel.edu.br\/soloeagua\/wp-json\/wp\/v2\/pages\/1230\/revisions\/1249"}],"up":[{"embeddable":true,"href":"https:\/\/wp.ufpel.edu.br\/soloeagua\/wp-json\/wp\/v2\/pages\/262"}],"wp:attachment":[{"href":"https:\/\/wp.ufpel.edu.br\/soloeagua\/wp-json\/wp\/v2\/media?parent=1230"}],"curies":[{"name":"wp","href":"https:\/\/api.w.org\/{rel}","templated":true}]}}