{"id":32,"date":"2020-08-21T17:22:37","date_gmt":"2020-08-21T20:22:37","guid":{"rendered":"https:\/\/wp.ufpel.edu.br\/sociologiasmarginais\/?page_id=32"},"modified":"2020-08-24T15:03:56","modified_gmt":"2020-08-24T18:03:56","slug":"pesquisadores","status":"publish","type":"page","link":"https:\/\/wp.ufpel.edu.br\/sociologiasmarginais\/pesquisadores\/","title":{"rendered":"Equipe"},"content":{"rendered":"<h1 style=\"text-align: center\">COORDENADORAS\/ES<\/h1>\n<p style=\"text-align: justify\">Os membros coordenadores\/as s\u00e3o discentes do Programa de P\u00f3s-Gradua\u00e7\u00e3o em Sociologia na Universidade Federal de Pelotas.<\/p>\n<p style=\"text-align: justify\"><strong>1. <a href=\"http:\/\/lattes.cnpq.br\/5484811664118979\">Mara Beatriz Gomes<\/a>\u00a0<\/strong><strong><br \/>\n<\/strong><strong>2. <a href=\"http:\/\/lattes.cnpq.br\/8009586195819629\">Aline dos Santos Pereira<\/a><\/strong><br \/>\n<strong>3. <a href=\"http:\/\/lattes.cnpq.br\/4663997050702569\">Sandro Adams<\/a>\u00a0<\/strong><br \/>\n<strong>4. <a href=\"http:\/\/lattes.cnpq.br\/0596527475800062\">Mabielle Pedra Fanti<\/a>\u00a0<\/strong><br \/>\n<strong>5. <a href=\"http:\/\/lattes.cnpq.br\/7734647568633265\">Carolina Freitas de Oliveira Silva<\/a>\u00a0<\/strong><br \/>\n<strong>6. <a href=\"http:\/\/lattes.cnpq.br\/1296894614967680\">Luana Costa Bidigaray<\/a>\u00a0<\/strong><\/p>\n<p style=\"text-align: justify\">\n","protected":false},"excerpt":{"rendered":"<p>COORDENADORAS\/ES Os membros coordenadores\/as s\u00e3o discentes do Programa de P\u00f3s-Gradua\u00e7\u00e3o em Sociologia na Universidade Federal de Pelotas. 1. Mara Beatriz Gomes\u00a0 2. Aline dos Santos Pereira 3. Sandro Adams\u00a0 4. Mabielle Pedra Fanti\u00a0 5. Carolina Freitas de Oliveira Silva\u00a0 6. Luana Costa Bidigaray\u00a0<\/p>\n","protected":false},"author":1064,"featured_media":0,"parent":0,"menu_order":2,"comment_status":"closed","ping_status":"closed","template":"","meta":{"jetpack_post_was_ever_published":false,"footnotes":""},"class_list":["post-32","page","type-page","status-publish","hentry"],"jetpack_sharing_enabled":true,"_links":{"self":[{"href":"https:\/\/wp.ufpel.edu.br\/sociologiasmarginais\/wp-json\/wp\/v2\/pages\/32","targetHints":{"allow":["GET"]}}],"collection":[{"href":"https:\/\/wp.ufpel.edu.br\/sociologiasmarginais\/wp-json\/wp\/v2\/pages"}],"about":[{"href":"https:\/\/wp.ufpel.edu.br\/sociologiasmarginais\/wp-json\/wp\/v2\/types\/page"}],"author":[{"embeddable":true,"href":"https:\/\/wp.ufpel.edu.br\/sociologiasmarginais\/wp-json\/wp\/v2\/users\/1064"}],"replies":[{"embeddable":true,"href":"https:\/\/wp.ufpel.edu.br\/sociologiasmarginais\/wp-json\/wp\/v2\/comments?post=32"}],"version-history":[{"count":15,"href":"https:\/\/wp.ufpel.edu.br\/sociologiasmarginais\/wp-json\/wp\/v2\/pages\/32\/revisions"}],"predecessor-version":[{"id":125,"href":"https:\/\/wp.ufpel.edu.br\/sociologiasmarginais\/wp-json\/wp\/v2\/pages\/32\/revisions\/125"}],"wp:attachment":[{"href":"https:\/\/wp.ufpel.edu.br\/sociologiasmarginais\/wp-json\/wp\/v2\/media?parent=32"}],"curies":[{"name":"wp","href":"https:\/\/api.w.org\/{rel}","templated":true}]}}