{"id":27,"date":"2020-08-21T17:22:07","date_gmt":"2020-08-21T20:22:07","guid":{"rendered":"https:\/\/wp.ufpel.edu.br\/sociologiasmarginais\/?page_id=27"},"modified":"2020-08-23T01:04:02","modified_gmt":"2020-08-23T04:04:02","slug":"projeto","status":"publish","type":"page","link":"https:\/\/wp.ufpel.edu.br\/sociologiasmarginais\/projeto\/","title":{"rendered":"Projeto"},"content":{"rendered":"<h1 class=\"entry-title\" style=\"text-align: center\"><strong>PROJETO SOCIOLOGIAS MARGINAIS<\/strong><\/h1>\n<p style=\"text-align: justify\">O Projeto Sociologias Marginais parte de uma inflex\u00e3o entre as chamadas sociologias tradicionais e emergentes, buscando enfatizar a pot\u00eancia das interjei\u00e7\u00f5es, reflex\u00f5es e proposi\u00e7\u00f5es sociol\u00f3gicas situadas nas margens de discuss\u00e3o como mecanismos e estrat\u00e9gias de dinamiza\u00e7\u00e3o da realidade social.<\/p>\n<p style=\"text-align: justify\">\u00c9 neste celeiro reflexivo que se concentram as articula\u00e7\u00f5es de um grupo discente do Programa de P\u00f3s-Gradua\u00e7\u00e3o em Sociologia da UFPel (PPGS\/UFPel), que ao pensar suas perspectivas investigativas e a necessidade de adensamento te\u00f3rico-metodol\u00f3gico constitu\u00edram esta iniciativa, assentada nos eixos de ensino, pesquisa e extens\u00e3o, com \u00eanfase na extens\u00e3o.<\/p>\n<p style=\"text-align: justify\">Assim, o projeto se debru\u00e7a sobre o fomento da intera\u00e7\u00e3o entre Universidade e realidade(s) social(is), mediada pela difus\u00e3o da produ\u00e7\u00e3o acad\u00eamica em articula\u00e7\u00e3o com os diversos setores da sociedade civil (organizada ou n\u00e3o).<\/p>\n<p style=\"text-align: justify\">Tal pr\u00e1xis objetiva identificar dispositivos de tecnologias que corporifiquem medidas, arranjos e ferramentas de forma\u00e7\u00e3o rec\u00edproca, em um sentido de contribuir e estimular a transforma\u00e7\u00e3o das clivagens sociais, a partir de um olhar sociol\u00f3gico marginal, que dialoga de modo multidisciplinar com outras \u00e1reas do saber e do conhecimento.<\/p>\n<p style=\"text-align: justify\">A metodologia envolve a organiza\u00e7\u00e3o de eventos e a\u00e7\u00f5es pedag\u00f3gicas com foco em atividades extensionistas (debates, palestras, oficinas, visitas de campo, leituras dirigidas, grupos e\/ou encontro de estudos, semin\u00e1rios, entre outros), que permitam espa\u00e7os de troca e discuss\u00e3o entre academia e sociedade (extens\u00e3o-ensino e vice-versa, em c\u00edrculos conc\u00eantricos) e, posteriormente, a produ\u00e7\u00e3o t\u00e9cnico-cient\u00edfica (pesquisa) vertida a partir das an\u00e1lises\u00a0 dessas atividades, compartilhadas via publica\u00e7\u00f5es cient\u00edficas, visando contribuir para uma forma\u00e7\u00e3o cr\u00edtica.<\/p>\n<p>&nbsp;<\/p>\n","protected":false},"excerpt":{"rendered":"<p>PROJETO SOCIOLOGIAS MARGINAIS O Projeto Sociologias Marginais parte de uma inflex\u00e3o entre as chamadas sociologias tradicionais e emergentes, buscando enfatizar a pot\u00eancia das interjei\u00e7\u00f5es, reflex\u00f5es e proposi\u00e7\u00f5es sociol\u00f3gicas situadas nas margens de discuss\u00e3o como mecanismos e estrat\u00e9gias de dinamiza\u00e7\u00e3o da realidade social. \u00c9 neste celeiro reflexivo que se concentram as articula\u00e7\u00f5es de um grupo discente [&hellip;]<\/p>\n","protected":false},"author":1064,"featured_media":0,"parent":0,"menu_order":1,"comment_status":"closed","ping_status":"closed","template":"","meta":{"jetpack_post_was_ever_published":false,"footnotes":""},"class_list":["post-27","page","type-page","status-publish","hentry"],"jetpack_sharing_enabled":true,"_links":{"self":[{"href":"https:\/\/wp.ufpel.edu.br\/sociologiasmarginais\/wp-json\/wp\/v2\/pages\/27","targetHints":{"allow":["GET"]}}],"collection":[{"href":"https:\/\/wp.ufpel.edu.br\/sociologiasmarginais\/wp-json\/wp\/v2\/pages"}],"about":[{"href":"https:\/\/wp.ufpel.edu.br\/sociologiasmarginais\/wp-json\/wp\/v2\/types\/page"}],"author":[{"embeddable":true,"href":"https:\/\/wp.ufpel.edu.br\/sociologiasmarginais\/wp-json\/wp\/v2\/users\/1064"}],"replies":[{"embeddable":true,"href":"https:\/\/wp.ufpel.edu.br\/sociologiasmarginais\/wp-json\/wp\/v2\/comments?post=27"}],"version-history":[{"count":7,"href":"https:\/\/wp.ufpel.edu.br\/sociologiasmarginais\/wp-json\/wp\/v2\/pages\/27\/revisions"}],"predecessor-version":[{"id":91,"href":"https:\/\/wp.ufpel.edu.br\/sociologiasmarginais\/wp-json\/wp\/v2\/pages\/27\/revisions\/91"}],"wp:attachment":[{"href":"https:\/\/wp.ufpel.edu.br\/sociologiasmarginais\/wp-json\/wp\/v2\/media?parent=27"}],"curies":[{"name":"wp","href":"https:\/\/api.w.org\/{rel}","templated":true}]}}