{"id":136,"date":"2020-08-23T20:56:10","date_gmt":"2020-08-23T23:56:10","guid":{"rendered":"https:\/\/wp.ufpel.edu.br\/sociologiasmarginais\/?page_id=136"},"modified":"2020-11-01T01:58:53","modified_gmt":"2020-11-01T04:58:53","slug":"segundo-encontro","status":"publish","type":"page","link":"https:\/\/wp.ufpel.edu.br\/sociologiasmarginais\/leituras-dirigidas\/2020-2\/segundo-encontro\/","title":{"rendered":"Segundo encontro"},"content":{"rendered":"<h1 class=\"corTexto\" style=\"text-align: center\"><strong>Segundo encontro \u2013 Leituras dirigidas<\/strong><\/h1>\n<h4>\nO PAPEL DA CULTURA E DA CI\u00caNCIA NA (RE)PRODU\u00c7\u00c3O DO MUNDO<\/h4>\n<p><strong>EIXO DA CI\u00caNCIA<br \/>\nSegundo encontro:<\/strong>\u00a030 de setembro de 2020.<br \/>\n<strong>Hor\u00e1rio:<\/strong>\u00a010:30 \u2013 12:00.<br \/>\n<strong>Ministrante:<\/strong>\u00a0Dr. L\u00e9o Peixoto Rodrigues \u2013 PPGS\/UFPel.<br \/>\n<strong>Limite:<\/strong>\u00a030 vagas.<br \/>\n<strong>Inscri\u00e7\u00f5es:<\/strong>\u00a021\/09 a 28\/09\/2020.<br \/>\n<strong>Texto:\u00a0<\/strong>A contribui\u00e7\u00e3o da Sociologia \u00e0 compreens\u00e3o de uma epistemologia complexa da Ci\u00eancia contempor\u00e2nea.<strong><br \/>\nModalidade:<\/strong>\u00a0Online (o link ser\u00e1 enviado por e-mail para os\/as inscritos\/as).<\/p>\n<p style=\"text-align: center\"><strong>Texto<br \/>\n<a class=\"mtli_attachment mtli_pdf\" href=\"https:\/\/wp.ufpel.edu.br\/sociologiasmarginais\/files\/2020\/09\/1517-4522-soc-18-41-00024-1.pdf\" rel=\"mtli_filesize232,58kB\">A contribui\u00e7\u00e3o da Sociologia \u00e0 compreens\u00e3o de uma epistemologia complexa da Ci\u00eancia contempor\u00e2nea<\/a><br \/>\n<\/strong><strong><br \/>\n<a href=\"https:\/\/docs.google.com\/forms\/d\/e\/1FAIpQLSdScniMCwUcW4kzvlehyMHjBVUqPtOQD4wgn5MghXLbaYc3aQ\/viewform\">Formul\u00e1rio de inscri\u00e7\u00e3o<\/a><\/strong><\/p>\n<p><img class=\"alignnone size-medium wp-image-183 aligncenter\" src=\"https:\/\/wp.ufpel.edu.br\/sociologiasmarginais\/files\/2020\/09\/WhatsApp-Image-2020-09-21-at-08.12.00-283x400.jpeg\" alt=\"\" width=\"283\" height=\"400\" srcset=\"https:\/\/wp.ufpel.edu.br\/sociologiasmarginais\/files\/2020\/09\/WhatsApp-Image-2020-09-21-at-08.12.00-283x400.jpeg 283w, https:\/\/wp.ufpel.edu.br\/sociologiasmarginais\/files\/2020\/09\/WhatsApp-Image-2020-09-21-at-08.12.00-723x1024.jpeg 723w, https:\/\/wp.ufpel.edu.br\/sociologiasmarginais\/files\/2020\/09\/WhatsApp-Image-2020-09-21-at-08.12.00-768x1087.jpeg 768w, https:\/\/wp.ufpel.edu.br\/sociologiasmarginais\/files\/2020\/09\/WhatsApp-Image-2020-09-21-at-08.12.00.jpeg 904w\" sizes=\"(max-width: 283px) 100vw, 283px\" \/><\/p>\n","protected":false},"excerpt":{"rendered":"<p>Segundo encontro \u2013 Leituras dirigidas O PAPEL DA CULTURA E DA CI\u00caNCIA NA (RE)PRODU\u00c7\u00c3O DO MUNDO EIXO DA CI\u00caNCIA Segundo encontro:\u00a030 de setembro de 2020. Hor\u00e1rio:\u00a010:30 \u2013 12:00. Ministrante:\u00a0Dr. L\u00e9o Peixoto Rodrigues \u2013 PPGS\/UFPel. Limite:\u00a030 vagas. Inscri\u00e7\u00f5es:\u00a021\/09 a 28\/09\/2020. Texto:\u00a0A contribui\u00e7\u00e3o da Sociologia \u00e0 compreens\u00e3o de uma epistemologia complexa da Ci\u00eancia contempor\u00e2nea. Modalidade:\u00a0Online (o link [&hellip;]<\/p>\n","protected":false},"author":1064,"featured_media":0,"parent":126,"menu_order":2,"comment_status":"closed","ping_status":"closed","template":"","meta":{"jetpack_post_was_ever_published":false,"footnotes":""},"class_list":["post-136","page","type-page","status-publish","hentry"],"jetpack_sharing_enabled":true,"_links":{"self":[{"href":"https:\/\/wp.ufpel.edu.br\/sociologiasmarginais\/wp-json\/wp\/v2\/pages\/136","targetHints":{"allow":["GET"]}}],"collection":[{"href":"https:\/\/wp.ufpel.edu.br\/sociologiasmarginais\/wp-json\/wp\/v2\/pages"}],"about":[{"href":"https:\/\/wp.ufpel.edu.br\/sociologiasmarginais\/wp-json\/wp\/v2\/types\/page"}],"author":[{"embeddable":true,"href":"https:\/\/wp.ufpel.edu.br\/sociologiasmarginais\/wp-json\/wp\/v2\/users\/1064"}],"replies":[{"embeddable":true,"href":"https:\/\/wp.ufpel.edu.br\/sociologiasmarginais\/wp-json\/wp\/v2\/comments?post=136"}],"version-history":[{"count":3,"href":"https:\/\/wp.ufpel.edu.br\/sociologiasmarginais\/wp-json\/wp\/v2\/pages\/136\/revisions"}],"predecessor-version":[{"id":205,"href":"https:\/\/wp.ufpel.edu.br\/sociologiasmarginais\/wp-json\/wp\/v2\/pages\/136\/revisions\/205"}],"up":[{"embeddable":true,"href":"https:\/\/wp.ufpel.edu.br\/sociologiasmarginais\/wp-json\/wp\/v2\/pages\/126"}],"wp:attachment":[{"href":"https:\/\/wp.ufpel.edu.br\/sociologiasmarginais\/wp-json\/wp\/v2\/media?parent=136"}],"curies":[{"name":"wp","href":"https:\/\/api.w.org\/{rel}","templated":true}]}}